{"id":941,"date":"2019-02-21T11:33:34","date_gmt":"2019-02-21T10:33:34","guid":{"rendered":"http:\/\/equitherapie-bourgogne.fr\/?page_id=941"},"modified":"2025-03-14T10:53:56","modified_gmt":"2025-03-14T09:53:56","slug":"sejours-therapeutiques-de-ruptures","status":"publish","type":"page","link":"https:\/\/equitherapie-bourgogne.fr\/index.php\/therapie-avec-le-cheval\/sejours-therapeutiques-de-ruptures\/","title":{"rendered":"S\u00e9jours Th\u00e9rapeutiques Immersifs Avec les Chevaux"},"content":{"rendered":"<p>Nous vous proposons des s\u00e9jours th\u00e9rapeutiques immersifs avec les chevaux.<\/p>\n<p>Ces temps de r\u00e9pit sont particuli\u00e8rement adress\u00e9s aux jeunes accompagn\u00e9s pas l&rsquo;aide sociale \u00e0 l&rsquo;enfance, toutefois vous pouvez nous contacter pour d&rsquo;autres jeunes si vous le souhaitez.<\/p>\n<p>Ci-apr\u00e8s de plus amples informations :<\/p>\n<p>N&rsquo;h\u00e9sitez pas \u00e0 nous contacter au : 06 09 98 10 93 ou par mail : achevalsursoi@gmail.com<\/p>\n<p><img loading=\"lazy\" decoding=\"async\" class=\"alignnone size-full wp-image-1204\" src=\"https:\/\/equitherapie-bourgogne.fr\/wp-content\/uploads\/2019\/02\/plaquette-p1.png\" alt=\"plaquette p1\" width=\"2000\" height=\"1414\" data-id=\"1204\" srcset=\"https:\/\/equitherapie-bourgogne.fr\/wp-content\/uploads\/2019\/02\/plaquette-p1.png 2000w, https:\/\/equitherapie-bourgogne.fr\/wp-content\/uploads\/2019\/02\/plaquette-p1-849x600.png 849w, https:\/\/equitherapie-bourgogne.fr\/wp-content\/uploads\/2019\/02\/plaquette-p1-768x543.png 768w, https:\/\/equitherapie-bourgogne.fr\/wp-content\/uploads\/2019\/02\/plaquette-p1-736x520.png 736w, https:\/\/equitherapie-bourgogne.fr\/wp-content\/uploads\/2019\/02\/plaquette-p1-1170x827.png 1170w\" sizes=\"auto, (max-width: 2000px) 100vw, 2000px\" \/><img loading=\"lazy\" decoding=\"async\" class=\"alignnone size-full wp-image-1205\" src=\"https:\/\/equitherapie-bourgogne.fr\/wp-content\/uploads\/2019\/02\/plaquette-p2.png\" alt=\"plaquette p2\" width=\"2000\" height=\"1414\" data-id=\"1205\" srcset=\"https:\/\/equitherapie-bourgogne.fr\/wp-content\/uploads\/2019\/02\/plaquette-p2.png 2000w, https:\/\/equitherapie-bourgogne.fr\/wp-content\/uploads\/2019\/02\/plaquette-p2-849x600.png 849w, https:\/\/equitherapie-bourgogne.fr\/wp-content\/uploads\/2019\/02\/plaquette-p2-768x543.png 768w, https:\/\/equitherapie-bourgogne.fr\/wp-content\/uploads\/2019\/02\/plaquette-p2-736x520.png 736w, https:\/\/equitherapie-bourgogne.fr\/wp-content\/uploads\/2019\/02\/plaquette-p2-1170x827.png 1170w\" sizes=\"auto, (max-width: 2000px) 100vw, 2000px\" \/><\/p>\n<p><img loading=\"lazy\" decoding=\"async\" class=\"alignnone size-full wp-image-942\" src=\"http:\/\/equitherapie-bourgogne.fr\/wp-content\/uploads\/2019\/02\/DSC02427nn.jpg\" alt=\"DSC02427nn\" width=\"1275\" height=\"850\" data-id=\"942\" srcset=\"https:\/\/equitherapie-bourgogne.fr\/wp-content\/uploads\/2019\/02\/DSC02427nn.jpg 1275w, https:\/\/equitherapie-bourgogne.fr\/wp-content\/uploads\/2019\/02\/DSC02427nn-900x600.jpg 900w, https:\/\/equitherapie-bourgogne.fr\/wp-content\/uploads\/2019\/02\/DSC02427nn-768x512.jpg 768w, https:\/\/equitherapie-bourgogne.fr\/wp-content\/uploads\/2019\/02\/DSC02427nn-780x520.jpg 780w, https:\/\/equitherapie-bourgogne.fr\/wp-content\/uploads\/2019\/02\/DSC02427nn-1170x780.jpg 1170w\" sizes=\"auto, (max-width: 1275px) 100vw, 1275px\" \/><\/p>\n","protected":false},"excerpt":{"rendered":"<p>Nous vous proposons des s\u00e9jours th\u00e9rapeutiques immersifs avec les chevaux. Ces temps de r\u00e9pit sont particuli\u00e8rement adress\u00e9s aux jeunes accompagn\u00e9s pas l&rsquo;aide sociale \u00e0 l&rsquo;enfance, toutefois vous pouvez nous contacter pour d&rsquo;autres jeunes si vous le souhaitez. Ci-apr\u00e8s de plus&#8230;<br \/><a class=\"read-more-button\" href=\"https:\/\/equitherapie-bourgogne.fr\/index.php\/therapie-avec-le-cheval\/sejours-therapeutiques-de-ruptures\/\">Savoir plus<\/a><\/p>\n","protected":false},"author":1,"featured_media":942,"parent":17,"menu_order":3,"comment_status":"closed","ping_status":"closed","template":"","meta":{"footnotes":""},"class_list":["post-941","page","type-page","status-publish","has-post-thumbnail","hentry"],"yoast_head":"<!-- This site is optimized with the Yoast SEO plugin v24.7 - https:\/\/yoast.com\/wordpress\/plugins\/seo\/ -->\n<title>S\u00e9jours Th\u00e9rapeutiques Immersifs Avec les Chevaux - A Cheval sur Soi<\/title>\n<meta name=\"robots\" content=\"index, follow, max-snippet:-1, max-image-preview:large, max-video-preview:-1\" \/>\n<link rel=\"canonical\" href=\"https:\/\/equitherapie-bourgogne.fr\/index.php\/therapie-avec-le-cheval\/sejours-therapeutiques-de-ruptures\/\" \/>\n<meta property=\"og:locale\" content=\"fr_FR\" \/>\n<meta property=\"og:type\" content=\"article\" \/>\n<meta property=\"og:title\" content=\"S\u00e9jours Th\u00e9rapeutiques Immersifs Avec les Chevaux - A Cheval sur Soi\" \/>\n<meta property=\"og:description\" content=\"Nous vous proposons des s\u00e9jours th\u00e9rapeutiques immersifs avec les chevaux. Ces temps de r\u00e9pit sont particuli\u00e8rement adress\u00e9s aux jeunes accompagn\u00e9s pas l&rsquo;aide sociale \u00e0 l&rsquo;enfance, toutefois vous pouvez nous contacter pour d&rsquo;autres jeunes si vous le souhaitez. Ci-apr\u00e8s de plus...Savoir plus\" \/>\n<meta property=\"og:url\" content=\"https:\/\/equitherapie-bourgogne.fr\/index.php\/therapie-avec-le-cheval\/sejours-therapeutiques-de-ruptures\/\" \/>\n<meta property=\"og:site_name\" content=\"A Cheval sur Soi\" \/>\n<meta property=\"article:modified_time\" content=\"2025-03-14T09:53:56+00:00\" \/>\n<meta property=\"og:image\" content=\"https:\/\/equitherapie-bourgogne.fr\/wp-content\/uploads\/2019\/02\/DSC02427nn.jpg\" \/>\n\t<meta property=\"og:image:width\" content=\"1275\" \/>\n\t<meta property=\"og:image:height\" content=\"850\" \/>\n\t<meta property=\"og:image:type\" content=\"image\/jpeg\" \/>\n<meta name=\"twitter:card\" content=\"summary_large_image\" \/>\n<script type=\"application\/ld+json\" class=\"yoast-schema-graph\">{\"@context\":\"https:\/\/schema.org\",\"@graph\":[{\"@type\":\"WebPage\",\"@id\":\"https:\/\/equitherapie-bourgogne.fr\/index.php\/therapie-avec-le-cheval\/sejours-therapeutiques-de-ruptures\/\",\"url\":\"https:\/\/equitherapie-bourgogne.fr\/index.php\/therapie-avec-le-cheval\/sejours-therapeutiques-de-ruptures\/\",\"name\":\"S\u00e9jours Th\u00e9rapeutiques Immersifs Avec les Chevaux - A Cheval sur Soi\",\"isPartOf\":{\"@id\":\"https:\/\/equitherapie-bourgogne.fr\/#website\"},\"primaryImageOfPage\":{\"@id\":\"https:\/\/equitherapie-bourgogne.fr\/index.php\/therapie-avec-le-cheval\/sejours-therapeutiques-de-ruptures\/#primaryimage\"},\"image\":{\"@id\":\"https:\/\/equitherapie-bourgogne.fr\/index.php\/therapie-avec-le-cheval\/sejours-therapeutiques-de-ruptures\/#primaryimage\"},\"thumbnailUrl\":\"https:\/\/equitherapie-bourgogne.fr\/wp-content\/uploads\/2019\/02\/DSC02427nn.jpg\",\"datePublished\":\"2019-02-21T10:33:34+00:00\",\"dateModified\":\"2025-03-14T09:53:56+00:00\",\"breadcrumb\":{\"@id\":\"https:\/\/equitherapie-bourgogne.fr\/index.php\/therapie-avec-le-cheval\/sejours-therapeutiques-de-ruptures\/#breadcrumb\"},\"inLanguage\":\"fr-FR\",\"potentialAction\":[{\"@type\":\"ReadAction\",\"target\":[\"https:\/\/equitherapie-bourgogne.fr\/index.php\/therapie-avec-le-cheval\/sejours-therapeutiques-de-ruptures\/\"]}]},{\"@type\":\"ImageObject\",\"inLanguage\":\"fr-FR\",\"@id\":\"https:\/\/equitherapie-bourgogne.fr\/index.php\/therapie-avec-le-cheval\/sejours-therapeutiques-de-ruptures\/#primaryimage\",\"url\":\"https:\/\/equitherapie-bourgogne.fr\/wp-content\/uploads\/2019\/02\/DSC02427nn.jpg\",\"contentUrl\":\"https:\/\/equitherapie-bourgogne.fr\/wp-content\/uploads\/2019\/02\/DSC02427nn.jpg\",\"width\":1275,\"height\":850},{\"@type\":\"BreadcrumbList\",\"@id\":\"https:\/\/equitherapie-bourgogne.fr\/index.php\/therapie-avec-le-cheval\/sejours-therapeutiques-de-ruptures\/#breadcrumb\",\"itemListElement\":[{\"@type\":\"ListItem\",\"position\":1,\"name\":\"Accueil\",\"item\":\"https:\/\/equitherapie-bourgogne.fr\/\"},{\"@type\":\"ListItem\",\"position\":2,\"name\":\"Equith\u00e9rapie\",\"item\":\"https:\/\/equitherapie-bourgogne.fr\/index.php\/therapie-avec-le-cheval\/\"},{\"@type\":\"ListItem\",\"position\":3,\"name\":\"S\u00e9jours Th\u00e9rapeutiques Immersifs Avec les Chevaux\"}]},{\"@type\":\"WebSite\",\"@id\":\"https:\/\/equitherapie-bourgogne.fr\/#website\",\"url\":\"https:\/\/equitherapie-bourgogne.fr\/\",\"name\":\"A Cheval sur Soi\",\"description\":\"CENTRE \u00c9QUESTRE TRANSDISCIPLINAIRE\",\"potentialAction\":[{\"@type\":\"SearchAction\",\"target\":{\"@type\":\"EntryPoint\",\"urlTemplate\":\"https:\/\/equitherapie-bourgogne.fr\/?s={search_term_string}\"},\"query-input\":{\"@type\":\"PropertyValueSpecification\",\"valueRequired\":true,\"valueName\":\"search_term_string\"}}],\"inLanguage\":\"fr-FR\"}]}<\/script>\n<!-- \/ Yoast SEO plugin. -->","yoast_head_json":{"title":"S\u00e9jours Th\u00e9rapeutiques Immersifs Avec les Chevaux - A Cheval sur Soi","robots":{"index":"index","follow":"follow","max-snippet":"max-snippet:-1","max-image-preview":"max-image-preview:large","max-video-preview":"max-video-preview:-1"},"canonical":"https:\/\/equitherapie-bourgogne.fr\/index.php\/therapie-avec-le-cheval\/sejours-therapeutiques-de-ruptures\/","og_locale":"fr_FR","og_type":"article","og_title":"S\u00e9jours Th\u00e9rapeutiques Immersifs Avec les Chevaux - A Cheval sur Soi","og_description":"Nous vous proposons des s\u00e9jours th\u00e9rapeutiques immersifs avec les chevaux. Ces temps de r\u00e9pit sont particuli\u00e8rement adress\u00e9s aux jeunes accompagn\u00e9s pas l&rsquo;aide sociale \u00e0 l&rsquo;enfance, toutefois vous pouvez nous contacter pour d&rsquo;autres jeunes si vous le souhaitez. Ci-apr\u00e8s de plus...Savoir plus","og_url":"https:\/\/equitherapie-bourgogne.fr\/index.php\/therapie-avec-le-cheval\/sejours-therapeutiques-de-ruptures\/","og_site_name":"A Cheval sur Soi","article_modified_time":"2025-03-14T09:53:56+00:00","og_image":[{"width":1275,"height":850,"url":"https:\/\/equitherapie-bourgogne.fr\/wp-content\/uploads\/2019\/02\/DSC02427nn.jpg","type":"image\/jpeg"}],"twitter_card":"summary_large_image","schema":{"@context":"https:\/\/schema.org","@graph":[{"@type":"WebPage","@id":"https:\/\/equitherapie-bourgogne.fr\/index.php\/therapie-avec-le-cheval\/sejours-therapeutiques-de-ruptures\/","url":"https:\/\/equitherapie-bourgogne.fr\/index.php\/therapie-avec-le-cheval\/sejours-therapeutiques-de-ruptures\/","name":"S\u00e9jours Th\u00e9rapeutiques Immersifs Avec les Chevaux - A Cheval sur Soi","isPartOf":{"@id":"https:\/\/equitherapie-bourgogne.fr\/#website"},"primaryImageOfPage":{"@id":"https:\/\/equitherapie-bourgogne.fr\/index.php\/therapie-avec-le-cheval\/sejours-therapeutiques-de-ruptures\/#primaryimage"},"image":{"@id":"https:\/\/equitherapie-bourgogne.fr\/index.php\/therapie-avec-le-cheval\/sejours-therapeutiques-de-ruptures\/#primaryimage"},"thumbnailUrl":"https:\/\/equitherapie-bourgogne.fr\/wp-content\/uploads\/2019\/02\/DSC02427nn.jpg","datePublished":"2019-02-21T10:33:34+00:00","dateModified":"2025-03-14T09:53:56+00:00","breadcrumb":{"@id":"https:\/\/equitherapie-bourgogne.fr\/index.php\/therapie-avec-le-cheval\/sejours-therapeutiques-de-ruptures\/#breadcrumb"},"inLanguage":"fr-FR","potentialAction":[{"@type":"ReadAction","target":["https:\/\/equitherapie-bourgogne.fr\/index.php\/therapie-avec-le-cheval\/sejours-therapeutiques-de-ruptures\/"]}]},{"@type":"ImageObject","inLanguage":"fr-FR","@id":"https:\/\/equitherapie-bourgogne.fr\/index.php\/therapie-avec-le-cheval\/sejours-therapeutiques-de-ruptures\/#primaryimage","url":"https:\/\/equitherapie-bourgogne.fr\/wp-content\/uploads\/2019\/02\/DSC02427nn.jpg","contentUrl":"https:\/\/equitherapie-bourgogne.fr\/wp-content\/uploads\/2019\/02\/DSC02427nn.jpg","width":1275,"height":850},{"@type":"BreadcrumbList","@id":"https:\/\/equitherapie-bourgogne.fr\/index.php\/therapie-avec-le-cheval\/sejours-therapeutiques-de-ruptures\/#breadcrumb","itemListElement":[{"@type":"ListItem","position":1,"name":"Accueil","item":"https:\/\/equitherapie-bourgogne.fr\/"},{"@type":"ListItem","position":2,"name":"Equith\u00e9rapie","item":"https:\/\/equitherapie-bourgogne.fr\/index.php\/therapie-avec-le-cheval\/"},{"@type":"ListItem","position":3,"name":"S\u00e9jours Th\u00e9rapeutiques Immersifs Avec les Chevaux"}]},{"@type":"WebSite","@id":"https:\/\/equitherapie-bourgogne.fr\/#website","url":"https:\/\/equitherapie-bourgogne.fr\/","name":"A Cheval sur Soi","description":"CENTRE \u00c9QUESTRE TRANSDISCIPLINAIRE","potentialAction":[{"@type":"SearchAction","target":{"@type":"EntryPoint","urlTemplate":"https:\/\/equitherapie-bourgogne.fr\/?s={search_term_string}"},"query-input":{"@type":"PropertyValueSpecification","valueRequired":true,"valueName":"search_term_string"}}],"inLanguage":"fr-FR"}]}},"_links":{"self":[{"href":"https:\/\/equitherapie-bourgogne.fr\/index.php\/wp-json\/wp\/v2\/pages\/941","targetHints":{"allow":["GET"]}}],"collection":[{"href":"https:\/\/equitherapie-bourgogne.fr\/index.php\/wp-json\/wp\/v2\/pages"}],"about":[{"href":"https:\/\/equitherapie-bourgogne.fr\/index.php\/wp-json\/wp\/v2\/types\/page"}],"author":[{"embeddable":true,"href":"https:\/\/equitherapie-bourgogne.fr\/index.php\/wp-json\/wp\/v2\/users\/1"}],"replies":[{"embeddable":true,"href":"https:\/\/equitherapie-bourgogne.fr\/index.php\/wp-json\/wp\/v2\/comments?post=941"}],"version-history":[{"count":6,"href":"https:\/\/equitherapie-bourgogne.fr\/index.php\/wp-json\/wp\/v2\/pages\/941\/revisions"}],"predecessor-version":[{"id":1217,"href":"https:\/\/equitherapie-bourgogne.fr\/index.php\/wp-json\/wp\/v2\/pages\/941\/revisions\/1217"}],"up":[{"embeddable":true,"href":"https:\/\/equitherapie-bourgogne.fr\/index.php\/wp-json\/wp\/v2\/pages\/17"}],"wp:featuredmedia":[{"embeddable":true,"href":"https:\/\/equitherapie-bourgogne.fr\/index.php\/wp-json\/wp\/v2\/media\/942"}],"wp:attachment":[{"href":"https:\/\/equitherapie-bourgogne.fr\/index.php\/wp-json\/wp\/v2\/media?parent=941"}],"curies":[{"name":"wp","href":"https:\/\/api.w.org\/{rel}","templated":true}]}}