{"id":93,"date":"2016-11-03T05:55:47","date_gmt":"2016-11-03T04:55:47","guid":{"rendered":"http:\/\/equitherapie-bourgogne.fr\/?page_id=93"},"modified":"2018-04-12T14:59:00","modified_gmt":"2018-04-12T12:59:00","slug":"centre-equestre","status":"publish","type":"page","link":"https:\/\/equitherapie-bourgogne.fr\/index.php\/lequitherapie-en-bourgogne\/centre-equestre\/","title":{"rendered":"Installations du centre \u00e9questre"},"content":{"rendered":"<div id=\"pl-93\"  class=\"panel-layout\" ><div id=\"pg-93-0\"  class=\"panel-grid panel-no-style\" ><div id=\"pgc-93-0-0\"  class=\"panel-grid-cell\" ><div id=\"panel-93-0-0-0\" class=\"so-panel widget widget_sow-editor panel-first-child\" data-index=\"0\" ><div\n\t\t\t\n\t\t\tclass=\"so-widget-sow-editor so-widget-sow-editor-base\"\n\t\t\t\n\t\t>\n<div class=\"siteorigin-widget-tinymce textwidget\">\n\t<p>Une vingtaine d\u2019hectares autour du centre equestre permet \u00e0 nos 22 chevaux et poneys d\u2019avoir assez d\u2019espace pour vivre en libert\u00e9 \u00e0 l\u2019ann\u00e9e.<\/p>\n<p>Dix box offrent la possibilit\u00e9 aux temps mauvais de rentrer les plus frileux et de proposer des pensions box\/pr\u00e9 \u00e0 ceux qui le d\u00e9sirent.<\/p>\n<p>Des abris dans les pr\u00e9s sont aussi \u00e0 disposition des chevaux ainsi qu\u2019une stabulation de quatre places.<\/p>\n<p>Pour le travail \u00e0 l\u2019abri, un man\u00e8ge couvert de 15x20m nous permet d\u2019\u00eatre en confort pour les mois d\u2019hiver.<\/p>\n<p>Une carri\u00e8re 20x30m est aussi \u00e0 notre disposition.<\/p>\n<p>Quand \u00e0 l\u2019environnement global, le centre est au c\u0153ur d\u2019un \u00e9crin de campagne pr\u00e9serv\u00e9e, tout proche de la for\u00eat Morvandelle.<\/p>\n<p>\u00a0<\/p>\n<p>Nous avons \u00e9galement \u00e0 disposition deux salles de travail et de r\u00e9union.<\/p>\n<\/div>\n<\/div><\/div><div id=\"panel-93-0-0-1\" class=\"so-panel widget widget_sow-slider panel-last-child\" data-index=\"1\" ><div\n\t\t\t\n\t\t\tclass=\"so-widget-sow-slider so-widget-sow-slider-default-6d39609536fd-93\"\n\t\t\t\n\t\t>\t\t\t\t<div class=\"sow-slider-base\" style=\"display: none\" tabindex=\"0\">\n\t\t\t\t\t<ul\n\t\t\t\t\tclass=\"sow-slider-images\"\n\t\t\t\t\tdata-settings=\"{&quot;pagination&quot;:true,&quot;speed&quot;:800,&quot;timeout&quot;:8000,&quot;paused&quot;:false,&quot;pause_on_hover&quot;:false,&quot;swipe&quot;:true,&quot;nav_always_show_desktop&quot;:&quot;&quot;,&quot;nav_always_show_mobile&quot;:&quot;&quot;,&quot;breakpoint&quot;:&quot;780px&quot;,&quot;unmute&quot;:false,&quot;anchor&quot;:null}\"\n\t\t\t\t\t\t\t\t\t\tdata-anchor-id=\"\"\n\t\t\t\t>\t\t<li class=\"sow-slider-image\" style=\"visibility: visible;\" >\n\t\t\t\t\t\t<img loading=\"lazy\" decoding=\"async\" width=\"960\" height=\"600\" src=\"https:\/\/equitherapie-bourgogne.fr\/wp-content\/uploads\/2017\/02\/Installations-Centre-equestre-960x600.jpg\" class=\"sow-slider-background-image\" alt=\"\" style=\"\" srcset=\"https:\/\/equitherapie-bourgogne.fr\/wp-content\/uploads\/2017\/02\/Installations-Centre-equestre-960x600.jpg 960w, https:\/\/equitherapie-bourgogne.fr\/wp-content\/uploads\/2017\/02\/Installations-Centre-equestre-960x600-768x480.jpg 768w\" sizes=\"auto, (max-width: 960px) 100vw, 960px\" \/>\t\t<\/li>\n\t\t\t\t<li class=\"sow-slider-image\" style=\"visibility: hidden;\" >\n\t\t\t\t\t\t<img loading=\"lazy\" decoding=\"async\" width=\"960\" height=\"600\" src=\"https:\/\/equitherapie-bourgogne.fr\/wp-content\/uploads\/2017\/02\/Installations-Affichage960x600.jpg\" class=\"sow-slider-background-image\" alt=\"\" style=\"\" srcset=\"https:\/\/equitherapie-bourgogne.fr\/wp-content\/uploads\/2017\/02\/Installations-Affichage960x600.jpg 960w, https:\/\/equitherapie-bourgogne.fr\/wp-content\/uploads\/2017\/02\/Installations-Affichage960x600-768x480.jpg 768w\" sizes=\"auto, (max-width: 960px) 100vw, 960px\" \/>\t\t<\/li>\n\t\t\t\t<li class=\"sow-slider-image\" style=\"visibility: hidden;\" >\n\t\t\t\t\t\t<img loading=\"lazy\" decoding=\"async\" width=\"960\" height=\"600\" src=\"https:\/\/equitherapie-bourgogne.fr\/wp-content\/uploads\/2017\/02\/Installations-Entree-960x600.jpg\" class=\"sow-slider-background-image\" alt=\"\" style=\"\" srcset=\"https:\/\/equitherapie-bourgogne.fr\/wp-content\/uploads\/2017\/02\/Installations-Entree-960x600.jpg 960w, https:\/\/equitherapie-bourgogne.fr\/wp-content\/uploads\/2017\/02\/Installations-Entree-960x600-768x480.jpg 768w\" sizes=\"auto, (max-width: 960px) 100vw, 960px\" \/>\t\t<\/li>\n\t\t\t\t<li class=\"sow-slider-image\" style=\"visibility: hidden;\" >\n\t\t\t\t\t\t<img loading=\"lazy\" decoding=\"async\" width=\"960\" height=\"600\" src=\"https:\/\/equitherapie-bourgogne.fr\/wp-content\/uploads\/2017\/02\/Installations-chevaux-960x600.jpg\" class=\"sow-slider-background-image\" alt=\"\" style=\"\" srcset=\"https:\/\/equitherapie-bourgogne.fr\/wp-content\/uploads\/2017\/02\/Installations-chevaux-960x600.jpg 960w, https:\/\/equitherapie-bourgogne.fr\/wp-content\/uploads\/2017\/02\/Installations-chevaux-960x600-768x480.jpg 768w\" sizes=\"auto, (max-width: 960px) 100vw, 960px\" \/>\t\t<\/li>\n\t\t\t\t<li class=\"sow-slider-image\" style=\"visibility: hidden;\" >\n\t\t\t\t\t\t<img loading=\"lazy\" decoding=\"async\" width=\"960\" height=\"600\" src=\"https:\/\/equitherapie-bourgogne.fr\/wp-content\/uploads\/2017\/02\/Installations-boxes-960x600-.jpg\" class=\"sow-slider-background-image\" alt=\"\" style=\"\" srcset=\"https:\/\/equitherapie-bourgogne.fr\/wp-content\/uploads\/2017\/02\/Installations-boxes-960x600-.jpg 960w, https:\/\/equitherapie-bourgogne.fr\/wp-content\/uploads\/2017\/02\/Installations-boxes-960x600--768x480.jpg 768w\" sizes=\"auto, (max-width: 960px) 100vw, 960px\" \/>\t\t<\/li>\n\t\t\t\t<li class=\"sow-slider-image\" style=\"visibility: hidden;\" >\n\t\t\t\t\t\t<img loading=\"lazy\" decoding=\"async\" width=\"960\" height=\"600\" src=\"https:\/\/equitherapie-bourgogne.fr\/wp-content\/uploads\/2017\/02\/Installations-boxes-960x600.jpg\" class=\"sow-slider-background-image\" alt=\"\" style=\"\" srcset=\"https:\/\/equitherapie-bourgogne.fr\/wp-content\/uploads\/2017\/02\/Installations-boxes-960x600.jpg 960w, https:\/\/equitherapie-bourgogne.fr\/wp-content\/uploads\/2017\/02\/Installations-boxes-960x600-768x480.jpg 768w\" sizes=\"auto, (max-width: 960px) 100vw, 960px\" \/>\t\t<\/li>\n\t\t<\/ul>\t\t\t\t<ol class=\"sow-slider-pagination\">\n\t\t\t\t\t\t\t\t\t\t\t<li><a href=\"#\" data-goto=\"0\" aria-label=\"Display slide 1\"><\/a><\/li>\n\t\t\t\t\t\t\t\t\t\t\t<li><a href=\"#\" data-goto=\"1\" aria-label=\"Display slide 2\"><\/a><\/li>\n\t\t\t\t\t\t\t\t\t\t\t<li><a href=\"#\" data-goto=\"2\" aria-label=\"Display slide 3\"><\/a><\/li>\n\t\t\t\t\t\t\t\t\t\t\t<li><a href=\"#\" data-goto=\"3\" aria-label=\"Display slide 4\"><\/a><\/li>\n\t\t\t\t\t\t\t\t\t\t\t<li><a href=\"#\" data-goto=\"4\" aria-label=\"Display slide 5\"><\/a><\/li>\n\t\t\t\t\t\t\t\t\t\t\t<li><a href=\"#\" data-goto=\"5\" aria-label=\"Display slide 6\"><\/a><\/li>\n\t\t\t\t\t\t\t\t\t<\/ol>\n\n\t\t\t\t<div class=\"sow-slide-nav sow-slide-nav-next\">\n\t\t\t\t\t<a href=\"#\" data-goto=\"next\" aria-label=\"Next slide\" data-action=\"next\">\n\t\t\t\t\t\t<em class=\"sow-sld-icon-thin-right\"><\/em>\n\t\t\t\t\t<\/a>\n\t\t\t\t<\/div>\n\n\t\t\t\t<div class=\"sow-slide-nav sow-slide-nav-prev\">\n\t\t\t\t\t<a href=\"#\" data-goto=\"previous\" aria-label=\"Previous slide\" data-action=\"prev\">\n\t\t\t\t\t\t<em class=\"sow-sld-icon-thin-left\"><\/em>\n\t\t\t\t\t<\/a>\n\t\t\t\t<\/div>\n\t\t\t\t<\/div><\/div><\/div><\/div><\/div><\/div>","protected":false},"excerpt":{"rendered":"<p>Une vingtaine d\u2019hectares autour du centre equestre permet \u00e0 nos 22 chevaux et poneys d\u2019avoir assez d\u2019espace pour vivre en libert\u00e9 \u00e0 l\u2019ann\u00e9e.Dix box offrent la possibilit\u00e9 aux temps mauvais de rentrer les plus frileux et de proposer des pensions&#8230;<br \/><a class=\"read-more-button\" href=\"https:\/\/equitherapie-bourgogne.fr\/index.php\/lequitherapie-en-bourgogne\/centre-equestre\/\">Savoir plus<\/a><\/p>\n","protected":false},"author":1,"featured_media":0,"parent":19,"menu_order":50,"comment_status":"closed","ping_status":"closed","template":"template-full-width.php","meta":{"footnotes":""},"class_list":["post-93","page","type-page","status-publish","hentry"],"yoast_head":"<!-- This site is optimized with the Yoast SEO plugin v24.7 - https:\/\/yoast.com\/wordpress\/plugins\/seo\/ -->\n<title>Les installations du centre equestre A Cheval Sur soi<\/title>\n<meta name=\"description\" content=\"Le centre equestre A Cheval Sur Soi est \u00e9quip\u00e9 des installations qui ouvrent un bel \u00e9ventail d&#039;activit\u00e9s autour du cheval\" \/>\n<meta name=\"robots\" content=\"index, follow, max-snippet:-1, max-image-preview:large, max-video-preview:-1\" \/>\n<link rel=\"canonical\" href=\"https:\/\/equitherapie-bourgogne.fr\/index.php\/lequitherapie-en-bourgogne\/centre-equestre\/\" \/>\n<meta property=\"og:locale\" content=\"fr_FR\" \/>\n<meta property=\"og:type\" content=\"article\" \/>\n<meta property=\"og:title\" content=\"Les installations du centre equestre A Cheval Sur soi\" \/>\n<meta property=\"og:description\" content=\"Le centre equestre A Cheval Sur Soi est \u00e9quip\u00e9 des installations qui ouvrent un bel \u00e9ventail d&#039;activit\u00e9s autour du cheval\" \/>\n<meta property=\"og:url\" content=\"https:\/\/equitherapie-bourgogne.fr\/index.php\/lequitherapie-en-bourgogne\/centre-equestre\/\" \/>\n<meta property=\"og:site_name\" content=\"A Cheval sur Soi\" \/>\n<meta property=\"article:modified_time\" content=\"2018-04-12T12:59:00+00:00\" \/>\n<meta property=\"og:image\" content=\"http:\/\/equitherapie-bourgogne.fr\/wp-content\/uploads\/2017\/02\/Installations-Centre-equestre-960x600.jpg\" \/>\n<meta name=\"twitter:card\" content=\"summary_large_image\" \/>\n<meta name=\"twitter:label1\" content=\"Dur\u00e9e de lecture estim\u00e9e\" \/>\n\t<meta name=\"twitter:data1\" content=\"1 minute\" \/>\n<script type=\"application\/ld+json\" class=\"yoast-schema-graph\">{\"@context\":\"https:\/\/schema.org\",\"@graph\":[{\"@type\":\"WebPage\",\"@id\":\"https:\/\/equitherapie-bourgogne.fr\/index.php\/lequitherapie-en-bourgogne\/centre-equestre\/\",\"url\":\"https:\/\/equitherapie-bourgogne.fr\/index.php\/lequitherapie-en-bourgogne\/centre-equestre\/\",\"name\":\"Les installations du centre equestre A Cheval Sur soi\",\"isPartOf\":{\"@id\":\"https:\/\/equitherapie-bourgogne.fr\/#website\"},\"primaryImageOfPage\":{\"@id\":\"https:\/\/equitherapie-bourgogne.fr\/index.php\/lequitherapie-en-bourgogne\/centre-equestre\/#primaryimage\"},\"image\":{\"@id\":\"https:\/\/equitherapie-bourgogne.fr\/index.php\/lequitherapie-en-bourgogne\/centre-equestre\/#primaryimage\"},\"thumbnailUrl\":\"http:\/\/equitherapie-bourgogne.fr\/wp-content\/uploads\/2017\/02\/Installations-Centre-equestre-960x600.jpg\",\"datePublished\":\"2016-11-03T04:55:47+00:00\",\"dateModified\":\"2018-04-12T12:59:00+00:00\",\"description\":\"Le centre equestre A Cheval Sur Soi est \u00e9quip\u00e9 des installations qui ouvrent un bel \u00e9ventail d'activit\u00e9s autour du cheval\",\"breadcrumb\":{\"@id\":\"https:\/\/equitherapie-bourgogne.fr\/index.php\/lequitherapie-en-bourgogne\/centre-equestre\/#breadcrumb\"},\"inLanguage\":\"fr-FR\",\"potentialAction\":[{\"@type\":\"ReadAction\",\"target\":[\"https:\/\/equitherapie-bourgogne.fr\/index.php\/lequitherapie-en-bourgogne\/centre-equestre\/\"]}]},{\"@type\":\"ImageObject\",\"inLanguage\":\"fr-FR\",\"@id\":\"https:\/\/equitherapie-bourgogne.fr\/index.php\/lequitherapie-en-bourgogne\/centre-equestre\/#primaryimage\",\"url\":\"http:\/\/equitherapie-bourgogne.fr\/wp-content\/uploads\/2017\/02\/Installations-Centre-equestre-960x600.jpg\",\"contentUrl\":\"http:\/\/equitherapie-bourgogne.fr\/wp-content\/uploads\/2017\/02\/Installations-Centre-equestre-960x600.jpg\"},{\"@type\":\"BreadcrumbList\",\"@id\":\"https:\/\/equitherapie-bourgogne.fr\/index.php\/lequitherapie-en-bourgogne\/centre-equestre\/#breadcrumb\",\"itemListElement\":[{\"@type\":\"ListItem\",\"position\":1,\"name\":\"Accueil\",\"item\":\"https:\/\/equitherapie-bourgogne.fr\/\"},{\"@type\":\"ListItem\",\"position\":2,\"name\":\"A Cheval Sur Soi\",\"item\":\"https:\/\/equitherapie-bourgogne.fr\/\"},{\"@type\":\"ListItem\",\"position\":3,\"name\":\"Installations du centre \u00e9questre\"}]},{\"@type\":\"WebSite\",\"@id\":\"https:\/\/equitherapie-bourgogne.fr\/#website\",\"url\":\"https:\/\/equitherapie-bourgogne.fr\/\",\"name\":\"A Cheval sur Soi\",\"description\":\"CENTRE \u00c9QUESTRE TRANSDISCIPLINAIRE\",\"potentialAction\":[{\"@type\":\"SearchAction\",\"target\":{\"@type\":\"EntryPoint\",\"urlTemplate\":\"https:\/\/equitherapie-bourgogne.fr\/?s={search_term_string}\"},\"query-input\":{\"@type\":\"PropertyValueSpecification\",\"valueRequired\":true,\"valueName\":\"search_term_string\"}}],\"inLanguage\":\"fr-FR\"}]}<\/script>\n<!-- \/ Yoast SEO plugin. -->","yoast_head_json":{"title":"Les installations du centre equestre A Cheval Sur soi","description":"Le centre equestre A Cheval Sur Soi est \u00e9quip\u00e9 des installations qui ouvrent un bel \u00e9ventail d'activit\u00e9s autour du cheval","robots":{"index":"index","follow":"follow","max-snippet":"max-snippet:-1","max-image-preview":"max-image-preview:large","max-video-preview":"max-video-preview:-1"},"canonical":"https:\/\/equitherapie-bourgogne.fr\/index.php\/lequitherapie-en-bourgogne\/centre-equestre\/","og_locale":"fr_FR","og_type":"article","og_title":"Les installations du centre equestre A Cheval Sur soi","og_description":"Le centre equestre A Cheval Sur Soi est \u00e9quip\u00e9 des installations qui ouvrent un bel \u00e9ventail d'activit\u00e9s autour du cheval","og_url":"https:\/\/equitherapie-bourgogne.fr\/index.php\/lequitherapie-en-bourgogne\/centre-equestre\/","og_site_name":"A Cheval sur Soi","article_modified_time":"2018-04-12T12:59:00+00:00","og_image":[{"url":"http:\/\/equitherapie-bourgogne.fr\/wp-content\/uploads\/2017\/02\/Installations-Centre-equestre-960x600.jpg","type":"","width":"","height":""}],"twitter_card":"summary_large_image","twitter_misc":{"Dur\u00e9e de lecture estim\u00e9e":"1 minute"},"schema":{"@context":"https:\/\/schema.org","@graph":[{"@type":"WebPage","@id":"https:\/\/equitherapie-bourgogne.fr\/index.php\/lequitherapie-en-bourgogne\/centre-equestre\/","url":"https:\/\/equitherapie-bourgogne.fr\/index.php\/lequitherapie-en-bourgogne\/centre-equestre\/","name":"Les installations du centre equestre A Cheval Sur soi","isPartOf":{"@id":"https:\/\/equitherapie-bourgogne.fr\/#website"},"primaryImageOfPage":{"@id":"https:\/\/equitherapie-bourgogne.fr\/index.php\/lequitherapie-en-bourgogne\/centre-equestre\/#primaryimage"},"image":{"@id":"https:\/\/equitherapie-bourgogne.fr\/index.php\/lequitherapie-en-bourgogne\/centre-equestre\/#primaryimage"},"thumbnailUrl":"http:\/\/equitherapie-bourgogne.fr\/wp-content\/uploads\/2017\/02\/Installations-Centre-equestre-960x600.jpg","datePublished":"2016-11-03T04:55:47+00:00","dateModified":"2018-04-12T12:59:00+00:00","description":"Le centre equestre A Cheval Sur Soi est \u00e9quip\u00e9 des installations qui ouvrent un bel \u00e9ventail d'activit\u00e9s autour du cheval","breadcrumb":{"@id":"https:\/\/equitherapie-bourgogne.fr\/index.php\/lequitherapie-en-bourgogne\/centre-equestre\/#breadcrumb"},"inLanguage":"fr-FR","potentialAction":[{"@type":"ReadAction","target":["https:\/\/equitherapie-bourgogne.fr\/index.php\/lequitherapie-en-bourgogne\/centre-equestre\/"]}]},{"@type":"ImageObject","inLanguage":"fr-FR","@id":"https:\/\/equitherapie-bourgogne.fr\/index.php\/lequitherapie-en-bourgogne\/centre-equestre\/#primaryimage","url":"http:\/\/equitherapie-bourgogne.fr\/wp-content\/uploads\/2017\/02\/Installations-Centre-equestre-960x600.jpg","contentUrl":"http:\/\/equitherapie-bourgogne.fr\/wp-content\/uploads\/2017\/02\/Installations-Centre-equestre-960x600.jpg"},{"@type":"BreadcrumbList","@id":"https:\/\/equitherapie-bourgogne.fr\/index.php\/lequitherapie-en-bourgogne\/centre-equestre\/#breadcrumb","itemListElement":[{"@type":"ListItem","position":1,"name":"Accueil","item":"https:\/\/equitherapie-bourgogne.fr\/"},{"@type":"ListItem","position":2,"name":"A Cheval Sur Soi","item":"https:\/\/equitherapie-bourgogne.fr\/"},{"@type":"ListItem","position":3,"name":"Installations du centre \u00e9questre"}]},{"@type":"WebSite","@id":"https:\/\/equitherapie-bourgogne.fr\/#website","url":"https:\/\/equitherapie-bourgogne.fr\/","name":"A Cheval sur Soi","description":"CENTRE \u00c9QUESTRE TRANSDISCIPLINAIRE","potentialAction":[{"@type":"SearchAction","target":{"@type":"EntryPoint","urlTemplate":"https:\/\/equitherapie-bourgogne.fr\/?s={search_term_string}"},"query-input":{"@type":"PropertyValueSpecification","valueRequired":true,"valueName":"search_term_string"}}],"inLanguage":"fr-FR"}]}},"_links":{"self":[{"href":"https:\/\/equitherapie-bourgogne.fr\/index.php\/wp-json\/wp\/v2\/pages\/93","targetHints":{"allow":["GET"]}}],"collection":[{"href":"https:\/\/equitherapie-bourgogne.fr\/index.php\/wp-json\/wp\/v2\/pages"}],"about":[{"href":"https:\/\/equitherapie-bourgogne.fr\/index.php\/wp-json\/wp\/v2\/types\/page"}],"author":[{"embeddable":true,"href":"https:\/\/equitherapie-bourgogne.fr\/index.php\/wp-json\/wp\/v2\/users\/1"}],"replies":[{"embeddable":true,"href":"https:\/\/equitherapie-bourgogne.fr\/index.php\/wp-json\/wp\/v2\/comments?post=93"}],"version-history":[{"count":10,"href":"https:\/\/equitherapie-bourgogne.fr\/index.php\/wp-json\/wp\/v2\/pages\/93\/revisions"}],"predecessor-version":[{"id":747,"href":"https:\/\/equitherapie-bourgogne.fr\/index.php\/wp-json\/wp\/v2\/pages\/93\/revisions\/747"}],"up":[{"embeddable":true,"href":"https:\/\/equitherapie-bourgogne.fr\/index.php\/wp-json\/wp\/v2\/pages\/19"}],"wp:attachment":[{"href":"https:\/\/equitherapie-bourgogne.fr\/index.php\/wp-json\/wp\/v2\/media?parent=93"}],"curies":[{"name":"wp","href":"https:\/\/api.w.org\/{rel}","templated":true}]}}