{"id":87,"date":"2016-11-03T05:44:00","date_gmt":"2016-11-03T04:44:00","guid":{"rendered":"http:\/\/equitherapie-bourgogne.fr\/?page_id=87"},"modified":"2018-04-12T14:57:58","modified_gmt":"2018-04-12T12:57:58","slug":"philosophie","status":"publish","type":"page","link":"https:\/\/equitherapie-bourgogne.fr\/index.php\/lequitherapie-en-bourgogne\/philosophie\/","title":{"rendered":"Philosophie et \u00e9thique"},"content":{"rendered":"<h2><strong>Respect de l&rsquo;individu dans sa globalit\u00e9\u00a0<\/strong><\/h2>\n<p>Chaque personne est accueillie au centre en tant que personne \u00e0 part enti\u00e8re et non en tant que sympt\u00f4me. La restauration de la s\u00e9curit\u00e9 affective est l&rsquo;objectif premier, en ce sens, nous ne visons en aucun cas la performance mais plut\u00f4t l\u2019\u00e9mergence des habilit\u00e9s enfouies par diverses probl\u00e9matiques.<\/p>\n<h2><strong>Formation des professionnels et comp\u00e9tences n\u00e9cessaires <\/strong><\/h2>\n<p>Chaque membre de l&rsquo;\u00e9quipe, de part sa formation, offre une palette d&rsquo;outils diversifi\u00e9s recoupant le th\u00e9rapeutique, le social,\u00a0 l&rsquo;\u00e9ducatif et le domaine \u00e9questre. Leurs diff\u00e9rents parcours ont permis l&rsquo;acquisition d&rsquo;un v\u00e9ritable regard clinique assurant la qualit\u00e9 des prestations.<\/p>\n<p>Ils ont tous exp\u00e9riment\u00e9s la relation corps \u00e0 corps avec le mouvement du cheval, essentielle \u00e0 la construction de la posture professionnel.<\/p>\n<p>En parall\u00e8le, nous travaillons en partenariat avec diverses institutions du secteur. De plus, nous sommes en lien avec l&rsquo;universit\u00e9 de Dijon et nous participons r\u00e9guli\u00e8rement \u00e0 des colloques et des congr\u00e8s sur la m\u00e9diation animale. Ces diff\u00e9rents liens ainsi que la formation continue nous permettent de r\u00e9interroger constamment nos pratiques.<\/p>\n<h2><strong>Condition de vie et de travail des chevaux<br \/>\n<\/strong><\/h2>\n<p>Chaque \u00ab\u00a0individu cheval\u00a0\u00bb avec lequel nous travaillons se doit d&rsquo;\u00eatre respect\u00e9 dans ses dimensions corporelles et psychiques. Au centre, chacune de leurs qualit\u00e9s est mise au service de nos besoins \u00e9ducatifs et th\u00e9rapeutiques. Le respect de leurs besoins fondamentaux (\u00e9thogramme)\u00a0: vie au pr\u00e9, en troupeau est notre condition n\u00e9cessaire pour que le cheval soit r\u00e9ceptif et disponible \u00e0 l\u2019humain et \u00e0 ce qu\u2019il lui propose. Ce respect mutuel permet de travailler en toute s\u00e9curit\u00e9. Ici le \u00ab\u00a0moule\u00a0\u00bb n&rsquo;existe pas. Dans l&rsquo;\u00e9ducation des chevaux nous veillons \u00e0 garder intact le caract\u00e8re sp\u00e9cifique de chaque cheval ce qui nous permet d&rsquo;avoir une large offre d\u2019hypoth\u00e8ses de travail en miroir des personnes porteuses de toutes sortes de probl\u00e9matiques.<\/p>\n","protected":false},"excerpt":{"rendered":"<p>Respect de l&rsquo;individu dans sa globalit\u00e9\u00a0 Chaque personne est accueillie au centre en tant que personne \u00e0 part enti\u00e8re et non en tant que sympt\u00f4me. La restauration de la s\u00e9curit\u00e9 affective est l&rsquo;objectif premier, en ce sens, nous ne visons&#8230;<br \/><a class=\"read-more-button\" href=\"https:\/\/equitherapie-bourgogne.fr\/index.php\/lequitherapie-en-bourgogne\/philosophie\/\">Savoir plus<\/a><\/p>\n","protected":false},"author":1,"featured_media":210,"parent":19,"menu_order":0,"comment_status":"closed","ping_status":"closed","template":"template-full-width.php","meta":{"footnotes":""},"class_list":["post-87","page","type-page","status-publish","has-post-thumbnail","hentry"],"yoast_head":"<!-- This site is optimized with the Yoast SEO plugin v24.7 - https:\/\/yoast.com\/wordpress\/plugins\/seo\/ -->\n<title>Philosophie et \u00e9thique - A Cheval sur Soi<\/title>\n<meta name=\"description\" content=\"La philosophie et l&#039;\u00e9thique de notre centre \u00e9questre : respect des personnes et des chevaux\" \/>\n<meta name=\"robots\" content=\"index, follow, max-snippet:-1, max-image-preview:large, max-video-preview:-1\" \/>\n<link rel=\"canonical\" href=\"https:\/\/equitherapie-bourgogne.fr\/index.php\/lequitherapie-en-bourgogne\/philosophie\/\" \/>\n<meta property=\"og:locale\" content=\"fr_FR\" \/>\n<meta property=\"og:type\" content=\"article\" \/>\n<meta property=\"og:title\" content=\"Philosophie et \u00e9thique - A Cheval sur Soi\" \/>\n<meta property=\"og:description\" content=\"La philosophie et l&#039;\u00e9thique de notre centre \u00e9questre : respect des personnes et des chevaux\" \/>\n<meta property=\"og:url\" content=\"https:\/\/equitherapie-bourgogne.fr\/index.php\/lequitherapie-en-bourgogne\/philosophie\/\" \/>\n<meta property=\"og:site_name\" content=\"A Cheval sur Soi\" \/>\n<meta property=\"article:modified_time\" content=\"2018-04-12T12:57:58+00:00\" \/>\n<meta property=\"og:image\" content=\"https:\/\/equitherapie-bourgogne.fr\/wp-content\/uploads\/2016\/11\/Chevaux-Blancs-1800x500.jpg\" \/>\n\t<meta property=\"og:image:width\" content=\"1800\" \/>\n\t<meta property=\"og:image:height\" content=\"520\" \/>\n\t<meta property=\"og:image:type\" content=\"image\/jpeg\" \/>\n<meta name=\"twitter:card\" content=\"summary_large_image\" \/>\n<meta name=\"twitter:label1\" content=\"Dur\u00e9e de lecture estim\u00e9e\" \/>\n\t<meta name=\"twitter:data1\" content=\"2 minutes\" \/>\n<script type=\"application\/ld+json\" class=\"yoast-schema-graph\">{\"@context\":\"https:\/\/schema.org\",\"@graph\":[{\"@type\":\"WebPage\",\"@id\":\"https:\/\/equitherapie-bourgogne.fr\/index.php\/lequitherapie-en-bourgogne\/philosophie\/\",\"url\":\"https:\/\/equitherapie-bourgogne.fr\/index.php\/lequitherapie-en-bourgogne\/philosophie\/\",\"name\":\"Philosophie et \u00e9thique - A Cheval sur Soi\",\"isPartOf\":{\"@id\":\"https:\/\/equitherapie-bourgogne.fr\/#website\"},\"primaryImageOfPage\":{\"@id\":\"https:\/\/equitherapie-bourgogne.fr\/index.php\/lequitherapie-en-bourgogne\/philosophie\/#primaryimage\"},\"image\":{\"@id\":\"https:\/\/equitherapie-bourgogne.fr\/index.php\/lequitherapie-en-bourgogne\/philosophie\/#primaryimage\"},\"thumbnailUrl\":\"https:\/\/equitherapie-bourgogne.fr\/wp-content\/uploads\/2016\/11\/Chevaux-Blancs-1800x500.jpg\",\"datePublished\":\"2016-11-03T04:44:00+00:00\",\"dateModified\":\"2018-04-12T12:57:58+00:00\",\"description\":\"La philosophie et l'\u00e9thique de notre centre \u00e9questre : respect des personnes et des chevaux\",\"breadcrumb\":{\"@id\":\"https:\/\/equitherapie-bourgogne.fr\/index.php\/lequitherapie-en-bourgogne\/philosophie\/#breadcrumb\"},\"inLanguage\":\"fr-FR\",\"potentialAction\":[{\"@type\":\"ReadAction\",\"target\":[\"https:\/\/equitherapie-bourgogne.fr\/index.php\/lequitherapie-en-bourgogne\/philosophie\/\"]}]},{\"@type\":\"ImageObject\",\"inLanguage\":\"fr-FR\",\"@id\":\"https:\/\/equitherapie-bourgogne.fr\/index.php\/lequitherapie-en-bourgogne\/philosophie\/#primaryimage\",\"url\":\"https:\/\/equitherapie-bourgogne.fr\/wp-content\/uploads\/2016\/11\/Chevaux-Blancs-1800x500.jpg\",\"contentUrl\":\"https:\/\/equitherapie-bourgogne.fr\/wp-content\/uploads\/2016\/11\/Chevaux-Blancs-1800x500.jpg\",\"width\":1800,\"height\":520},{\"@type\":\"BreadcrumbList\",\"@id\":\"https:\/\/equitherapie-bourgogne.fr\/index.php\/lequitherapie-en-bourgogne\/philosophie\/#breadcrumb\",\"itemListElement\":[{\"@type\":\"ListItem\",\"position\":1,\"name\":\"Accueil\",\"item\":\"https:\/\/equitherapie-bourgogne.fr\/\"},{\"@type\":\"ListItem\",\"position\":2,\"name\":\"A Cheval Sur Soi\",\"item\":\"https:\/\/equitherapie-bourgogne.fr\/\"},{\"@type\":\"ListItem\",\"position\":3,\"name\":\"Philosophie et \u00e9thique\"}]},{\"@type\":\"WebSite\",\"@id\":\"https:\/\/equitherapie-bourgogne.fr\/#website\",\"url\":\"https:\/\/equitherapie-bourgogne.fr\/\",\"name\":\"A Cheval sur Soi\",\"description\":\"CENTRE \u00c9QUESTRE TRANSDISCIPLINAIRE\",\"potentialAction\":[{\"@type\":\"SearchAction\",\"target\":{\"@type\":\"EntryPoint\",\"urlTemplate\":\"https:\/\/equitherapie-bourgogne.fr\/?s={search_term_string}\"},\"query-input\":{\"@type\":\"PropertyValueSpecification\",\"valueRequired\":true,\"valueName\":\"search_term_string\"}}],\"inLanguage\":\"fr-FR\"}]}<\/script>\n<!-- \/ Yoast SEO plugin. -->","yoast_head_json":{"title":"Philosophie et \u00e9thique - A Cheval sur Soi","description":"La philosophie et l'\u00e9thique de notre centre \u00e9questre : respect des personnes et des chevaux","robots":{"index":"index","follow":"follow","max-snippet":"max-snippet:-1","max-image-preview":"max-image-preview:large","max-video-preview":"max-video-preview:-1"},"canonical":"https:\/\/equitherapie-bourgogne.fr\/index.php\/lequitherapie-en-bourgogne\/philosophie\/","og_locale":"fr_FR","og_type":"article","og_title":"Philosophie et \u00e9thique - A Cheval sur Soi","og_description":"La philosophie et l'\u00e9thique de notre centre \u00e9questre : respect des personnes et des chevaux","og_url":"https:\/\/equitherapie-bourgogne.fr\/index.php\/lequitherapie-en-bourgogne\/philosophie\/","og_site_name":"A Cheval sur Soi","article_modified_time":"2018-04-12T12:57:58+00:00","og_image":[{"width":1800,"height":520,"url":"https:\/\/equitherapie-bourgogne.fr\/wp-content\/uploads\/2016\/11\/Chevaux-Blancs-1800x500.jpg","type":"image\/jpeg"}],"twitter_card":"summary_large_image","twitter_misc":{"Dur\u00e9e de lecture estim\u00e9e":"2 minutes"},"schema":{"@context":"https:\/\/schema.org","@graph":[{"@type":"WebPage","@id":"https:\/\/equitherapie-bourgogne.fr\/index.php\/lequitherapie-en-bourgogne\/philosophie\/","url":"https:\/\/equitherapie-bourgogne.fr\/index.php\/lequitherapie-en-bourgogne\/philosophie\/","name":"Philosophie et \u00e9thique - A Cheval sur Soi","isPartOf":{"@id":"https:\/\/equitherapie-bourgogne.fr\/#website"},"primaryImageOfPage":{"@id":"https:\/\/equitherapie-bourgogne.fr\/index.php\/lequitherapie-en-bourgogne\/philosophie\/#primaryimage"},"image":{"@id":"https:\/\/equitherapie-bourgogne.fr\/index.php\/lequitherapie-en-bourgogne\/philosophie\/#primaryimage"},"thumbnailUrl":"https:\/\/equitherapie-bourgogne.fr\/wp-content\/uploads\/2016\/11\/Chevaux-Blancs-1800x500.jpg","datePublished":"2016-11-03T04:44:00+00:00","dateModified":"2018-04-12T12:57:58+00:00","description":"La philosophie et l'\u00e9thique de notre centre \u00e9questre : respect des personnes et des chevaux","breadcrumb":{"@id":"https:\/\/equitherapie-bourgogne.fr\/index.php\/lequitherapie-en-bourgogne\/philosophie\/#breadcrumb"},"inLanguage":"fr-FR","potentialAction":[{"@type":"ReadAction","target":["https:\/\/equitherapie-bourgogne.fr\/index.php\/lequitherapie-en-bourgogne\/philosophie\/"]}]},{"@type":"ImageObject","inLanguage":"fr-FR","@id":"https:\/\/equitherapie-bourgogne.fr\/index.php\/lequitherapie-en-bourgogne\/philosophie\/#primaryimage","url":"https:\/\/equitherapie-bourgogne.fr\/wp-content\/uploads\/2016\/11\/Chevaux-Blancs-1800x500.jpg","contentUrl":"https:\/\/equitherapie-bourgogne.fr\/wp-content\/uploads\/2016\/11\/Chevaux-Blancs-1800x500.jpg","width":1800,"height":520},{"@type":"BreadcrumbList","@id":"https:\/\/equitherapie-bourgogne.fr\/index.php\/lequitherapie-en-bourgogne\/philosophie\/#breadcrumb","itemListElement":[{"@type":"ListItem","position":1,"name":"Accueil","item":"https:\/\/equitherapie-bourgogne.fr\/"},{"@type":"ListItem","position":2,"name":"A Cheval Sur Soi","item":"https:\/\/equitherapie-bourgogne.fr\/"},{"@type":"ListItem","position":3,"name":"Philosophie et \u00e9thique"}]},{"@type":"WebSite","@id":"https:\/\/equitherapie-bourgogne.fr\/#website","url":"https:\/\/equitherapie-bourgogne.fr\/","name":"A Cheval sur Soi","description":"CENTRE \u00c9QUESTRE TRANSDISCIPLINAIRE","potentialAction":[{"@type":"SearchAction","target":{"@type":"EntryPoint","urlTemplate":"https:\/\/equitherapie-bourgogne.fr\/?s={search_term_string}"},"query-input":{"@type":"PropertyValueSpecification","valueRequired":true,"valueName":"search_term_string"}}],"inLanguage":"fr-FR"}]}},"_links":{"self":[{"href":"https:\/\/equitherapie-bourgogne.fr\/index.php\/wp-json\/wp\/v2\/pages\/87","targetHints":{"allow":["GET"]}}],"collection":[{"href":"https:\/\/equitherapie-bourgogne.fr\/index.php\/wp-json\/wp\/v2\/pages"}],"about":[{"href":"https:\/\/equitherapie-bourgogne.fr\/index.php\/wp-json\/wp\/v2\/types\/page"}],"author":[{"embeddable":true,"href":"https:\/\/equitherapie-bourgogne.fr\/index.php\/wp-json\/wp\/v2\/users\/1"}],"replies":[{"embeddable":true,"href":"https:\/\/equitherapie-bourgogne.fr\/index.php\/wp-json\/wp\/v2\/comments?post=87"}],"version-history":[{"count":4,"href":"https:\/\/equitherapie-bourgogne.fr\/index.php\/wp-json\/wp\/v2\/pages\/87\/revisions"}],"predecessor-version":[{"id":746,"href":"https:\/\/equitherapie-bourgogne.fr\/index.php\/wp-json\/wp\/v2\/pages\/87\/revisions\/746"}],"up":[{"embeddable":true,"href":"https:\/\/equitherapie-bourgogne.fr\/index.php\/wp-json\/wp\/v2\/pages\/19"}],"wp:featuredmedia":[{"embeddable":true,"href":"https:\/\/equitherapie-bourgogne.fr\/index.php\/wp-json\/wp\/v2\/media\/210"}],"wp:attachment":[{"href":"https:\/\/equitherapie-bourgogne.fr\/index.php\/wp-json\/wp\/v2\/media?parent=87"}],"curies":[{"name":"wp","href":"https:\/\/api.w.org\/{rel}","templated":true}]}}