{"id":58,"date":"2016-10-02T21:42:57","date_gmt":"2016-10-02T19:42:57","guid":{"rendered":"http:\/\/equitherapie-bourgogne.fr\/?page_id=58"},"modified":"2025-03-15T13:42:08","modified_gmt":"2025-03-15T12:42:08","slug":"des-professionnels-pour-leur-sante","status":"publish","type":"page","link":"https:\/\/equitherapie-bourgogne.fr\/index.php\/chevaux\/des-professionnels-pour-leur-sante\/","title":{"rendered":"Des professionnels pour leur sant\u00e9"},"content":{"rendered":"<h2>Des professionnels pour leur sant\u00e9<\/h2>\n<p>Nous sommes assist\u00e9s par diff\u00e9rents professionnels du soin pour veiller \u00e0 la compl\u00e8te sant\u00e9 de nos chevaux. Ils sont tous dans leur partie des hommes dont l\u2019exp\u00e9rience les a mis sur un chemin de r\u00e9flexion sans cesse revisit\u00e9.<\/p>\n<ul>\n<li><span style=\"text-decoration: underline;\">G\u00e9rard Picard<\/span> :<em> ost\u00e9opathe \u00e9quin<\/em><\/li>\n<li><span style=\"text-decoration: underline;\">Chrystophe Gourdet<\/span> : <em>pareur<\/em><\/li>\n<li><span style=\"text-decoration: underline;\">J\u00e9rome Brunault<\/span> : <em>v\u00e9t\u00e9rinaire hom\u00e9opathe<\/em><\/li>\n<li><span style=\"text-decoration: underline;\">Yoan Welles<\/span> : <em>dentiste \u00e9quin<\/em><\/li>\n<li><span style=\"text-decoration: underline;\">Pierre DUBOURQ<\/span>, fondateur de la soci\u00e9t\u00e9 SYMBIOPOLE \u00e0 Pr\u00e9cy-sous-Til, sponsorise l&rsquo;association, en fournissant gracieusement tous les compl\u00e9ments alimentaires, condiments min\u00e9raux organiques, suppl\u00e9ments nutritionnels et produits d\u2019hygi\u00e8ne.<\/li>\n<\/ul>\n<p style=\"text-align: right;\"><a href=\"http:\/\/\n<\/p>\n","protected":false},"excerpt":{"rendered":"<p>Des professionnels pour leur sant\u00e9 Nous sommes assist\u00e9s par diff\u00e9rents professionnels du soin pour veiller \u00e0 la compl\u00e8te sant\u00e9 de nos chevaux. Ils sont tous dans leur partie des hommes dont l\u2019exp\u00e9rience les a mis sur un chemin de r\u00e9flexion&#8230;<br \/><a class=\"read-more-button\" href=\"https:\/\/equitherapie-bourgogne.fr\/index.php\/chevaux\/des-professionnels-pour-leur-sante\/\">Savoir plus<\/a><\/p>\n","protected":false},"author":1,"featured_media":0,"parent":6,"menu_order":13,"comment_status":"closed","ping_status":"closed","template":"template-full-width.php","meta":{"footnotes":""},"class_list":["post-58","page","type-page","status-publish","hentry"],"yoast_head":"<!-- This site is optimized with the Yoast SEO plugin v24.7 - https:\/\/yoast.com\/wordpress\/plugins\/seo\/ -->\n<title>Des professionnels pour leur sant\u00e9 - A Cheval sur Soi<\/title>\n<meta name=\"robots\" content=\"index, follow, max-snippet:-1, max-image-preview:large, max-video-preview:-1\" \/>\n<link rel=\"canonical\" href=\"https:\/\/equitherapie-bourgogne.fr\/index.php\/chevaux\/des-professionnels-pour-leur-sante\/\" \/>\n<meta property=\"og:locale\" content=\"fr_FR\" \/>\n<meta property=\"og:type\" content=\"article\" \/>\n<meta property=\"og:title\" content=\"Des professionnels pour leur sant\u00e9 - A Cheval sur Soi\" \/>\n<meta property=\"og:description\" content=\"Des professionnels pour leur sant\u00e9 Nous sommes assist\u00e9s par diff\u00e9rents professionnels du soin pour veiller \u00e0 la compl\u00e8te sant\u00e9 de nos chevaux. Ils sont tous dans leur partie des hommes dont l\u2019exp\u00e9rience les a mis sur un chemin de r\u00e9flexion...Savoir plus\" \/>\n<meta property=\"og:url\" content=\"https:\/\/equitherapie-bourgogne.fr\/index.php\/chevaux\/des-professionnels-pour-leur-sante\/\" \/>\n<meta property=\"og:site_name\" content=\"A Cheval sur Soi\" \/>\n<meta property=\"article:modified_time\" content=\"2025-03-15T12:42:08+00:00\" \/>\n<meta name=\"twitter:card\" content=\"summary_large_image\" \/>\n<meta name=\"twitter:label1\" content=\"Dur\u00e9e de lecture estim\u00e9e\" \/>\n\t<meta name=\"twitter:data1\" content=\"1 minute\" \/>\n<script type=\"application\/ld+json\" class=\"yoast-schema-graph\">{\"@context\":\"https:\/\/schema.org\",\"@graph\":[{\"@type\":\"WebPage\",\"@id\":\"https:\/\/equitherapie-bourgogne.fr\/index.php\/chevaux\/des-professionnels-pour-leur-sante\/\",\"url\":\"https:\/\/equitherapie-bourgogne.fr\/index.php\/chevaux\/des-professionnels-pour-leur-sante\/\",\"name\":\"Des professionnels pour leur sant\u00e9 - A Cheval sur Soi\",\"isPartOf\":{\"@id\":\"https:\/\/equitherapie-bourgogne.fr\/#website\"},\"datePublished\":\"2016-10-02T19:42:57+00:00\",\"dateModified\":\"2025-03-15T12:42:08+00:00\",\"breadcrumb\":{\"@id\":\"https:\/\/equitherapie-bourgogne.fr\/index.php\/chevaux\/des-professionnels-pour-leur-sante\/#breadcrumb\"},\"inLanguage\":\"fr-FR\",\"potentialAction\":[{\"@type\":\"ReadAction\",\"target\":[\"https:\/\/equitherapie-bourgogne.fr\/index.php\/chevaux\/des-professionnels-pour-leur-sante\/\"]}]},{\"@type\":\"BreadcrumbList\",\"@id\":\"https:\/\/equitherapie-bourgogne.fr\/index.php\/chevaux\/des-professionnels-pour-leur-sante\/#breadcrumb\",\"itemListElement\":[{\"@type\":\"ListItem\",\"position\":1,\"name\":\"Accueil\",\"item\":\"https:\/\/equitherapie-bourgogne.fr\/\"},{\"@type\":\"ListItem\",\"position\":2,\"name\":\"Les chevaux\",\"item\":\"https:\/\/equitherapie-bourgogne.fr\/index.php\/chevaux\/\"},{\"@type\":\"ListItem\",\"position\":3,\"name\":\"Des professionnels pour leur sant\u00e9\"}]},{\"@type\":\"WebSite\",\"@id\":\"https:\/\/equitherapie-bourgogne.fr\/#website\",\"url\":\"https:\/\/equitherapie-bourgogne.fr\/\",\"name\":\"A Cheval sur Soi\",\"description\":\"CENTRE \u00c9QUESTRE TRANSDISCIPLINAIRE\",\"potentialAction\":[{\"@type\":\"SearchAction\",\"target\":{\"@type\":\"EntryPoint\",\"urlTemplate\":\"https:\/\/equitherapie-bourgogne.fr\/?s={search_term_string}\"},\"query-input\":{\"@type\":\"PropertyValueSpecification\",\"valueRequired\":true,\"valueName\":\"search_term_string\"}}],\"inLanguage\":\"fr-FR\"}]}<\/script>\n<!-- \/ Yoast SEO plugin. -->","yoast_head_json":{"title":"Des professionnels pour leur sant\u00e9 - A Cheval sur Soi","robots":{"index":"index","follow":"follow","max-snippet":"max-snippet:-1","max-image-preview":"max-image-preview:large","max-video-preview":"max-video-preview:-1"},"canonical":"https:\/\/equitherapie-bourgogne.fr\/index.php\/chevaux\/des-professionnels-pour-leur-sante\/","og_locale":"fr_FR","og_type":"article","og_title":"Des professionnels pour leur sant\u00e9 - A Cheval sur Soi","og_description":"Des professionnels pour leur sant\u00e9 Nous sommes assist\u00e9s par diff\u00e9rents professionnels du soin pour veiller \u00e0 la compl\u00e8te sant\u00e9 de nos chevaux. Ils sont tous dans leur partie des hommes dont l\u2019exp\u00e9rience les a mis sur un chemin de r\u00e9flexion...Savoir plus","og_url":"https:\/\/equitherapie-bourgogne.fr\/index.php\/chevaux\/des-professionnels-pour-leur-sante\/","og_site_name":"A Cheval sur Soi","article_modified_time":"2025-03-15T12:42:08+00:00","twitter_card":"summary_large_image","twitter_misc":{"Dur\u00e9e de lecture estim\u00e9e":"1 minute"},"schema":{"@context":"https:\/\/schema.org","@graph":[{"@type":"WebPage","@id":"https:\/\/equitherapie-bourgogne.fr\/index.php\/chevaux\/des-professionnels-pour-leur-sante\/","url":"https:\/\/equitherapie-bourgogne.fr\/index.php\/chevaux\/des-professionnels-pour-leur-sante\/","name":"Des professionnels pour leur sant\u00e9 - A Cheval sur Soi","isPartOf":{"@id":"https:\/\/equitherapie-bourgogne.fr\/#website"},"datePublished":"2016-10-02T19:42:57+00:00","dateModified":"2025-03-15T12:42:08+00:00","breadcrumb":{"@id":"https:\/\/equitherapie-bourgogne.fr\/index.php\/chevaux\/des-professionnels-pour-leur-sante\/#breadcrumb"},"inLanguage":"fr-FR","potentialAction":[{"@type":"ReadAction","target":["https:\/\/equitherapie-bourgogne.fr\/index.php\/chevaux\/des-professionnels-pour-leur-sante\/"]}]},{"@type":"BreadcrumbList","@id":"https:\/\/equitherapie-bourgogne.fr\/index.php\/chevaux\/des-professionnels-pour-leur-sante\/#breadcrumb","itemListElement":[{"@type":"ListItem","position":1,"name":"Accueil","item":"https:\/\/equitherapie-bourgogne.fr\/"},{"@type":"ListItem","position":2,"name":"Les chevaux","item":"https:\/\/equitherapie-bourgogne.fr\/index.php\/chevaux\/"},{"@type":"ListItem","position":3,"name":"Des professionnels pour leur sant\u00e9"}]},{"@type":"WebSite","@id":"https:\/\/equitherapie-bourgogne.fr\/#website","url":"https:\/\/equitherapie-bourgogne.fr\/","name":"A Cheval sur Soi","description":"CENTRE \u00c9QUESTRE TRANSDISCIPLINAIRE","potentialAction":[{"@type":"SearchAction","target":{"@type":"EntryPoint","urlTemplate":"https:\/\/equitherapie-bourgogne.fr\/?s={search_term_string}"},"query-input":{"@type":"PropertyValueSpecification","valueRequired":true,"valueName":"search_term_string"}}],"inLanguage":"fr-FR"}]}},"_links":{"self":[{"href":"https:\/\/equitherapie-bourgogne.fr\/index.php\/wp-json\/wp\/v2\/pages\/58","targetHints":{"allow":["GET"]}}],"collection":[{"href":"https:\/\/equitherapie-bourgogne.fr\/index.php\/wp-json\/wp\/v2\/pages"}],"about":[{"href":"https:\/\/equitherapie-bourgogne.fr\/index.php\/wp-json\/wp\/v2\/types\/page"}],"author":[{"embeddable":true,"href":"https:\/\/equitherapie-bourgogne.fr\/index.php\/wp-json\/wp\/v2\/users\/1"}],"replies":[{"embeddable":true,"href":"https:\/\/equitherapie-bourgogne.fr\/index.php\/wp-json\/wp\/v2\/comments?post=58"}],"version-history":[{"count":9,"href":"https:\/\/equitherapie-bourgogne.fr\/index.php\/wp-json\/wp\/v2\/pages\/58\/revisions"}],"predecessor-version":[{"id":1234,"href":"https:\/\/equitherapie-bourgogne.fr\/index.php\/wp-json\/wp\/v2\/pages\/58\/revisions\/1234"}],"up":[{"embeddable":true,"href":"https:\/\/equitherapie-bourgogne.fr\/index.php\/wp-json\/wp\/v2\/pages\/6"}],"wp:attachment":[{"href":"https:\/\/equitherapie-bourgogne.fr\/index.php\/wp-json\/wp\/v2\/media?parent=58"}],"curies":[{"name":"wp","href":"https:\/\/api.w.org\/{rel}","templated":true}]}}