{"id":568,"date":"2017-06-20T11:52:16","date_gmt":"2017-06-20T09:52:16","guid":{"rendered":"http:\/\/equitherapie-bourgogne.fr\/?page_id=568"},"modified":"2017-06-20T11:53:32","modified_gmt":"2017-06-20T09:53:32","slug":"intervention-en","status":"publish","type":"page","link":"https:\/\/equitherapie-bourgogne.fr\/index.php\/intervention-en\/","title":{"rendered":"Workshop M\u00e1ster en intervenci\u00f3n Terap\u00e9utica Asistida con Caballos Girona."},"content":{"rendered":"<table>\n<tbody>\n<tr>\n<td>\u00a0La FENTAC tisse des liens avec les universit\u00e9s europ\u00e9ennes comme celle de Girona en Espagne. Nathalie Frilley s&rsquo;y est rendu pour y faire un workshop le week-end du 10 juin \u00a02017. Le th\u00e8me \u00e9tait :\u00a0travail du cheval m\u00e9diateur en regard de la posture th\u00e9rapeutique. La collaboration avec le \u00ab\u00a0M\u00e1ster en intervenci\u00f3n Terap\u00e9utica Asistida con Caballos\u00a0\u00bb s&rsquo;enrichira de nouveaux \u00e9changes autour d&rsquo;un groupe d&rsquo;une vingtaine de personnes.<\/p>\n<p><img loading=\"lazy\" decoding=\"async\" class=\"alignnone size-full wp-image-569\" src=\"http:\/\/equitherapie-bourgogne.fr\/wp-content\/uploads\/2017\/06\/P1130484.jpg\" alt=\"P1130484\" width=\"3072\" height=\"2304\" data-id=\"569\" srcset=\"https:\/\/equitherapie-bourgogne.fr\/wp-content\/uploads\/2017\/06\/P1130484.jpg 3072w, https:\/\/equitherapie-bourgogne.fr\/wp-content\/uploads\/2017\/06\/P1130484-800x600.jpg 800w, https:\/\/equitherapie-bourgogne.fr\/wp-content\/uploads\/2017\/06\/P1130484-768x576.jpg 768w, https:\/\/equitherapie-bourgogne.fr\/wp-content\/uploads\/2017\/06\/P1130484-693x520.jpg 693w, https:\/\/equitherapie-bourgogne.fr\/wp-content\/uploads\/2017\/06\/P1130484-1170x878.jpg 1170w\" sizes=\"auto, (max-width: 3072px) 100vw, 3072px\" \/> <img loading=\"lazy\" decoding=\"async\" class=\"alignnone size-full wp-image-570\" src=\"http:\/\/equitherapie-bourgogne.fr\/wp-content\/uploads\/2017\/06\/P1130489.jpg\" alt=\"P1130489\" width=\"3072\" height=\"2304\" data-id=\"570\" srcset=\"https:\/\/equitherapie-bourgogne.fr\/wp-content\/uploads\/2017\/06\/P1130489.jpg 3072w, https:\/\/equitherapie-bourgogne.fr\/wp-content\/uploads\/2017\/06\/P1130489-800x600.jpg 800w, https:\/\/equitherapie-bourgogne.fr\/wp-content\/uploads\/2017\/06\/P1130489-768x576.jpg 768w, https:\/\/equitherapie-bourgogne.fr\/wp-content\/uploads\/2017\/06\/P1130489-693x520.jpg 693w, https:\/\/equitherapie-bourgogne.fr\/wp-content\/uploads\/2017\/06\/P1130489-1170x878.jpg 1170w\" sizes=\"auto, (max-width: 3072px) 100vw, 3072px\" \/><\/p>\n<p>Fundaci\u00f3 Privada Universitat de Girona\u00a0:Innovaci\u00f3 i Formaci\u00f3<\/p>\n<p><b><strong>Parc Cient\u00edfic i Tecnol\u00f2gic de la Universitat de Girona<\/strong><\/b><\/p>\n<p><b><strong>Centre d\u2019Empreses \u2013 Giroempr\u00e8n<\/strong><\/b><\/p>\n<p>N.I.F.: G-17318080<\/p>\n<p>Pic de Peguera, 11<\/p>\n<p>17003 Girona<\/td>\n<\/tr>\n<\/tbody>\n<\/table>\n","protected":false},"excerpt":{"rendered":"<p>\u00a0La FENTAC tisse des liens avec les universit\u00e9s europ\u00e9ennes comme celle de Girona en Espagne. Nathalie Frilley s&rsquo;y est rendu pour y faire un workshop le week-end du 10 juin \u00a02017. Le th\u00e8me \u00e9tait :\u00a0travail du cheval m\u00e9diateur en regard&#8230;<br \/><a class=\"read-more-button\" href=\"https:\/\/equitherapie-bourgogne.fr\/index.php\/intervention-en\/\">Savoir plus<\/a><\/p>\n","protected":false},"author":1,"featured_media":0,"parent":0,"menu_order":0,"comment_status":"closed","ping_status":"closed","template":"","meta":{"footnotes":""},"class_list":["post-568","page","type-page","status-publish","hentry"],"yoast_head":"<!-- This site is optimized with the Yoast SEO plugin v24.7 - https:\/\/yoast.com\/wordpress\/plugins\/seo\/ -->\n<title>Workshop M\u00e1ster en intervenci\u00f3n Terap\u00e9utica Asistida con Caballos Girona. - A Cheval sur Soi<\/title>\n<meta name=\"robots\" content=\"index, follow, max-snippet:-1, max-image-preview:large, max-video-preview:-1\" \/>\n<link rel=\"canonical\" href=\"https:\/\/equitherapie-bourgogne.fr\/index.php\/intervention-en\/\" \/>\n<meta property=\"og:locale\" content=\"fr_FR\" \/>\n<meta property=\"og:type\" content=\"article\" \/>\n<meta property=\"og:title\" content=\"Workshop M\u00e1ster en intervenci\u00f3n Terap\u00e9utica Asistida con Caballos Girona. - A Cheval sur Soi\" \/>\n<meta property=\"og:description\" content=\"\u00a0La FENTAC tisse des liens avec les universit\u00e9s europ\u00e9ennes comme celle de Girona en Espagne. Nathalie Frilley s&rsquo;y est rendu pour y faire un workshop le week-end du 10 juin \u00a02017. Le th\u00e8me \u00e9tait :\u00a0travail du cheval m\u00e9diateur en regard...Savoir plus\" \/>\n<meta property=\"og:url\" content=\"https:\/\/equitherapie-bourgogne.fr\/index.php\/intervention-en\/\" \/>\n<meta property=\"og:site_name\" content=\"A Cheval sur Soi\" \/>\n<meta property=\"article:modified_time\" content=\"2017-06-20T09:53:32+00:00\" \/>\n<meta property=\"og:image\" content=\"https:\/\/equitherapie-bourgogne.fr\/wp-content\/uploads\/2017\/06\/P1130484-693x520.jpg\" \/>\n\t<meta property=\"og:image:width\" content=\"693\" \/>\n\t<meta property=\"og:image:height\" content=\"520\" \/>\n\t<meta property=\"og:image:type\" content=\"image\/jpeg\" \/>\n<meta name=\"twitter:card\" content=\"summary_large_image\" \/>\n<meta name=\"twitter:label1\" content=\"Dur\u00e9e de lecture estim\u00e9e\" \/>\n\t<meta name=\"twitter:data1\" content=\"1 minute\" \/>\n<script type=\"application\/ld+json\" class=\"yoast-schema-graph\">{\"@context\":\"https:\/\/schema.org\",\"@graph\":[{\"@type\":\"WebPage\",\"@id\":\"https:\/\/equitherapie-bourgogne.fr\/index.php\/intervention-en\/\",\"url\":\"https:\/\/equitherapie-bourgogne.fr\/index.php\/intervention-en\/\",\"name\":\"Workshop M\u00e1ster en intervenci\u00f3n Terap\u00e9utica Asistida con Caballos Girona. - A Cheval sur Soi\",\"isPartOf\":{\"@id\":\"https:\/\/equitherapie-bourgogne.fr\/#website\"},\"primaryImageOfPage\":{\"@id\":\"https:\/\/equitherapie-bourgogne.fr\/index.php\/intervention-en\/#primaryimage\"},\"image\":{\"@id\":\"https:\/\/equitherapie-bourgogne.fr\/index.php\/intervention-en\/#primaryimage\"},\"thumbnailUrl\":\"http:\/\/equitherapie-bourgogne.fr\/wp-content\/uploads\/2017\/06\/P1130484.jpg\",\"datePublished\":\"2017-06-20T09:52:16+00:00\",\"dateModified\":\"2017-06-20T09:53:32+00:00\",\"breadcrumb\":{\"@id\":\"https:\/\/equitherapie-bourgogne.fr\/index.php\/intervention-en\/#breadcrumb\"},\"inLanguage\":\"fr-FR\",\"potentialAction\":[{\"@type\":\"ReadAction\",\"target\":[\"https:\/\/equitherapie-bourgogne.fr\/index.php\/intervention-en\/\"]}]},{\"@type\":\"ImageObject\",\"inLanguage\":\"fr-FR\",\"@id\":\"https:\/\/equitherapie-bourgogne.fr\/index.php\/intervention-en\/#primaryimage\",\"url\":\"http:\/\/equitherapie-bourgogne.fr\/wp-content\/uploads\/2017\/06\/P1130484.jpg\",\"contentUrl\":\"http:\/\/equitherapie-bourgogne.fr\/wp-content\/uploads\/2017\/06\/P1130484.jpg\"},{\"@type\":\"BreadcrumbList\",\"@id\":\"https:\/\/equitherapie-bourgogne.fr\/index.php\/intervention-en\/#breadcrumb\",\"itemListElement\":[{\"@type\":\"ListItem\",\"position\":1,\"name\":\"Accueil\",\"item\":\"https:\/\/equitherapie-bourgogne.fr\/\"},{\"@type\":\"ListItem\",\"position\":2,\"name\":\"Workshop M\u00e1ster en intervenci\u00f3n Terap\u00e9utica Asistida con Caballos Girona.\"}]},{\"@type\":\"WebSite\",\"@id\":\"https:\/\/equitherapie-bourgogne.fr\/#website\",\"url\":\"https:\/\/equitherapie-bourgogne.fr\/\",\"name\":\"A Cheval sur Soi\",\"description\":\"CENTRE \u00c9QUESTRE TRANSDISCIPLINAIRE\",\"potentialAction\":[{\"@type\":\"SearchAction\",\"target\":{\"@type\":\"EntryPoint\",\"urlTemplate\":\"https:\/\/equitherapie-bourgogne.fr\/?s={search_term_string}\"},\"query-input\":{\"@type\":\"PropertyValueSpecification\",\"valueRequired\":true,\"valueName\":\"search_term_string\"}}],\"inLanguage\":\"fr-FR\"}]}<\/script>\n<!-- \/ Yoast SEO plugin. -->","yoast_head_json":{"title":"Workshop M\u00e1ster en intervenci\u00f3n Terap\u00e9utica Asistida con Caballos Girona. - A Cheval sur Soi","robots":{"index":"index","follow":"follow","max-snippet":"max-snippet:-1","max-image-preview":"max-image-preview:large","max-video-preview":"max-video-preview:-1"},"canonical":"https:\/\/equitherapie-bourgogne.fr\/index.php\/intervention-en\/","og_locale":"fr_FR","og_type":"article","og_title":"Workshop M\u00e1ster en intervenci\u00f3n Terap\u00e9utica Asistida con Caballos Girona. - A Cheval sur Soi","og_description":"\u00a0La FENTAC tisse des liens avec les universit\u00e9s europ\u00e9ennes comme celle de Girona en Espagne. Nathalie Frilley s&rsquo;y est rendu pour y faire un workshop le week-end du 10 juin \u00a02017. Le th\u00e8me \u00e9tait :\u00a0travail du cheval m\u00e9diateur en regard...Savoir plus","og_url":"https:\/\/equitherapie-bourgogne.fr\/index.php\/intervention-en\/","og_site_name":"A Cheval sur Soi","article_modified_time":"2017-06-20T09:53:32+00:00","og_image":[{"width":693,"height":520,"url":"https:\/\/equitherapie-bourgogne.fr\/wp-content\/uploads\/2017\/06\/P1130484-693x520.jpg","type":"image\/jpeg"}],"twitter_card":"summary_large_image","twitter_misc":{"Dur\u00e9e de lecture estim\u00e9e":"1 minute"},"schema":{"@context":"https:\/\/schema.org","@graph":[{"@type":"WebPage","@id":"https:\/\/equitherapie-bourgogne.fr\/index.php\/intervention-en\/","url":"https:\/\/equitherapie-bourgogne.fr\/index.php\/intervention-en\/","name":"Workshop M\u00e1ster en intervenci\u00f3n Terap\u00e9utica Asistida con Caballos Girona. - A Cheval sur Soi","isPartOf":{"@id":"https:\/\/equitherapie-bourgogne.fr\/#website"},"primaryImageOfPage":{"@id":"https:\/\/equitherapie-bourgogne.fr\/index.php\/intervention-en\/#primaryimage"},"image":{"@id":"https:\/\/equitherapie-bourgogne.fr\/index.php\/intervention-en\/#primaryimage"},"thumbnailUrl":"http:\/\/equitherapie-bourgogne.fr\/wp-content\/uploads\/2017\/06\/P1130484.jpg","datePublished":"2017-06-20T09:52:16+00:00","dateModified":"2017-06-20T09:53:32+00:00","breadcrumb":{"@id":"https:\/\/equitherapie-bourgogne.fr\/index.php\/intervention-en\/#breadcrumb"},"inLanguage":"fr-FR","potentialAction":[{"@type":"ReadAction","target":["https:\/\/equitherapie-bourgogne.fr\/index.php\/intervention-en\/"]}]},{"@type":"ImageObject","inLanguage":"fr-FR","@id":"https:\/\/equitherapie-bourgogne.fr\/index.php\/intervention-en\/#primaryimage","url":"http:\/\/equitherapie-bourgogne.fr\/wp-content\/uploads\/2017\/06\/P1130484.jpg","contentUrl":"http:\/\/equitherapie-bourgogne.fr\/wp-content\/uploads\/2017\/06\/P1130484.jpg"},{"@type":"BreadcrumbList","@id":"https:\/\/equitherapie-bourgogne.fr\/index.php\/intervention-en\/#breadcrumb","itemListElement":[{"@type":"ListItem","position":1,"name":"Accueil","item":"https:\/\/equitherapie-bourgogne.fr\/"},{"@type":"ListItem","position":2,"name":"Workshop M\u00e1ster en intervenci\u00f3n Terap\u00e9utica Asistida con Caballos Girona."}]},{"@type":"WebSite","@id":"https:\/\/equitherapie-bourgogne.fr\/#website","url":"https:\/\/equitherapie-bourgogne.fr\/","name":"A Cheval sur Soi","description":"CENTRE \u00c9QUESTRE TRANSDISCIPLINAIRE","potentialAction":[{"@type":"SearchAction","target":{"@type":"EntryPoint","urlTemplate":"https:\/\/equitherapie-bourgogne.fr\/?s={search_term_string}"},"query-input":{"@type":"PropertyValueSpecification","valueRequired":true,"valueName":"search_term_string"}}],"inLanguage":"fr-FR"}]}},"_links":{"self":[{"href":"https:\/\/equitherapie-bourgogne.fr\/index.php\/wp-json\/wp\/v2\/pages\/568","targetHints":{"allow":["GET"]}}],"collection":[{"href":"https:\/\/equitherapie-bourgogne.fr\/index.php\/wp-json\/wp\/v2\/pages"}],"about":[{"href":"https:\/\/equitherapie-bourgogne.fr\/index.php\/wp-json\/wp\/v2\/types\/page"}],"author":[{"embeddable":true,"href":"https:\/\/equitherapie-bourgogne.fr\/index.php\/wp-json\/wp\/v2\/users\/1"}],"replies":[{"embeddable":true,"href":"https:\/\/equitherapie-bourgogne.fr\/index.php\/wp-json\/wp\/v2\/comments?post=568"}],"version-history":[{"count":3,"href":"https:\/\/equitherapie-bourgogne.fr\/index.php\/wp-json\/wp\/v2\/pages\/568\/revisions"}],"predecessor-version":[{"id":573,"href":"https:\/\/equitherapie-bourgogne.fr\/index.php\/wp-json\/wp\/v2\/pages\/568\/revisions\/573"}],"wp:attachment":[{"href":"https:\/\/equitherapie-bourgogne.fr\/index.php\/wp-json\/wp\/v2\/media?parent=568"}],"curies":[{"name":"wp","href":"https:\/\/api.w.org\/{rel}","templated":true}]}}