{"id":56,"date":"2016-10-02T21:42:16","date_gmt":"2016-10-02T19:42:16","guid":{"rendered":"http:\/\/equitherapie-bourgogne.fr\/?page_id=56"},"modified":"2025-03-14T10:58:12","modified_gmt":"2025-03-14T09:58:12","slug":"mors","status":"publish","type":"page","link":"https:\/\/equitherapie-bourgogne.fr\/index.php\/chevaux\/mors\/","title":{"rendered":"Sans mors et pieds nus"},"content":{"rendered":"<div id=\"pl-56\"  class=\"panel-layout\" ><div id=\"pg-56-0\"  class=\"panel-grid panel-no-style\" ><div id=\"pgc-56-0-0\"  class=\"panel-grid-cell\" ><div id=\"panel-56-0-0-0\" class=\"so-panel widget widget_sow-editor panel-first-child panel-last-child\" data-index=\"0\" ><div\n\t\t\t\n\t\t\tclass=\"so-widget-sow-editor so-widget-sow-editor-base\"\n\t\t\t\n\t\t>\n<div class=\"siteorigin-widget-tinymce textwidget\">\n\t<ul>\n<li>\n<h4>Au sujet des mors<\/h4>\n<\/li>\n<\/ul>\n<\/div>\n<\/div><\/div><\/div><\/div><div id=\"pg-56-1\"  class=\"panel-grid panel-no-style\" ><div id=\"pgc-56-1-0\"  class=\"panel-grid-cell\" ><div id=\"panel-56-1-0-0\" class=\"so-panel widget widget_sow-editor panel-first-child panel-last-child\" data-index=\"1\" ><div\n\t\t\t\n\t\t\tclass=\"so-widget-sow-editor so-widget-sow-editor-base\"\n\t\t\t\n\t\t>\n<div class=\"siteorigin-widget-tinymce textwidget\">\n\t<p>Au vue des \u00e9tudes sur les effets d\u00e9l\u00e9t\u00e8res du mors, nous avons fait le choix depuis plus de 10 ans de s\u2019en passer et ceci sans probl\u00e8me. La plupart de nos activit\u00e9s ne n\u00e9cessitant pas son utilisation. Nous nous en servons uniquement pour un travail pr\u00e9cis pour certains cavalie.re.s sur le chemin de l\u2019art \u00e9questre.<\/p>\n<p>Nos chevaux sont donc le plus souvent en licol ou side-pull. Cela permet aux mains inexp\u00e9riment\u00e9s d'apprendre sans blesser les chevaux.<\/p>\n<\/div>\n<\/div><\/div><\/div><div id=\"pgc-56-1-1\"  class=\"panel-grid-cell\" ><div id=\"panel-56-1-1-0\" class=\"so-panel widget widget_sow-editor panel-first-child panel-last-child\" data-index=\"2\" ><div\n\t\t\t\n\t\t\tclass=\"so-widget-sow-editor so-widget-sow-editor-base\"\n\t\t\t\n\t\t>\n<div class=\"siteorigin-widget-tinymce textwidget\">\n\t<p><iframe loading=\"lazy\" src=\"https:\/\/www.youtube.com\/embed\/JzeS6mQteCg\" width=\"560\" height=\"315\" frameborder=\"0\" allowfullscreen=\"allowfullscreen\"><\/iframe><\/p>\n<\/div>\n<\/div><\/div><\/div><\/div><div id=\"pg-56-2\"  class=\"panel-grid panel-no-style\" ><div id=\"pgc-56-2-0\"  class=\"panel-grid-cell\" ><div id=\"panel-56-2-0-0\" class=\"so-panel widget widget_sow-editor panel-first-child panel-last-child\" data-index=\"3\" ><div\n\t\t\t\n\t\t\tclass=\"so-widget-sow-editor so-widget-sow-editor-base\"\n\t\t\t\n\t\t>\n<div class=\"siteorigin-widget-tinymce textwidget\">\n\t<ul>\n<li>\n<h4>Pieds nus\u00a0<\/h4>\n<p>Le choix de ne pas ferrer les chevaux s\u2019inscrit aussi dans une logique globale de r\u00e9flexion autour du bien \u00eatre du cheval.<\/p>\n<p>Le passage aux pieds nus ne s\u2019improvise pas. Il n\u00e9cessite un travail et une d\u00e9marche r\u00e9fl\u00e9chie avec un professionnel de la fonctionnalit\u00e9 du pied qui s'adapte \u00e0 chaque cheval. Des chaussures viennent parfois palier \u00e0 des sensibilit\u00e9s passag\u00e8res.<\/p>\n<\/li>\n<\/ul>\n<blockquote>\n<h6 class=\"western\">\u00ab\u00a0Parlons du pied nu chez le cheval c'est \u00e0 dire sans fers.\u00a0<br \/>Il est reconnu scientifiquement que 80% des pathologies du pied modifiant \u00e9galement sa locomotion sont dues au ferrage. Ceci nous a amen\u00e9 \u00e0 porter un regard diff\u00e9rent quand \u00e0 l'entretien des pieds de nos \u00e9quid\u00e9s.<br \/>Comment nous est parvenu cette r\u00e9flexion dans notre civilisation actuelle\u00a0? Depuis toujours et m\u00eame de nos jours dans la nature il vit sans fers sur des surfaces de toutes origines avec une moyenne d'environ 30 \u00e0 40 Kms de d\u00e9placements quotidiens. Il marche pour se nourrir, boire, jouer, se prot\u00e9ger des \u00e9l\u00e9ments, des pr\u00e9dateurs et vivre tout simplement puisque le cheval est un animal nomade et gr\u00e9gaire.<br \/>Cette m\u00e9thode d'entretien et de soins de leurs sabots est n\u00e9e de l'observation du concept de la structure de leurs pieds, afin de rejoindre au mieux la correspondance bio-m\u00e9canique de cet appareil locomoteur (le pied) \u00e0 l'\u00e9tat naturel.<br \/>Observons qu'aujourd'hui sur tous les continents , le cheval est souvent utilis\u00e9 une fois domestiqu\u00e9 dans son plus simple appareil et ne souffre pas de cette soit disant obligation \u2026\u00a0\u00bb Olivier Despee<\/h6>\n<\/blockquote>\n<\/div>\n<\/div><\/div><\/div><\/div><\/div>","protected":false},"excerpt":{"rendered":"<p>Au sujet des mors Au vue des \u00e9tudes sur les effets d\u00e9l\u00e9t\u00e8res du mors, nous avons fait le choix depuis plus de 10 ans de s\u2019en passer et ceci sans probl\u00e8me. La plupart de nos activit\u00e9s ne n\u00e9cessitant pas son&#8230;<br \/><a class=\"read-more-button\" href=\"https:\/\/equitherapie-bourgogne.fr\/index.php\/chevaux\/mors\/\">Savoir plus<\/a><\/p>\n","protected":false},"author":1,"featured_media":453,"parent":6,"menu_order":12,"comment_status":"closed","ping_status":"closed","template":"template-full-width.php","meta":{"footnotes":""},"class_list":["post-56","page","type-page","status-publish","has-post-thumbnail","hentry"],"yoast_head":"<!-- This site is optimized with the Yoast SEO plugin v24.7 - https:\/\/yoast.com\/wordpress\/plugins\/seo\/ -->\n<title>Sans mors ni fers - A cheval sur Soi<\/title>\n<meta name=\"description\" content=\"Dans l&#039;optique du bien-\u00eatre de l&#039;animal, nos chevaux ne sont pas ferr\u00e9s et sont conduits sans mors.\" \/>\n<meta name=\"robots\" content=\"index, follow, max-snippet:-1, max-image-preview:large, max-video-preview:-1\" \/>\n<link rel=\"canonical\" href=\"https:\/\/equitherapie-bourgogne.fr\/index.php\/chevaux\/mors\/\" \/>\n<meta property=\"og:locale\" content=\"fr_FR\" \/>\n<meta property=\"og:type\" content=\"article\" \/>\n<meta property=\"og:title\" content=\"Sans mors ni fers - A cheval sur Soi\" \/>\n<meta property=\"og:description\" content=\"Dans l&#039;optique du bien-\u00eatre de l&#039;animal, nos chevaux ne sont pas ferr\u00e9s et sont conduits sans mors.\" \/>\n<meta property=\"og:url\" content=\"https:\/\/equitherapie-bourgogne.fr\/index.php\/chevaux\/mors\/\" \/>\n<meta property=\"og:site_name\" content=\"A Cheval sur Soi\" \/>\n<meta property=\"article:modified_time\" content=\"2025-03-14T09:58:12+00:00\" \/>\n<meta property=\"og:image\" content=\"https:\/\/equitherapie-bourgogne.fr\/wp-content\/uploads\/2016\/10\/Au-pr\u00e8s-et-en-troupeau-1170x338.jpg\" \/>\n\t<meta property=\"og:image:width\" content=\"1170\" \/>\n\t<meta property=\"og:image:height\" content=\"338\" \/>\n\t<meta property=\"og:image:type\" content=\"image\/jpeg\" \/>\n<meta name=\"twitter:card\" content=\"summary_large_image\" \/>\n<meta name=\"twitter:label1\" content=\"Dur\u00e9e de lecture estim\u00e9e\" \/>\n\t<meta name=\"twitter:data1\" content=\"2 minutes\" \/>\n<script type=\"application\/ld+json\" class=\"yoast-schema-graph\">{\"@context\":\"https:\/\/schema.org\",\"@graph\":[{\"@type\":\"WebPage\",\"@id\":\"https:\/\/equitherapie-bourgogne.fr\/index.php\/chevaux\/mors\/\",\"url\":\"https:\/\/equitherapie-bourgogne.fr\/index.php\/chevaux\/mors\/\",\"name\":\"Sans mors ni fers - A cheval sur Soi\",\"isPartOf\":{\"@id\":\"https:\/\/equitherapie-bourgogne.fr\/#website\"},\"primaryImageOfPage\":{\"@id\":\"https:\/\/equitherapie-bourgogne.fr\/index.php\/chevaux\/mors\/#primaryimage\"},\"image\":{\"@id\":\"https:\/\/equitherapie-bourgogne.fr\/index.php\/chevaux\/mors\/#primaryimage\"},\"thumbnailUrl\":\"https:\/\/equitherapie-bourgogne.fr\/wp-content\/uploads\/2016\/10\/Au-pr\u00e8s-et-en-troupeau-1170x338.jpg\",\"datePublished\":\"2016-10-02T19:42:16+00:00\",\"dateModified\":\"2025-03-14T09:58:12+00:00\",\"description\":\"Dans l'optique du bien-\u00eatre de l'animal, nos chevaux ne sont pas ferr\u00e9s et sont conduits sans mors.\",\"breadcrumb\":{\"@id\":\"https:\/\/equitherapie-bourgogne.fr\/index.php\/chevaux\/mors\/#breadcrumb\"},\"inLanguage\":\"fr-FR\",\"potentialAction\":[{\"@type\":\"ReadAction\",\"target\":[\"https:\/\/equitherapie-bourgogne.fr\/index.php\/chevaux\/mors\/\"]}]},{\"@type\":\"ImageObject\",\"inLanguage\":\"fr-FR\",\"@id\":\"https:\/\/equitherapie-bourgogne.fr\/index.php\/chevaux\/mors\/#primaryimage\",\"url\":\"https:\/\/equitherapie-bourgogne.fr\/wp-content\/uploads\/2016\/10\/Au-pr\u00e8s-et-en-troupeau-1170x338.jpg\",\"contentUrl\":\"https:\/\/equitherapie-bourgogne.fr\/wp-content\/uploads\/2016\/10\/Au-pr\u00e8s-et-en-troupeau-1170x338.jpg\",\"width\":1170,\"height\":338,\"caption\":\"Les chevaux vivent au pres et en troupeau\"},{\"@type\":\"BreadcrumbList\",\"@id\":\"https:\/\/equitherapie-bourgogne.fr\/index.php\/chevaux\/mors\/#breadcrumb\",\"itemListElement\":[{\"@type\":\"ListItem\",\"position\":1,\"name\":\"Accueil\",\"item\":\"https:\/\/equitherapie-bourgogne.fr\/\"},{\"@type\":\"ListItem\",\"position\":2,\"name\":\"Les chevaux\",\"item\":\"https:\/\/equitherapie-bourgogne.fr\/index.php\/chevaux\/\"},{\"@type\":\"ListItem\",\"position\":3,\"name\":\"Sans mors et pieds nus\"}]},{\"@type\":\"WebSite\",\"@id\":\"https:\/\/equitherapie-bourgogne.fr\/#website\",\"url\":\"https:\/\/equitherapie-bourgogne.fr\/\",\"name\":\"A Cheval sur Soi\",\"description\":\"CENTRE \u00c9QUESTRE TRANSDISCIPLINAIRE\",\"potentialAction\":[{\"@type\":\"SearchAction\",\"target\":{\"@type\":\"EntryPoint\",\"urlTemplate\":\"https:\/\/equitherapie-bourgogne.fr\/?s={search_term_string}\"},\"query-input\":{\"@type\":\"PropertyValueSpecification\",\"valueRequired\":true,\"valueName\":\"search_term_string\"}}],\"inLanguage\":\"fr-FR\"}]}<\/script>\n<!-- \/ Yoast SEO plugin. -->","yoast_head_json":{"title":"Sans mors ni fers - A cheval sur Soi","description":"Dans l'optique du bien-\u00eatre de l'animal, nos chevaux ne sont pas ferr\u00e9s et sont conduits sans mors.","robots":{"index":"index","follow":"follow","max-snippet":"max-snippet:-1","max-image-preview":"max-image-preview:large","max-video-preview":"max-video-preview:-1"},"canonical":"https:\/\/equitherapie-bourgogne.fr\/index.php\/chevaux\/mors\/","og_locale":"fr_FR","og_type":"article","og_title":"Sans mors ni fers - A cheval sur Soi","og_description":"Dans l'optique du bien-\u00eatre de l'animal, nos chevaux ne sont pas ferr\u00e9s et sont conduits sans mors.","og_url":"https:\/\/equitherapie-bourgogne.fr\/index.php\/chevaux\/mors\/","og_site_name":"A Cheval sur Soi","article_modified_time":"2025-03-14T09:58:12+00:00","og_image":[{"width":1170,"height":338,"url":"https:\/\/equitherapie-bourgogne.fr\/wp-content\/uploads\/2016\/10\/Au-pr\u00e8s-et-en-troupeau-1170x338.jpg","type":"image\/jpeg"}],"twitter_card":"summary_large_image","twitter_misc":{"Dur\u00e9e de lecture estim\u00e9e":"2 minutes"},"schema":{"@context":"https:\/\/schema.org","@graph":[{"@type":"WebPage","@id":"https:\/\/equitherapie-bourgogne.fr\/index.php\/chevaux\/mors\/","url":"https:\/\/equitherapie-bourgogne.fr\/index.php\/chevaux\/mors\/","name":"Sans mors ni fers - A cheval sur Soi","isPartOf":{"@id":"https:\/\/equitherapie-bourgogne.fr\/#website"},"primaryImageOfPage":{"@id":"https:\/\/equitherapie-bourgogne.fr\/index.php\/chevaux\/mors\/#primaryimage"},"image":{"@id":"https:\/\/equitherapie-bourgogne.fr\/index.php\/chevaux\/mors\/#primaryimage"},"thumbnailUrl":"https:\/\/equitherapie-bourgogne.fr\/wp-content\/uploads\/2016\/10\/Au-pr\u00e8s-et-en-troupeau-1170x338.jpg","datePublished":"2016-10-02T19:42:16+00:00","dateModified":"2025-03-14T09:58:12+00:00","description":"Dans l'optique du bien-\u00eatre de l'animal, nos chevaux ne sont pas ferr\u00e9s et sont conduits sans mors.","breadcrumb":{"@id":"https:\/\/equitherapie-bourgogne.fr\/index.php\/chevaux\/mors\/#breadcrumb"},"inLanguage":"fr-FR","potentialAction":[{"@type":"ReadAction","target":["https:\/\/equitherapie-bourgogne.fr\/index.php\/chevaux\/mors\/"]}]},{"@type":"ImageObject","inLanguage":"fr-FR","@id":"https:\/\/equitherapie-bourgogne.fr\/index.php\/chevaux\/mors\/#primaryimage","url":"https:\/\/equitherapie-bourgogne.fr\/wp-content\/uploads\/2016\/10\/Au-pr\u00e8s-et-en-troupeau-1170x338.jpg","contentUrl":"https:\/\/equitherapie-bourgogne.fr\/wp-content\/uploads\/2016\/10\/Au-pr\u00e8s-et-en-troupeau-1170x338.jpg","width":1170,"height":338,"caption":"Les chevaux vivent au pres et en troupeau"},{"@type":"BreadcrumbList","@id":"https:\/\/equitherapie-bourgogne.fr\/index.php\/chevaux\/mors\/#breadcrumb","itemListElement":[{"@type":"ListItem","position":1,"name":"Accueil","item":"https:\/\/equitherapie-bourgogne.fr\/"},{"@type":"ListItem","position":2,"name":"Les chevaux","item":"https:\/\/equitherapie-bourgogne.fr\/index.php\/chevaux\/"},{"@type":"ListItem","position":3,"name":"Sans mors et pieds nus"}]},{"@type":"WebSite","@id":"https:\/\/equitherapie-bourgogne.fr\/#website","url":"https:\/\/equitherapie-bourgogne.fr\/","name":"A Cheval sur Soi","description":"CENTRE \u00c9QUESTRE TRANSDISCIPLINAIRE","potentialAction":[{"@type":"SearchAction","target":{"@type":"EntryPoint","urlTemplate":"https:\/\/equitherapie-bourgogne.fr\/?s={search_term_string}"},"query-input":{"@type":"PropertyValueSpecification","valueRequired":true,"valueName":"search_term_string"}}],"inLanguage":"fr-FR"}]}},"_links":{"self":[{"href":"https:\/\/equitherapie-bourgogne.fr\/index.php\/wp-json\/wp\/v2\/pages\/56","targetHints":{"allow":["GET"]}}],"collection":[{"href":"https:\/\/equitherapie-bourgogne.fr\/index.php\/wp-json\/wp\/v2\/pages"}],"about":[{"href":"https:\/\/equitherapie-bourgogne.fr\/index.php\/wp-json\/wp\/v2\/types\/page"}],"author":[{"embeddable":true,"href":"https:\/\/equitherapie-bourgogne.fr\/index.php\/wp-json\/wp\/v2\/users\/1"}],"replies":[{"embeddable":true,"href":"https:\/\/equitherapie-bourgogne.fr\/index.php\/wp-json\/wp\/v2\/comments?post=56"}],"version-history":[{"count":9,"href":"https:\/\/equitherapie-bourgogne.fr\/index.php\/wp-json\/wp\/v2\/pages\/56\/revisions"}],"predecessor-version":[{"id":1218,"href":"https:\/\/equitherapie-bourgogne.fr\/index.php\/wp-json\/wp\/v2\/pages\/56\/revisions\/1218"}],"up":[{"embeddable":true,"href":"https:\/\/equitherapie-bourgogne.fr\/index.php\/wp-json\/wp\/v2\/pages\/6"}],"wp:featuredmedia":[{"embeddable":true,"href":"https:\/\/equitherapie-bourgogne.fr\/index.php\/wp-json\/wp\/v2\/media\/453"}],"wp:attachment":[{"href":"https:\/\/equitherapie-bourgogne.fr\/index.php\/wp-json\/wp\/v2\/media?parent=56"}],"curies":[{"name":"wp","href":"https:\/\/api.w.org\/{rel}","templated":true}]}}