{"id":53,"date":"2016-10-02T21:23:43","date_gmt":"2016-10-02T19:23:43","guid":{"rendered":"http:\/\/equitherapie-bourgogne.fr\/?page_id=53"},"modified":"2025-03-14T11:15:14","modified_gmt":"2025-03-14T10:15:14","slug":"au-pres-et-en-troupeau","status":"publish","type":"page","link":"https:\/\/equitherapie-bourgogne.fr\/index.php\/chevaux\/au-pres-et-en-troupeau\/","title":{"rendered":"Au pr\u00e9 et en troupeau"},"content":{"rendered":"<div id=\"pl-53\"  class=\"panel-layout\" ><div id=\"pg-53-0\"  class=\"panel-grid panel-no-style\" ><div id=\"pgc-53-0-0\"  class=\"panel-grid-cell\" ><div id=\"panel-53-0-0-0\" class=\"so-panel widget widget_sow-editor panel-first-child panel-last-child\" data-index=\"0\" ><div\n\t\t\t\n\t\t\tclass=\"so-widget-sow-editor so-widget-sow-editor-base\"\n\t\t\t\n\t\t>\n<div class=\"siteorigin-widget-tinymce textwidget\">\n\t<h2>Nos chevaux vivent au pr\u00e9 et en troupeau toute l\u2019ann\u00e9e.<\/h2>\n<p>Nous recherchons constamment \u00e0 leur permettre une vie au plus proche de leurs besoins naturels, en suivant les nouvelles donn\u00e9es et recommandations \u00e9thologiques. Ils vivent donc en troupeau, en petite famille dans des pr\u00e9s suffisamment \u00e9tendus et vari\u00e9s pour qu\u2019ils puissent marcher, manger et s'habriter \u00e0 longueur de journ\u00e9e. <\/p>\n<\/div>\n<\/div><\/div><\/div><div id=\"pgc-53-0-1\"  class=\"panel-grid-cell\" ><div id=\"panel-53-0-1-0\" class=\"so-panel widget widget_sow-editor panel-first-child panel-last-child\" data-index=\"1\" ><div\n\t\t\t\n\t\t\tclass=\"so-widget-sow-editor so-widget-sow-editor-base\"\n\t\t\t\n\t\t>\n<div class=\"siteorigin-widget-tinymce textwidget\">\n\t<p><a href=\"http:\/\/equitherapie-bourgogne.fr\/wp-content\/uploads\/2016\/10\/Au-pr\u00e8s-et-en-troupeau.jpg\"><img loading=\"lazy\" decoding=\"async\" class=\"alignnone wp-image-322\" src=\"http:\/\/equitherapie-bourgogne.fr\/wp-content\/uploads\/2016\/10\/Au-pr\u00e8s-et-en-troupeau-450x600.jpg\" alt=\"Au pr\u00e8s et en troupeau\" width=\"306\" height=\"408\" data-id=\"322\" srcset=\"https:\/\/equitherapie-bourgogne.fr\/wp-content\/uploads\/2016\/10\/Au-pr\u00e8s-et-en-troupeau-450x600.jpg 450w, https:\/\/equitherapie-bourgogne.fr\/wp-content\/uploads\/2016\/10\/Au-pr\u00e8s-et-en-troupeau-768x1024.jpg 768w, https:\/\/equitherapie-bourgogne.fr\/wp-content\/uploads\/2016\/10\/Au-pr\u00e8s-et-en-troupeau-390x520.jpg 390w, https:\/\/equitherapie-bourgogne.fr\/wp-content\/uploads\/2016\/10\/Au-pr\u00e8s-et-en-troupeau-1170x1560.jpg 1170w\" sizes=\"auto, (max-width: 306px) 100vw, 306px\" \/><\/a><\/p>\n<\/div>\n<\/div><\/div><\/div><\/div><\/div>","protected":false},"excerpt":{"rendered":"<p>Nos chevaux vivent au pr\u00e9 et en troupeau toute l\u2019ann\u00e9e. Nous recherchons constamment \u00e0 leur permettre une vie au plus proche de leurs besoins naturels, en suivant les nouvelles donn\u00e9es et recommandations \u00e9thologiques. Ils vivent donc en troupeau, en petite&#8230;<br \/><a class=\"read-more-button\" href=\"https:\/\/equitherapie-bourgogne.fr\/index.php\/chevaux\/au-pres-et-en-troupeau\/\">Savoir plus<\/a><\/p>\n","protected":false},"author":1,"featured_media":71,"parent":6,"menu_order":11,"comment_status":"closed","ping_status":"closed","template":"template-full-width.php","meta":{"footnotes":""},"class_list":["post-53","page","type-page","status-publish","has-post-thumbnail","hentry"],"yoast_head":"<!-- This site is optimized with the Yoast SEO plugin v24.7 - https:\/\/yoast.com\/wordpress\/plugins\/seo\/ -->\n<title>En troupeau et au pr\u00e8s - L&#039;acceuil des chevaux au centre \u00e9questre<\/title>\n<meta name=\"description\" content=\"Les chevaux peuvent vivre en troupeau et au pr\u00e8s tout l&#039;ann\u00e9e, dans le respect de leurs besoins naturels, selon les recommandations \u00e9thologiques.\" \/>\n<meta name=\"robots\" content=\"index, follow, max-snippet:-1, max-image-preview:large, max-video-preview:-1\" \/>\n<link rel=\"canonical\" href=\"https:\/\/equitherapie-bourgogne.fr\/index.php\/chevaux\/au-pres-et-en-troupeau\/\" \/>\n<meta property=\"og:locale\" content=\"fr_FR\" \/>\n<meta property=\"og:type\" content=\"article\" \/>\n<meta property=\"og:title\" content=\"En troupeau et au pr\u00e8s - L&#039;acceuil des chevaux au centre \u00e9questre\" \/>\n<meta property=\"og:description\" content=\"Les chevaux peuvent vivre en troupeau et au pr\u00e8s tout l&#039;ann\u00e9e, dans le respect de leurs besoins naturels, selon les recommandations \u00e9thologiques.\" \/>\n<meta property=\"og:url\" content=\"https:\/\/equitherapie-bourgogne.fr\/index.php\/chevaux\/au-pres-et-en-troupeau\/\" \/>\n<meta property=\"og:site_name\" content=\"A Cheval sur Soi\" \/>\n<meta property=\"article:modified_time\" content=\"2025-03-14T10:15:14+00:00\" \/>\n<meta property=\"og:image\" content=\"https:\/\/equitherapie-bourgogne.fr\/wp-content\/uploads\/2016\/10\/Diapo2-1800x500.jpg\" \/>\n\t<meta property=\"og:image:width\" content=\"1800\" \/>\n\t<meta property=\"og:image:height\" content=\"520\" \/>\n\t<meta property=\"og:image:type\" content=\"image\/jpeg\" \/>\n<meta name=\"twitter:card\" content=\"summary_large_image\" \/>\n<script type=\"application\/ld+json\" class=\"yoast-schema-graph\">{\"@context\":\"https:\/\/schema.org\",\"@graph\":[{\"@type\":\"WebPage\",\"@id\":\"https:\/\/equitherapie-bourgogne.fr\/index.php\/chevaux\/au-pres-et-en-troupeau\/\",\"url\":\"https:\/\/equitherapie-bourgogne.fr\/index.php\/chevaux\/au-pres-et-en-troupeau\/\",\"name\":\"En troupeau et au pr\u00e8s - L'acceuil des chevaux au centre \u00e9questre\",\"isPartOf\":{\"@id\":\"https:\/\/equitherapie-bourgogne.fr\/#website\"},\"primaryImageOfPage\":{\"@id\":\"https:\/\/equitherapie-bourgogne.fr\/index.php\/chevaux\/au-pres-et-en-troupeau\/#primaryimage\"},\"image\":{\"@id\":\"https:\/\/equitherapie-bourgogne.fr\/index.php\/chevaux\/au-pres-et-en-troupeau\/#primaryimage\"},\"thumbnailUrl\":\"https:\/\/equitherapie-bourgogne.fr\/wp-content\/uploads\/2016\/10\/Diapo2-1800x500.jpg\",\"datePublished\":\"2016-10-02T19:23:43+00:00\",\"dateModified\":\"2025-03-14T10:15:14+00:00\",\"description\":\"Les chevaux peuvent vivre en troupeau et au pr\u00e8s tout l'ann\u00e9e, dans le respect de leurs besoins naturels, selon les recommandations \u00e9thologiques.\",\"breadcrumb\":{\"@id\":\"https:\/\/equitherapie-bourgogne.fr\/index.php\/chevaux\/au-pres-et-en-troupeau\/#breadcrumb\"},\"inLanguage\":\"fr-FR\",\"potentialAction\":[{\"@type\":\"ReadAction\",\"target\":[\"https:\/\/equitherapie-bourgogne.fr\/index.php\/chevaux\/au-pres-et-en-troupeau\/\"]}]},{\"@type\":\"ImageObject\",\"inLanguage\":\"fr-FR\",\"@id\":\"https:\/\/equitherapie-bourgogne.fr\/index.php\/chevaux\/au-pres-et-en-troupeau\/#primaryimage\",\"url\":\"https:\/\/equitherapie-bourgogne.fr\/wp-content\/uploads\/2016\/10\/Diapo2-1800x500.jpg\",\"contentUrl\":\"https:\/\/equitherapie-bourgogne.fr\/wp-content\/uploads\/2016\/10\/Diapo2-1800x500.jpg\",\"width\":1800,\"height\":520},{\"@type\":\"BreadcrumbList\",\"@id\":\"https:\/\/equitherapie-bourgogne.fr\/index.php\/chevaux\/au-pres-et-en-troupeau\/#breadcrumb\",\"itemListElement\":[{\"@type\":\"ListItem\",\"position\":1,\"name\":\"Accueil\",\"item\":\"https:\/\/equitherapie-bourgogne.fr\/\"},{\"@type\":\"ListItem\",\"position\":2,\"name\":\"Les chevaux\",\"item\":\"https:\/\/equitherapie-bourgogne.fr\/index.php\/chevaux\/\"},{\"@type\":\"ListItem\",\"position\":3,\"name\":\"Au pr\u00e9 et en troupeau\"}]},{\"@type\":\"WebSite\",\"@id\":\"https:\/\/equitherapie-bourgogne.fr\/#website\",\"url\":\"https:\/\/equitherapie-bourgogne.fr\/\",\"name\":\"A Cheval sur Soi\",\"description\":\"CENTRE \u00c9QUESTRE TRANSDISCIPLINAIRE\",\"potentialAction\":[{\"@type\":\"SearchAction\",\"target\":{\"@type\":\"EntryPoint\",\"urlTemplate\":\"https:\/\/equitherapie-bourgogne.fr\/?s={search_term_string}\"},\"query-input\":{\"@type\":\"PropertyValueSpecification\",\"valueRequired\":true,\"valueName\":\"search_term_string\"}}],\"inLanguage\":\"fr-FR\"}]}<\/script>\n<!-- \/ Yoast SEO plugin. -->","yoast_head_json":{"title":"En troupeau et au pr\u00e8s - L'acceuil des chevaux au centre \u00e9questre","description":"Les chevaux peuvent vivre en troupeau et au pr\u00e8s tout l'ann\u00e9e, dans le respect de leurs besoins naturels, selon les recommandations \u00e9thologiques.","robots":{"index":"index","follow":"follow","max-snippet":"max-snippet:-1","max-image-preview":"max-image-preview:large","max-video-preview":"max-video-preview:-1"},"canonical":"https:\/\/equitherapie-bourgogne.fr\/index.php\/chevaux\/au-pres-et-en-troupeau\/","og_locale":"fr_FR","og_type":"article","og_title":"En troupeau et au pr\u00e8s - L'acceuil des chevaux au centre \u00e9questre","og_description":"Les chevaux peuvent vivre en troupeau et au pr\u00e8s tout l'ann\u00e9e, dans le respect de leurs besoins naturels, selon les recommandations \u00e9thologiques.","og_url":"https:\/\/equitherapie-bourgogne.fr\/index.php\/chevaux\/au-pres-et-en-troupeau\/","og_site_name":"A Cheval sur Soi","article_modified_time":"2025-03-14T10:15:14+00:00","og_image":[{"width":1800,"height":520,"url":"https:\/\/equitherapie-bourgogne.fr\/wp-content\/uploads\/2016\/10\/Diapo2-1800x500.jpg","type":"image\/jpeg"}],"twitter_card":"summary_large_image","schema":{"@context":"https:\/\/schema.org","@graph":[{"@type":"WebPage","@id":"https:\/\/equitherapie-bourgogne.fr\/index.php\/chevaux\/au-pres-et-en-troupeau\/","url":"https:\/\/equitherapie-bourgogne.fr\/index.php\/chevaux\/au-pres-et-en-troupeau\/","name":"En troupeau et au pr\u00e8s - L'acceuil des chevaux au centre \u00e9questre","isPartOf":{"@id":"https:\/\/equitherapie-bourgogne.fr\/#website"},"primaryImageOfPage":{"@id":"https:\/\/equitherapie-bourgogne.fr\/index.php\/chevaux\/au-pres-et-en-troupeau\/#primaryimage"},"image":{"@id":"https:\/\/equitherapie-bourgogne.fr\/index.php\/chevaux\/au-pres-et-en-troupeau\/#primaryimage"},"thumbnailUrl":"https:\/\/equitherapie-bourgogne.fr\/wp-content\/uploads\/2016\/10\/Diapo2-1800x500.jpg","datePublished":"2016-10-02T19:23:43+00:00","dateModified":"2025-03-14T10:15:14+00:00","description":"Les chevaux peuvent vivre en troupeau et au pr\u00e8s tout l'ann\u00e9e, dans le respect de leurs besoins naturels, selon les recommandations \u00e9thologiques.","breadcrumb":{"@id":"https:\/\/equitherapie-bourgogne.fr\/index.php\/chevaux\/au-pres-et-en-troupeau\/#breadcrumb"},"inLanguage":"fr-FR","potentialAction":[{"@type":"ReadAction","target":["https:\/\/equitherapie-bourgogne.fr\/index.php\/chevaux\/au-pres-et-en-troupeau\/"]}]},{"@type":"ImageObject","inLanguage":"fr-FR","@id":"https:\/\/equitherapie-bourgogne.fr\/index.php\/chevaux\/au-pres-et-en-troupeau\/#primaryimage","url":"https:\/\/equitherapie-bourgogne.fr\/wp-content\/uploads\/2016\/10\/Diapo2-1800x500.jpg","contentUrl":"https:\/\/equitherapie-bourgogne.fr\/wp-content\/uploads\/2016\/10\/Diapo2-1800x500.jpg","width":1800,"height":520},{"@type":"BreadcrumbList","@id":"https:\/\/equitherapie-bourgogne.fr\/index.php\/chevaux\/au-pres-et-en-troupeau\/#breadcrumb","itemListElement":[{"@type":"ListItem","position":1,"name":"Accueil","item":"https:\/\/equitherapie-bourgogne.fr\/"},{"@type":"ListItem","position":2,"name":"Les chevaux","item":"https:\/\/equitherapie-bourgogne.fr\/index.php\/chevaux\/"},{"@type":"ListItem","position":3,"name":"Au pr\u00e9 et en troupeau"}]},{"@type":"WebSite","@id":"https:\/\/equitherapie-bourgogne.fr\/#website","url":"https:\/\/equitherapie-bourgogne.fr\/","name":"A Cheval sur Soi","description":"CENTRE \u00c9QUESTRE TRANSDISCIPLINAIRE","potentialAction":[{"@type":"SearchAction","target":{"@type":"EntryPoint","urlTemplate":"https:\/\/equitherapie-bourgogne.fr\/?s={search_term_string}"},"query-input":{"@type":"PropertyValueSpecification","valueRequired":true,"valueName":"search_term_string"}}],"inLanguage":"fr-FR"}]}},"_links":{"self":[{"href":"https:\/\/equitherapie-bourgogne.fr\/index.php\/wp-json\/wp\/v2\/pages\/53","targetHints":{"allow":["GET"]}}],"collection":[{"href":"https:\/\/equitherapie-bourgogne.fr\/index.php\/wp-json\/wp\/v2\/pages"}],"about":[{"href":"https:\/\/equitherapie-bourgogne.fr\/index.php\/wp-json\/wp\/v2\/types\/page"}],"author":[{"embeddable":true,"href":"https:\/\/equitherapie-bourgogne.fr\/index.php\/wp-json\/wp\/v2\/users\/1"}],"replies":[{"embeddable":true,"href":"https:\/\/equitherapie-bourgogne.fr\/index.php\/wp-json\/wp\/v2\/comments?post=53"}],"version-history":[{"count":10,"href":"https:\/\/equitherapie-bourgogne.fr\/index.php\/wp-json\/wp\/v2\/pages\/53\/revisions"}],"predecessor-version":[{"id":1221,"href":"https:\/\/equitherapie-bourgogne.fr\/index.php\/wp-json\/wp\/v2\/pages\/53\/revisions\/1221"}],"up":[{"embeddable":true,"href":"https:\/\/equitherapie-bourgogne.fr\/index.php\/wp-json\/wp\/v2\/pages\/6"}],"wp:featuredmedia":[{"embeddable":true,"href":"https:\/\/equitherapie-bourgogne.fr\/index.php\/wp-json\/wp\/v2\/media\/71"}],"wp:attachment":[{"href":"https:\/\/equitherapie-bourgogne.fr\/index.php\/wp-json\/wp\/v2\/media?parent=53"}],"curies":[{"name":"wp","href":"https:\/\/api.w.org\/{rel}","templated":true}]}}