{"id":495,"date":"2017-05-15T11:37:11","date_gmt":"2017-05-15T09:37:11","guid":{"rendered":"http:\/\/equitherapie-bourgogne.fr\/?page_id=495"},"modified":"2018-04-12T15:23:19","modified_gmt":"2018-04-12T13:23:19","slug":"equitation-symbolique","status":"publish","type":"page","link":"https:\/\/equitherapie-bourgogne.fr\/index.php\/equitation\/equitation-symbolique\/","title":{"rendered":"Equitation symbolique"},"content":{"rendered":"<h3>Au niveau de la recherche d\u2019un mieux \u00eatre, d\u2019une meilleure compr\u00e9hension de soi et des autres, le cheval est l\u2019une des portes d\u2019entr\u00e9e qui peut nous ouvrir au monde.<\/h3>\n<p>Notre nature profonde est celle de la cr\u00e9ativit\u00e9. Comment, au sein d\u2019une civilisation bouscul\u00e9e o\u00f9 tout semble s\u2019effondrer, le cheval peut nous aider \u00e0 retrouver cet \u00e9lan salvateur ?<br \/>\nDes stages sont organis\u00e9s sur une ou deux journ\u00e9es (voir plus, \u00e0 la demande) afin de vous amener sur ce chemin, et vous faire prendre conscience du potentiel que le cheval porte en lui afin de r\u00e9v\u00e9ler le v\u00f4tre.<\/p>\n","protected":false},"excerpt":{"rendered":"<p>Au niveau de la recherche d\u2019un mieux \u00eatre, d\u2019une meilleure compr\u00e9hension de soi et des autres, le cheval est l\u2019une des portes d\u2019entr\u00e9e qui peut nous ouvrir au monde. Notre nature profonde est celle de la cr\u00e9ativit\u00e9. Comment, au sein&#8230;<br \/><a class=\"read-more-button\" href=\"https:\/\/equitherapie-bourgogne.fr\/index.php\/equitation\/equitation-symbolique\/\">Savoir plus<\/a><\/p>\n","protected":false},"author":1,"featured_media":498,"parent":8,"menu_order":15,"comment_status":"closed","ping_status":"closed","template":"template-full-width.php","meta":{"footnotes":""},"class_list":["post-495","page","type-page","status-publish","has-post-thumbnail","hentry"],"yoast_head":"<!-- This site is optimized with the Yoast SEO plugin v24.7 - https:\/\/yoast.com\/wordpress\/plugins\/seo\/ -->\n<title>Equitation symbolique - A Cheval sur Soi<\/title>\n<meta name=\"robots\" content=\"index, follow, max-snippet:-1, max-image-preview:large, max-video-preview:-1\" \/>\n<link rel=\"canonical\" href=\"https:\/\/equitherapie-bourgogne.fr\/index.php\/equitation\/equitation-symbolique\/\" \/>\n<meta property=\"og:locale\" content=\"fr_FR\" \/>\n<meta property=\"og:type\" content=\"article\" \/>\n<meta property=\"og:title\" content=\"Equitation symbolique - A Cheval sur Soi\" \/>\n<meta property=\"og:description\" content=\"Au niveau de la recherche d\u2019un mieux \u00eatre, d\u2019une meilleure compr\u00e9hension de soi et des autres, le cheval est l\u2019une des portes d\u2019entr\u00e9e qui peut nous ouvrir au monde. Notre nature profonde est celle de la cr\u00e9ativit\u00e9. Comment, au sein...Savoir plus\" \/>\n<meta property=\"og:url\" content=\"https:\/\/equitherapie-bourgogne.fr\/index.php\/equitation\/equitation-symbolique\/\" \/>\n<meta property=\"og:site_name\" content=\"A Cheval sur Soi\" \/>\n<meta property=\"article:modified_time\" content=\"2018-04-12T13:23:19+00:00\" \/>\n<meta property=\"og:image\" content=\"https:\/\/equitherapie-bourgogne.fr\/wp-content\/uploads\/2017\/05\/Bejin_1_t.800.jpg\" \/>\n\t<meta property=\"og:image:width\" content=\"1170\" \/>\n\t<meta property=\"og:image:height\" content=\"338\" \/>\n\t<meta property=\"og:image:type\" content=\"image\/jpeg\" \/>\n<meta name=\"twitter:card\" content=\"summary_large_image\" \/>\n<meta name=\"twitter:label1\" content=\"Dur\u00e9e de lecture estim\u00e9e\" \/>\n\t<meta name=\"twitter:data1\" content=\"1 minute\" \/>\n<script type=\"application\/ld+json\" class=\"yoast-schema-graph\">{\"@context\":\"https:\/\/schema.org\",\"@graph\":[{\"@type\":\"WebPage\",\"@id\":\"https:\/\/equitherapie-bourgogne.fr\/index.php\/equitation\/equitation-symbolique\/\",\"url\":\"https:\/\/equitherapie-bourgogne.fr\/index.php\/equitation\/equitation-symbolique\/\",\"name\":\"Equitation symbolique - A Cheval sur Soi\",\"isPartOf\":{\"@id\":\"https:\/\/equitherapie-bourgogne.fr\/#website\"},\"primaryImageOfPage\":{\"@id\":\"https:\/\/equitherapie-bourgogne.fr\/index.php\/equitation\/equitation-symbolique\/#primaryimage\"},\"image\":{\"@id\":\"https:\/\/equitherapie-bourgogne.fr\/index.php\/equitation\/equitation-symbolique\/#primaryimage\"},\"thumbnailUrl\":\"https:\/\/equitherapie-bourgogne.fr\/wp-content\/uploads\/2017\/05\/Bejin_1_t.800.jpg\",\"datePublished\":\"2017-05-15T09:37:11+00:00\",\"dateModified\":\"2018-04-12T13:23:19+00:00\",\"breadcrumb\":{\"@id\":\"https:\/\/equitherapie-bourgogne.fr\/index.php\/equitation\/equitation-symbolique\/#breadcrumb\"},\"inLanguage\":\"fr-FR\",\"potentialAction\":[{\"@type\":\"ReadAction\",\"target\":[\"https:\/\/equitherapie-bourgogne.fr\/index.php\/equitation\/equitation-symbolique\/\"]}]},{\"@type\":\"ImageObject\",\"inLanguage\":\"fr-FR\",\"@id\":\"https:\/\/equitherapie-bourgogne.fr\/index.php\/equitation\/equitation-symbolique\/#primaryimage\",\"url\":\"https:\/\/equitherapie-bourgogne.fr\/wp-content\/uploads\/2017\/05\/Bejin_1_t.800.jpg\",\"contentUrl\":\"https:\/\/equitherapie-bourgogne.fr\/wp-content\/uploads\/2017\/05\/Bejin_1_t.800.jpg\",\"width\":1170,\"height\":338},{\"@type\":\"BreadcrumbList\",\"@id\":\"https:\/\/equitherapie-bourgogne.fr\/index.php\/equitation\/equitation-symbolique\/#breadcrumb\",\"itemListElement\":[{\"@type\":\"ListItem\",\"position\":1,\"name\":\"Accueil\",\"item\":\"https:\/\/equitherapie-bourgogne.fr\/\"},{\"@type\":\"ListItem\",\"position\":2,\"name\":\"\u00e9quitation\",\"item\":\"https:\/\/equitherapie-bourgogne.fr\/index.php\/equitation\/\"},{\"@type\":\"ListItem\",\"position\":3,\"name\":\"Equitation symbolique\"}]},{\"@type\":\"WebSite\",\"@id\":\"https:\/\/equitherapie-bourgogne.fr\/#website\",\"url\":\"https:\/\/equitherapie-bourgogne.fr\/\",\"name\":\"A Cheval sur Soi\",\"description\":\"CENTRE \u00c9QUESTRE TRANSDISCIPLINAIRE\",\"potentialAction\":[{\"@type\":\"SearchAction\",\"target\":{\"@type\":\"EntryPoint\",\"urlTemplate\":\"https:\/\/equitherapie-bourgogne.fr\/?s={search_term_string}\"},\"query-input\":{\"@type\":\"PropertyValueSpecification\",\"valueRequired\":true,\"valueName\":\"search_term_string\"}}],\"inLanguage\":\"fr-FR\"}]}<\/script>\n<!-- \/ Yoast SEO plugin. -->","yoast_head_json":{"title":"Equitation symbolique - A Cheval sur Soi","robots":{"index":"index","follow":"follow","max-snippet":"max-snippet:-1","max-image-preview":"max-image-preview:large","max-video-preview":"max-video-preview:-1"},"canonical":"https:\/\/equitherapie-bourgogne.fr\/index.php\/equitation\/equitation-symbolique\/","og_locale":"fr_FR","og_type":"article","og_title":"Equitation symbolique - A Cheval sur Soi","og_description":"Au niveau de la recherche d\u2019un mieux \u00eatre, d\u2019une meilleure compr\u00e9hension de soi et des autres, le cheval est l\u2019une des portes d\u2019entr\u00e9e qui peut nous ouvrir au monde. Notre nature profonde est celle de la cr\u00e9ativit\u00e9. Comment, au sein...Savoir plus","og_url":"https:\/\/equitherapie-bourgogne.fr\/index.php\/equitation\/equitation-symbolique\/","og_site_name":"A Cheval sur Soi","article_modified_time":"2018-04-12T13:23:19+00:00","og_image":[{"width":1170,"height":338,"url":"https:\/\/equitherapie-bourgogne.fr\/wp-content\/uploads\/2017\/05\/Bejin_1_t.800.jpg","type":"image\/jpeg"}],"twitter_card":"summary_large_image","twitter_misc":{"Dur\u00e9e de lecture estim\u00e9e":"1 minute"},"schema":{"@context":"https:\/\/schema.org","@graph":[{"@type":"WebPage","@id":"https:\/\/equitherapie-bourgogne.fr\/index.php\/equitation\/equitation-symbolique\/","url":"https:\/\/equitherapie-bourgogne.fr\/index.php\/equitation\/equitation-symbolique\/","name":"Equitation symbolique - A Cheval sur Soi","isPartOf":{"@id":"https:\/\/equitherapie-bourgogne.fr\/#website"},"primaryImageOfPage":{"@id":"https:\/\/equitherapie-bourgogne.fr\/index.php\/equitation\/equitation-symbolique\/#primaryimage"},"image":{"@id":"https:\/\/equitherapie-bourgogne.fr\/index.php\/equitation\/equitation-symbolique\/#primaryimage"},"thumbnailUrl":"https:\/\/equitherapie-bourgogne.fr\/wp-content\/uploads\/2017\/05\/Bejin_1_t.800.jpg","datePublished":"2017-05-15T09:37:11+00:00","dateModified":"2018-04-12T13:23:19+00:00","breadcrumb":{"@id":"https:\/\/equitherapie-bourgogne.fr\/index.php\/equitation\/equitation-symbolique\/#breadcrumb"},"inLanguage":"fr-FR","potentialAction":[{"@type":"ReadAction","target":["https:\/\/equitherapie-bourgogne.fr\/index.php\/equitation\/equitation-symbolique\/"]}]},{"@type":"ImageObject","inLanguage":"fr-FR","@id":"https:\/\/equitherapie-bourgogne.fr\/index.php\/equitation\/equitation-symbolique\/#primaryimage","url":"https:\/\/equitherapie-bourgogne.fr\/wp-content\/uploads\/2017\/05\/Bejin_1_t.800.jpg","contentUrl":"https:\/\/equitherapie-bourgogne.fr\/wp-content\/uploads\/2017\/05\/Bejin_1_t.800.jpg","width":1170,"height":338},{"@type":"BreadcrumbList","@id":"https:\/\/equitherapie-bourgogne.fr\/index.php\/equitation\/equitation-symbolique\/#breadcrumb","itemListElement":[{"@type":"ListItem","position":1,"name":"Accueil","item":"https:\/\/equitherapie-bourgogne.fr\/"},{"@type":"ListItem","position":2,"name":"\u00e9quitation","item":"https:\/\/equitherapie-bourgogne.fr\/index.php\/equitation\/"},{"@type":"ListItem","position":3,"name":"Equitation symbolique"}]},{"@type":"WebSite","@id":"https:\/\/equitherapie-bourgogne.fr\/#website","url":"https:\/\/equitherapie-bourgogne.fr\/","name":"A Cheval sur Soi","description":"CENTRE \u00c9QUESTRE TRANSDISCIPLINAIRE","potentialAction":[{"@type":"SearchAction","target":{"@type":"EntryPoint","urlTemplate":"https:\/\/equitherapie-bourgogne.fr\/?s={search_term_string}"},"query-input":{"@type":"PropertyValueSpecification","valueRequired":true,"valueName":"search_term_string"}}],"inLanguage":"fr-FR"}]}},"_links":{"self":[{"href":"https:\/\/equitherapie-bourgogne.fr\/index.php\/wp-json\/wp\/v2\/pages\/495","targetHints":{"allow":["GET"]}}],"collection":[{"href":"https:\/\/equitherapie-bourgogne.fr\/index.php\/wp-json\/wp\/v2\/pages"}],"about":[{"href":"https:\/\/equitherapie-bourgogne.fr\/index.php\/wp-json\/wp\/v2\/types\/page"}],"author":[{"embeddable":true,"href":"https:\/\/equitherapie-bourgogne.fr\/index.php\/wp-json\/wp\/v2\/users\/1"}],"replies":[{"embeddable":true,"href":"https:\/\/equitherapie-bourgogne.fr\/index.php\/wp-json\/wp\/v2\/comments?post=495"}],"version-history":[{"count":3,"href":"https:\/\/equitherapie-bourgogne.fr\/index.php\/wp-json\/wp\/v2\/pages\/495\/revisions"}],"predecessor-version":[{"id":754,"href":"https:\/\/equitherapie-bourgogne.fr\/index.php\/wp-json\/wp\/v2\/pages\/495\/revisions\/754"}],"up":[{"embeddable":true,"href":"https:\/\/equitherapie-bourgogne.fr\/index.php\/wp-json\/wp\/v2\/pages\/8"}],"wp:featuredmedia":[{"embeddable":true,"href":"https:\/\/equitherapie-bourgogne.fr\/index.php\/wp-json\/wp\/v2\/media\/498"}],"wp:attachment":[{"href":"https:\/\/equitherapie-bourgogne.fr\/index.php\/wp-json\/wp\/v2\/media?parent=495"}],"curies":[{"name":"wp","href":"https:\/\/api.w.org\/{rel}","templated":true}]}}