{"id":200,"date":"2017-02-16T19:52:09","date_gmt":"2017-02-16T18:52:09","guid":{"rendered":"http:\/\/equitherapie-bourgogne.fr\/?page_id=200"},"modified":"2018-04-12T15:04:00","modified_gmt":"2018-04-12T13:04:00","slug":"historique","status":"publish","type":"page","link":"https:\/\/equitherapie-bourgogne.fr\/index.php\/lequitherapie-en-bourgogne\/historique\/","title":{"rendered":"Historique"},"content":{"rendered":"<div id=\"pl-200\"  class=\"panel-layout\" ><div id=\"pg-200-0\"  class=\"panel-grid panel-no-style\" ><div id=\"pgc-200-0-0\"  class=\"panel-grid-cell\" ><div id=\"panel-200-0-0-0\" class=\"so-panel widget widget_sow-editor panel-first-child panel-last-child\" data-index=\"0\" ><div\n\t\t\t\n\t\t\tclass=\"so-widget-sow-editor so-widget-sow-editor-base\"\n\t\t\t\n\t\t>\n<div class=\"siteorigin-widget-tinymce textwidget\">\n\t<h4><em>La cr\u00e9ation de ce centre est li\u00e9e \u00e0 une histoire de vie, une vie o\u00f9 les chevaux sont une des pi\u00e8ces ma\u00eetresses.<\/em><\/h4>\n<p>\u00a0<\/p>\n<p>En dehors des dates factuelles et des \u00e9v\u00e8nements de la construction du man\u00e8ge et des \u00a0installations, c\u2019est\u00a0 une aventure humaine autour d\u2019un processus cr\u00e9atif mis au service d\u2019une d\u00e9marche d\u2019aide \u00e0 l'autre et \u00e0 soi.<\/p>\n<\/div>\n<\/div><\/div><\/div><\/div><div id=\"pg-200-1\"  class=\"panel-grid panel-no-style\" ><div id=\"pgc-200-1-0\"  class=\"panel-grid-cell\" ><div id=\"panel-200-1-0-0\" class=\"so-panel widget widget_sow-editor panel-first-child panel-last-child\" data-index=\"1\" ><div\n\t\t\t\n\t\t\tclass=\"so-widget-sow-editor so-widget-sow-editor-base\"\n\t\t\t\n\t\t>\n<div class=\"siteorigin-widget-tinymce textwidget\">\n\t<blockquote>\n<p>\u00a0\u00ab\u00a0Au cours de l\u2019ann\u00e9e 2006, des rencontres viennent \u00a0mettre le coup de pied n\u00e9cessaire \u00e0 une vie routini\u00e8re pleine de r\u00eaves inachev\u00e9s en germent depuis des ann\u00e9es.<\/p>\n<p>Sur un \u00e9lan encore incertain, je d\u00e9cide de cr\u00e9er une structure ind\u00e9pendante o\u00f9, des chevaux, et des personnes en qu\u00eate de sens, puissent se rencontrer. Je \u00a0cherche un nom porteur. \u00ab\u00a0A cheval sur soi\u00a0\u00bb vient comme une \u00e9vidence inconsciente et ressort parmi de nombreux autres jeux de mots.<\/p>\n<p>\u00a0<\/p>\n<p><span style=\"text-decoration: underline;\">D\u00e9cembre 2006<\/span><\/p>\n<p>la pr\u00e9fecture re\u00e7oit les papiers de cr\u00e9ation de l\u2019association. Une premi\u00e8re \u00e9criture l\u00e9gale\u00a0officialise le premier pas d\u2019une nouvelle vie. C\u2019est le saut dans l\u2019inconnu.<\/p>\n<p>\u00a0<\/p>\n<p><span style=\"text-decoration: underline;\">Ann\u00e9e 2007<\/span><\/p>\n<p>Tout s\u2019enclenche. J\u2019acc\u00e9l\u00e8re les d\u00e9marches\u00a0: inscription \u00e0 la formation de\u00a0 la <a href=\"http:\/\/www.fentac.org\/\" target=\"_blank\">FENTAC<\/a>, d\u00e9but d\u2019une VAE d\u2019enseignement \u00e9questre, contact de financeurs potentiels et pr\u00e9sentation du projet aux \u00e9lus.<\/p>\n<p>Le projet malgr\u00e9 sont improbable r\u00e9ussite mat\u00e9riel et financi\u00e8re, au fond d\u2019un Morvan vieillissant et d\u00e9peupl\u00e9, rencontre un appui territorial. Des subventionneurs font confiance \u00e0 mon discours passionn\u00e9 et tentent l\u2019aventure avec moi.<\/p>\n<p>\u00a0<\/p>\n<p><span style=\"text-decoration: underline;\"><a href=\"http:\/\/equitherapie-bourgogne.fr\/wp-content\/uploads\/2017\/02\/historique-2.jpg\"><img loading=\"lazy\" decoding=\"async\" class=\"alignright wp-image-306 \" src=\"http:\/\/equitherapie-bourgogne.fr\/wp-content\/uploads\/2017\/02\/historique-2-800x600.jpg\" alt=\"historique (2)\" width=\"133\" height=\"100\" data-id=\"306\" srcset=\"https:\/\/equitherapie-bourgogne.fr\/wp-content\/uploads\/2017\/02\/historique-2-800x600.jpg 800w, https:\/\/equitherapie-bourgogne.fr\/wp-content\/uploads\/2017\/02\/historique-2-768x576.jpg 768w, https:\/\/equitherapie-bourgogne.fr\/wp-content\/uploads\/2017\/02\/historique-2-693x520.jpg 693w, https:\/\/equitherapie-bourgogne.fr\/wp-content\/uploads\/2017\/02\/historique-2-1170x878.jpg 1170w\" sizes=\"auto, (max-width: 133px) 100vw, 133px\" \/><\/a>Ann\u00e9e 2008<\/span><\/p>\n<p>Mes proches m\u2019accompagnent aussi dans cette \u00ab\u00a0folie\u00a0\u00bb. Nous \u00e9laborons les plans en famille \u00a0et contactons des entreprises. Les travaux du man\u00e8ge d\u00e9marrent en mai 2008 \u00a0et c\u2019est ma propre construction que je vois grandir tous les jours.<\/p>\n<p>\u00a0<\/p>\n<p><span style=\"text-decoration: underline;\"><a href=\"http:\/\/equitherapie-bourgogne.fr\/wp-content\/uploads\/2017\/02\/historique.jpg\"><img loading=\"lazy\" decoding=\"async\" class=\"wp-image-307 alignright\" src=\"http:\/\/equitherapie-bourgogne.fr\/wp-content\/uploads\/2017\/02\/historique-800x600.jpg\" alt=\"historique\" width=\"140\" height=\"105\" data-id=\"307\" srcset=\"https:\/\/equitherapie-bourgogne.fr\/wp-content\/uploads\/2017\/02\/historique-800x600.jpg 800w, https:\/\/equitherapie-bourgogne.fr\/wp-content\/uploads\/2017\/02\/historique-768x576.jpg 768w, https:\/\/equitherapie-bourgogne.fr\/wp-content\/uploads\/2017\/02\/historique-693x520.jpg 693w, https:\/\/equitherapie-bourgogne.fr\/wp-content\/uploads\/2017\/02\/historique-1170x878.jpg 1170w\" sizes=\"auto, (max-width: 140px) 100vw, 140px\" \/><\/a>Ann\u00e9e 2009<\/span><\/p>\n<p>Le squelette du centre est termin\u00e9\u00a0! Les premi\u00e8res prises en charge seront dor\u00e9navant \u00e0 l\u2019abri. Les premiers salari\u00e9s, apprentis et stagiaires viennent enrichir l\u2019aventure. La p\u00e9rennit\u00e9, l\u2019organisation globale du centre sont misent \u00e0 l\u2019\u00e9preuve.<\/p>\n<\/blockquote>\n<p>\u00a0<\/p>\n<\/div>\n<\/div><\/div><\/div><div id=\"pgc-200-1-1\"  class=\"panel-grid-cell\" ><div id=\"panel-200-1-1-0\" class=\"so-panel widget widget_sow-editor panel-first-child panel-last-child\" data-index=\"2\" ><div\n\t\t\t\n\t\t\tclass=\"so-widget-sow-editor so-widget-sow-editor-base\"\n\t\t\t\n\t\t>\n<div class=\"siteorigin-widget-tinymce textwidget\">\n\t<blockquote>\n<p><span style=\"text-decoration: underline;\">En 2012<br \/><\/span>Nous tentons la cr\u00e9ation d\u2019une \u00e9cole alternative qui r\u00e9volutionne pendant 4 ans les habitudes d\u00e9j\u00e0 prisent. Le pari est r\u00e9ussi malgr\u00e9 la fin du projet en 2016.<\/p>\n<p>\u00a0<\/p>\n<p><span style=\"text-decoration: underline;\"><a href=\"http:\/\/equitherapie-bourgogne.fr\/wp-content\/uploads\/2016\/11\/ChrystopheGOURDET.jpg\"><img loading=\"lazy\" decoding=\"async\" class=\"alignright wp-image-207\" src=\"http:\/\/equitherapie-bourgogne.fr\/wp-content\/uploads\/2016\/11\/ChrystopheGOURDET-300x246.jpg\" alt=\"ChrystopheGOURDET\" width=\"133\" height=\"109\" data-id=\"207\" srcset=\"https:\/\/equitherapie-bourgogne.fr\/wp-content\/uploads\/2016\/11\/ChrystopheGOURDET-300x246.jpg 300w, https:\/\/equitherapie-bourgogne.fr\/wp-content\/uploads\/2016\/11\/ChrystopheGOURDET.jpg 641w\" sizes=\"auto, (max-width: 133px) 100vw, 133px\" \/><\/a>En Ao\u00fbt 2013<\/span><\/p>\n<p>Chrystophe Gourdet vient mettre un beau coup de pouce \u00e0 la maintenance \u00a0des 20 hectares et nous apporte une nouvelle pierre \u00e0 l\u2019\u00e9difice\u00a0: le tir \u00e0 l\u2019arc. Ses comp\u00e9tences p\u00e9dagogiques nous permettent de cr\u00e9er une section tir \u00e0 l'arc \u00e0 cheval et le conduira en 2015 \u00e0 cr\u00e9er l'association \u00ab<a href=\"http:\/\/equitherapie-bourgogne.fr\/index.php\/activites\/tir-a-larc-a-cheval\/\">Arch\u00e9val <\/a>\u00bb.<\/p>\n<p>\u00a0<\/p>\n<p><span style=\"text-decoration: underline;\"><a href=\"http:\/\/equitherapie-bourgogne.fr\/wp-content\/uploads\/2016\/11\/Laetitia-photo.jpg\"><img loading=\"lazy\" decoding=\"async\" class=\"wp-image-206 alignright\" src=\"http:\/\/equitherapie-bourgogne.fr\/wp-content\/uploads\/2016\/11\/Laetitia-photo-300x232.jpg\" alt=\"Laetitia photo\" width=\"138\" height=\"107\" data-id=\"206\" srcset=\"https:\/\/equitherapie-bourgogne.fr\/wp-content\/uploads\/2016\/11\/Laetitia-photo-300x232.jpg 300w, https:\/\/equitherapie-bourgogne.fr\/wp-content\/uploads\/2016\/11\/Laetitia-photo.jpg 557w\" sizes=\"auto, (max-width: 138px) 100vw, 138px\" \/><\/a><\/span><span style=\"text-decoration: underline;\">En 2014<\/span><\/p>\n<p>L\u2019\u00e9quipe th\u00e9rapeutique s\u2019agrandit. Laetitia MARTY vient compl\u00e9ter mes comp\u00e9tences\u00a0et offre une possibilit\u00e9 de collaboration r\u00e9elle au sein de la structure. La mise en place d\u2019une supervision d\u2019\u00e9quipe avec Andr\u00e9 REBOUX vient valider le d\u00e9sir de s\u2019\u00e9toffer.<\/p>\n<p>\u00a0<\/p>\n<p><span style=\"text-decoration: underline;\"><a href=\"http:\/\/equitherapie-bourgogne.fr\/wp-content\/uploads\/2016\/11\/Th\u00e9\u00e2tre-equestre.jpg\"><img loading=\"lazy\" decoding=\"async\" class=\"alignright wp-image-222\" src=\"http:\/\/equitherapie-bourgogne.fr\/wp-content\/uploads\/2016\/11\/Th\u00e9\u00e2tre-equestre-300x226.jpg\" alt=\"Th\u00e9\u00e2tre \u00e9questre\" width=\"137\" height=\"104\" data-id=\"222\" srcset=\"https:\/\/equitherapie-bourgogne.fr\/wp-content\/uploads\/2016\/11\/Th\u00e9\u00e2tre-equestre-300x226.jpg 300w, https:\/\/equitherapie-bourgogne.fr\/wp-content\/uploads\/2016\/11\/Th\u00e9\u00e2tre-equestre.jpg 433w\" sizes=\"auto, (max-width: 137px) 100vw, 137px\" \/><\/a>Avril 2016<\/span><\/p>\n<p>La cr\u00e9ation du spectacle\u00a0 \u00ab\u00a0le songe d''Isha\u00a0\u00bb par Savana Milcent vient conforter que le centre est le lieu d'un possible culturel et artististique.<\/p>\n<p>\u00a0<\/p>\n<p><span style=\"text-decoration: underline;\">Juin 2016<\/span><\/p>\n<p>Apr\u00e8s avoir f\u00eater les 10 ans de ce r\u00eave r\u00e9alis\u00e9 en juin 2016, je mesure la v\u00e9ritable aventure personnelle et humaine qui sous-tend cette cr\u00e9ation.<\/p>\n<\/blockquote>\n<\/div>\n<\/div><\/div><\/div><\/div><div id=\"pg-200-2\"  class=\"panel-grid panel-no-style\" ><div id=\"pgc-200-2-0\"  class=\"panel-grid-cell\" ><div id=\"panel-200-2-0-0\" class=\"so-panel widget widget_sow-editor panel-first-child panel-last-child\" data-index=\"3\" ><div\n\t\t\t\n\t\t\tclass=\"so-widget-sow-editor so-widget-sow-editor-base\"\n\t\t\t\n\t\t>\n<div class=\"siteorigin-widget-tinymce textwidget\">\n\t<p><strong>\u00ab\u00a0A cheval sur soi\u00a0\u00bb, au service de ceux qui viennent chercher une pi\u00e8ce \u00e0 leur puzzle personnel, \u00a0est \u00a0devenu\u00a0 un espace de relation o\u00f9 chacun peut exp\u00e9rimenter au quotidien ce qu\u2019on appelle \u00ab\u00a0\u00eatre \u00e0 sa place\u00a0\u00bb.<\/strong><\/p>\n<p style=\"padding-left: 30px;\"><em>Nathalie FRILLEY\u00a0<\/em><\/p>\n<p>\u00a0<\/p>\n<\/div>\n<\/div><\/div><\/div><\/div><\/div>","protected":false},"excerpt":{"rendered":"<p>La cr\u00e9ation de ce centre est li\u00e9e \u00e0 une histoire de vie, une vie o\u00f9 les chevaux sont une des pi\u00e8ces ma\u00eetresses.\u00a0En dehors des dates factuelles et des \u00e9v\u00e8nements de la construction du man\u00e8ge et des \u00a0installations, c\u2019est\u00a0 une aventure&#8230;<br \/><a class=\"read-more-button\" href=\"https:\/\/equitherapie-bourgogne.fr\/index.php\/lequitherapie-en-bourgogne\/historique\/\">Savoir plus<\/a><\/p>\n","protected":false},"author":1,"featured_media":451,"parent":19,"menu_order":0,"comment_status":"closed","ping_status":"closed","template":"template-full-width.php","meta":{"footnotes":""},"class_list":["post-200","page","type-page","status-publish","has-post-thumbnail","hentry"],"yoast_head":"<!-- This site is optimized with the Yoast SEO plugin v24.7 - https:\/\/yoast.com\/wordpress\/plugins\/seo\/ -->\n<title>Historique - A Cheval sur Soi<\/title>\n<meta name=\"robots\" content=\"index, follow, max-snippet:-1, max-image-preview:large, max-video-preview:-1\" \/>\n<link rel=\"canonical\" href=\"https:\/\/equitherapie-bourgogne.fr\/index.php\/lequitherapie-en-bourgogne\/historique\/\" \/>\n<meta property=\"og:locale\" content=\"fr_FR\" \/>\n<meta property=\"og:type\" content=\"article\" \/>\n<meta property=\"og:title\" content=\"Historique - A Cheval sur Soi\" \/>\n<meta property=\"og:description\" content=\"La cr\u00e9ation de ce centre est li\u00e9e \u00e0 une histoire de vie, une vie o\u00f9 les chevaux sont une des pi\u00e8ces ma\u00eetresses.\u00a0En dehors des dates factuelles et des \u00e9v\u00e8nements de la construction du man\u00e8ge et des \u00a0installations, c\u2019est\u00a0 une aventure...Savoir plus\" \/>\n<meta property=\"og:url\" content=\"https:\/\/equitherapie-bourgogne.fr\/index.php\/lequitherapie-en-bourgogne\/historique\/\" \/>\n<meta property=\"og:site_name\" content=\"A Cheval sur Soi\" \/>\n<meta property=\"article:modified_time\" content=\"2018-04-12T13:04:00+00:00\" \/>\n<meta property=\"og:image\" content=\"https:\/\/equitherapie-bourgogne.fr\/wp-content\/uploads\/2017\/02\/Construction-centre-equestre-1170x338.jpg\" \/>\n\t<meta property=\"og:image:width\" content=\"1170\" \/>\n\t<meta property=\"og:image:height\" content=\"338\" \/>\n\t<meta property=\"og:image:type\" content=\"image\/jpeg\" \/>\n<meta name=\"twitter:card\" content=\"summary_large_image\" \/>\n<meta name=\"twitter:label1\" content=\"Dur\u00e9e de lecture estim\u00e9e\" \/>\n\t<meta name=\"twitter:data1\" content=\"3 minutes\" \/>\n<script type=\"application\/ld+json\" class=\"yoast-schema-graph\">{\"@context\":\"https:\/\/schema.org\",\"@graph\":[{\"@type\":\"WebPage\",\"@id\":\"https:\/\/equitherapie-bourgogne.fr\/index.php\/lequitherapie-en-bourgogne\/historique\/\",\"url\":\"https:\/\/equitherapie-bourgogne.fr\/index.php\/lequitherapie-en-bourgogne\/historique\/\",\"name\":\"Historique - A Cheval sur Soi\",\"isPartOf\":{\"@id\":\"https:\/\/equitherapie-bourgogne.fr\/#website\"},\"primaryImageOfPage\":{\"@id\":\"https:\/\/equitherapie-bourgogne.fr\/index.php\/lequitherapie-en-bourgogne\/historique\/#primaryimage\"},\"image\":{\"@id\":\"https:\/\/equitherapie-bourgogne.fr\/index.php\/lequitherapie-en-bourgogne\/historique\/#primaryimage\"},\"thumbnailUrl\":\"https:\/\/equitherapie-bourgogne.fr\/wp-content\/uploads\/2017\/02\/Construction-centre-equestre-1170x338.jpg\",\"datePublished\":\"2017-02-16T18:52:09+00:00\",\"dateModified\":\"2018-04-12T13:04:00+00:00\",\"breadcrumb\":{\"@id\":\"https:\/\/equitherapie-bourgogne.fr\/index.php\/lequitherapie-en-bourgogne\/historique\/#breadcrumb\"},\"inLanguage\":\"fr-FR\",\"potentialAction\":[{\"@type\":\"ReadAction\",\"target\":[\"https:\/\/equitherapie-bourgogne.fr\/index.php\/lequitherapie-en-bourgogne\/historique\/\"]}]},{\"@type\":\"ImageObject\",\"inLanguage\":\"fr-FR\",\"@id\":\"https:\/\/equitherapie-bourgogne.fr\/index.php\/lequitherapie-en-bourgogne\/historique\/#primaryimage\",\"url\":\"https:\/\/equitherapie-bourgogne.fr\/wp-content\/uploads\/2017\/02\/Construction-centre-equestre-1170x338.jpg\",\"contentUrl\":\"https:\/\/equitherapie-bourgogne.fr\/wp-content\/uploads\/2017\/02\/Construction-centre-equestre-1170x338.jpg\",\"width\":1170,\"height\":338},{\"@type\":\"BreadcrumbList\",\"@id\":\"https:\/\/equitherapie-bourgogne.fr\/index.php\/lequitherapie-en-bourgogne\/historique\/#breadcrumb\",\"itemListElement\":[{\"@type\":\"ListItem\",\"position\":1,\"name\":\"Accueil\",\"item\":\"https:\/\/equitherapie-bourgogne.fr\/\"},{\"@type\":\"ListItem\",\"position\":2,\"name\":\"A Cheval Sur Soi\",\"item\":\"https:\/\/equitherapie-bourgogne.fr\/\"},{\"@type\":\"ListItem\",\"position\":3,\"name\":\"Historique\"}]},{\"@type\":\"WebSite\",\"@id\":\"https:\/\/equitherapie-bourgogne.fr\/#website\",\"url\":\"https:\/\/equitherapie-bourgogne.fr\/\",\"name\":\"A Cheval sur Soi\",\"description\":\"CENTRE \u00c9QUESTRE TRANSDISCIPLINAIRE\",\"potentialAction\":[{\"@type\":\"SearchAction\",\"target\":{\"@type\":\"EntryPoint\",\"urlTemplate\":\"https:\/\/equitherapie-bourgogne.fr\/?s={search_term_string}\"},\"query-input\":{\"@type\":\"PropertyValueSpecification\",\"valueRequired\":true,\"valueName\":\"search_term_string\"}}],\"inLanguage\":\"fr-FR\"}]}<\/script>\n<!-- \/ Yoast SEO plugin. -->","yoast_head_json":{"title":"Historique - A Cheval sur Soi","robots":{"index":"index","follow":"follow","max-snippet":"max-snippet:-1","max-image-preview":"max-image-preview:large","max-video-preview":"max-video-preview:-1"},"canonical":"https:\/\/equitherapie-bourgogne.fr\/index.php\/lequitherapie-en-bourgogne\/historique\/","og_locale":"fr_FR","og_type":"article","og_title":"Historique - A Cheval sur Soi","og_description":"La cr\u00e9ation de ce centre est li\u00e9e \u00e0 une histoire de vie, une vie o\u00f9 les chevaux sont une des pi\u00e8ces ma\u00eetresses.\u00a0En dehors des dates factuelles et des \u00e9v\u00e8nements de la construction du man\u00e8ge et des \u00a0installations, c\u2019est\u00a0 une aventure...Savoir plus","og_url":"https:\/\/equitherapie-bourgogne.fr\/index.php\/lequitherapie-en-bourgogne\/historique\/","og_site_name":"A Cheval sur Soi","article_modified_time":"2018-04-12T13:04:00+00:00","og_image":[{"width":1170,"height":338,"url":"https:\/\/equitherapie-bourgogne.fr\/wp-content\/uploads\/2017\/02\/Construction-centre-equestre-1170x338.jpg","type":"image\/jpeg"}],"twitter_card":"summary_large_image","twitter_misc":{"Dur\u00e9e de lecture estim\u00e9e":"3 minutes"},"schema":{"@context":"https:\/\/schema.org","@graph":[{"@type":"WebPage","@id":"https:\/\/equitherapie-bourgogne.fr\/index.php\/lequitherapie-en-bourgogne\/historique\/","url":"https:\/\/equitherapie-bourgogne.fr\/index.php\/lequitherapie-en-bourgogne\/historique\/","name":"Historique - A Cheval sur Soi","isPartOf":{"@id":"https:\/\/equitherapie-bourgogne.fr\/#website"},"primaryImageOfPage":{"@id":"https:\/\/equitherapie-bourgogne.fr\/index.php\/lequitherapie-en-bourgogne\/historique\/#primaryimage"},"image":{"@id":"https:\/\/equitherapie-bourgogne.fr\/index.php\/lequitherapie-en-bourgogne\/historique\/#primaryimage"},"thumbnailUrl":"https:\/\/equitherapie-bourgogne.fr\/wp-content\/uploads\/2017\/02\/Construction-centre-equestre-1170x338.jpg","datePublished":"2017-02-16T18:52:09+00:00","dateModified":"2018-04-12T13:04:00+00:00","breadcrumb":{"@id":"https:\/\/equitherapie-bourgogne.fr\/index.php\/lequitherapie-en-bourgogne\/historique\/#breadcrumb"},"inLanguage":"fr-FR","potentialAction":[{"@type":"ReadAction","target":["https:\/\/equitherapie-bourgogne.fr\/index.php\/lequitherapie-en-bourgogne\/historique\/"]}]},{"@type":"ImageObject","inLanguage":"fr-FR","@id":"https:\/\/equitherapie-bourgogne.fr\/index.php\/lequitherapie-en-bourgogne\/historique\/#primaryimage","url":"https:\/\/equitherapie-bourgogne.fr\/wp-content\/uploads\/2017\/02\/Construction-centre-equestre-1170x338.jpg","contentUrl":"https:\/\/equitherapie-bourgogne.fr\/wp-content\/uploads\/2017\/02\/Construction-centre-equestre-1170x338.jpg","width":1170,"height":338},{"@type":"BreadcrumbList","@id":"https:\/\/equitherapie-bourgogne.fr\/index.php\/lequitherapie-en-bourgogne\/historique\/#breadcrumb","itemListElement":[{"@type":"ListItem","position":1,"name":"Accueil","item":"https:\/\/equitherapie-bourgogne.fr\/"},{"@type":"ListItem","position":2,"name":"A Cheval Sur Soi","item":"https:\/\/equitherapie-bourgogne.fr\/"},{"@type":"ListItem","position":3,"name":"Historique"}]},{"@type":"WebSite","@id":"https:\/\/equitherapie-bourgogne.fr\/#website","url":"https:\/\/equitherapie-bourgogne.fr\/","name":"A Cheval sur Soi","description":"CENTRE \u00c9QUESTRE TRANSDISCIPLINAIRE","potentialAction":[{"@type":"SearchAction","target":{"@type":"EntryPoint","urlTemplate":"https:\/\/equitherapie-bourgogne.fr\/?s={search_term_string}"},"query-input":{"@type":"PropertyValueSpecification","valueRequired":true,"valueName":"search_term_string"}}],"inLanguage":"fr-FR"}]}},"_links":{"self":[{"href":"https:\/\/equitherapie-bourgogne.fr\/index.php\/wp-json\/wp\/v2\/pages\/200","targetHints":{"allow":["GET"]}}],"collection":[{"href":"https:\/\/equitherapie-bourgogne.fr\/index.php\/wp-json\/wp\/v2\/pages"}],"about":[{"href":"https:\/\/equitherapie-bourgogne.fr\/index.php\/wp-json\/wp\/v2\/types\/page"}],"author":[{"embeddable":true,"href":"https:\/\/equitherapie-bourgogne.fr\/index.php\/wp-json\/wp\/v2\/users\/1"}],"replies":[{"embeddable":true,"href":"https:\/\/equitherapie-bourgogne.fr\/index.php\/wp-json\/wp\/v2\/comments?post=200"}],"version-history":[{"count":12,"href":"https:\/\/equitherapie-bourgogne.fr\/index.php\/wp-json\/wp\/v2\/pages\/200\/revisions"}],"predecessor-version":[{"id":748,"href":"https:\/\/equitherapie-bourgogne.fr\/index.php\/wp-json\/wp\/v2\/pages\/200\/revisions\/748"}],"up":[{"embeddable":true,"href":"https:\/\/equitherapie-bourgogne.fr\/index.php\/wp-json\/wp\/v2\/pages\/19"}],"wp:featuredmedia":[{"embeddable":true,"href":"https:\/\/equitherapie-bourgogne.fr\/index.php\/wp-json\/wp\/v2\/media\/451"}],"wp:attachment":[{"href":"https:\/\/equitherapie-bourgogne.fr\/index.php\/wp-json\/wp\/v2\/media?parent=200"}],"curies":[{"name":"wp","href":"https:\/\/api.w.org\/{rel}","templated":true}]}}