{"id":19,"date":"2016-09-30T15:21:06","date_gmt":"2016-09-30T13:21:06","guid":{"rendered":"http:\/\/equitherapie-bourgogne.fr\/?page_id=19"},"modified":"2020-12-22T11:28:20","modified_gmt":"2020-12-22T10:28:20","slug":"lequitherapie-en-bourgogne","status":"publish","type":"page","link":"https:\/\/equitherapie-bourgogne.fr\/","title":{"rendered":"A Cheval Sur Soi"},"content":{"rendered":"<div id=\"pl-19\"  class=\"panel-layout\" ><div id=\"pg-19-0\"  class=\"panel-grid panel-no-style\" ><div id=\"pgc-19-0-0\"  class=\"panel-grid-cell\" ><div id=\"panel-19-0-0-0\" class=\"so-panel widget widget_sow-editor panel-first-child panel-last-child\" data-index=\"0\" ><div\n\t\t\t\n\t\t\tclass=\"so-widget-sow-editor so-widget-sow-editor-base\"\n\t\t\t\n\t\t>\n<div class=\"siteorigin-widget-tinymce textwidget\">\n\t<h2 style=\"text-align: center;\"><span style=\"color: #024652;\"><em>\u00catre en mouvement, Cr\u00e9er un lien, Donner du sens<\/em><\/span><\/h2>\n<p><span style=\"color: #000000;\"><span style=\"font-family: Verdana,Arial,Helvetica,sans-serif;\">L'\u00e9quith\u00e9rapie, <a href=\"https:\/\/equitherapie-bourgogne.fr\/index.php\/therapie-avec-le-cheval\/\">la th\u00e9rapie avec le cheval<\/a>, l'<a href=\"http:\/\/equitherapie-bourgogne.fr\/index.php\/equitation\/equitation-sensitive\/\">\u00e9quitation sensitive<\/a> ou <a href=\"https:\/\/equitherapie-bourgogne.fr\/index.php\/equitation\/equitation-symbolique\/\">symbolique<\/a>, le <a href=\"https:\/\/equitherapie-bourgogne.fr\/index.php\/activites\/tir-a-larc-a-cheval\/\">tir \u00e0 l'arc \u00e0 cheval<\/a>, le <a href=\"https:\/\/equitherapie-bourgogne.fr\/index.php\/activites\/theatre-equestre\/\">th\u00e9\u00e2tre \u00e9questre<\/a>, l'exp\u00e9rience de la <a href=\"https:\/\/equitherapie-bourgogne.fr\/index.php\/activites\/chant\/\">voix \u00e0 cheval<\/a>, les <a href=\"https:\/\/equitherapie-bourgogne.fr\/index.php\/therapie-avec-le-cheval\/sejours-therapeutiques-de-ruptures\/\"><span style=\"text-decoration: underline; color: #3366ff;\">s\u00e9jours th\u00e9rapeutiques<\/span><\/a> et les randonn\u00e9es font parties de nos propositions pour entrer en relation avec ce formidable animal m\u00e9diateur qu'est le cheval. <\/span><\/span><\/p>\n<h4><span style=\"color: #000000;\"><span style=\"font-family: Verdana,Arial,Helvetica,sans-serif;\">A cheval sur soi est un centre \u00e9questre pluridisciplinaire qui propose diff\u00e9rentes voies pour cr\u00e9er une relation avec les chevaux et apprendre \u00e0 mieux se conna\u00eetre.<\/span><\/span><\/h4>\n<p><span style=\"color: #000000;\"><span style=\"font-family: Verdana,Arial,Helvetica,sans-serif;\">Nous pouvons \u00e9galement prendre en charge vos chevaux pour leur <a href=\"https:\/\/equitherapie-bourgogne.fr\/index.php\/equitation\/travail-du-cheval-debourrage-pension\/\">d\u00e9bourrage<\/a>, un travail sp\u00e9cifique ou simplement une <a href=\"https:\/\/equitherapie-bourgogne.fr\/index.php\/equitation\/travail-du-cheval-debourrage-pension\/\">pension<\/a>. Nos chevaux vivent au <a href=\"https:\/\/equitherapie-bourgogne.fr\/index.php\/chevaux\/au-pres-et-en-troupeau\/\">pr\u00e9 en troupeau<\/a>, au plus pr\u00e8s possible de leur nature nomade et gr\u00e9gaire.<br \/>Ils sont tous <a href=\"https:\/\/equitherapie-bourgogne.fr\/index.php\/chevaux\/mors\/\">pieds nus<\/a> et sont mont\u00e9s <a href=\"http:\/\/equitherapie-bourgogne.fr\/index.php\/chevaux\/mors\/\">sans mors<\/a> afin de mieux respecter leur int\u00e9grit\u00e9 physique. <a href=\"https:\/\/equitherapie-bourgogne.fr\/index.php\/lequitherapie-en-bourgogne\/centre-equestre\/\">Nos installations<\/a> : man\u00e8ge, box, salles de r\u00e9union ... permettent de travailler dans de bonnes conditions toutes l'ann\u00e9e. <br \/>Les for\u00eats du Parc R\u00e9gional de Morvan nous accueillent pour nos randonn\u00e9es ou nos s\u00e9ances de th\u00e9rapie et nous permet de travailler au plus pr\u00e8s d'une nature pr\u00e9serv\u00e9e.<\/span><\/span><\/p>\n<\/div>\n<\/div><\/div><\/div><\/div><div id=\"pg-19-1\"  class=\"panel-grid panel-no-style\" ><div id=\"pgc-19-1-0\"  class=\"panel-grid-cell\" ><div id=\"panel-19-1-0-0\" class=\"so-panel widget widget_sow-editor panel-first-child panel-last-child\" data-index=\"1\" ><div\n\t\t\t\n\t\t\tclass=\"so-widget-sow-editor so-widget-sow-editor-base\"\n\t\t\t\n\t\t>\n<div class=\"siteorigin-widget-tinymce textwidget\">\n\t<p style=\"text-align: center;\"><b>POUR LES CAVALIERS <\/b><\/p>\n<p style=\"text-align: center;\"><a href=\"https:\/\/equitherapie-bourgogne.fr\/wp-content\/uploads\/2016\/09\/Equitation.jpg\"><img loading=\"lazy\" decoding=\"async\" class=\"Ballade \u00e0 cheval dans le morvan alignleft wp-image-328 size-thumbnail\" src=\"http:\/\/equitherapie-bourgogne.fr\/wp-content\/uploads\/2016\/09\/Equitation-150x150.jpg\" alt=\"Equitation dans le morvan\" width=\"150\" height=\"150\" data-id=\"328\" \/><\/a><\/p>\n<ul>\n<li><a href=\"https:\/\/equitherapie-bourgogne.fr\/index.php\/equitation\/\">S\u00e9ances individuelles et personnalis\u00e9es pour cavaliers, de tout \u00e2ge et de tout niveau, en recherche d\u2019une meilleure communication avec son cheval.<\/a><\/li>\n<li>Remise en confiance pour cavalier en difficult\u00e9.<\/li>\n<li><a href=\"https:\/\/equitherapie-bourgogne.fr\/index.php\/equitation\/equitation-sensitive\/\">Stages d\u2019\u00e9quitation sensitive<\/a>, bas\u00e9e sur le lien entre le psychisme et le corporel et \u00e9quith\u00e9rapie<\/li>\n<li>Am\u00e9lioration de ses comp\u00e9tences techniques.<\/li>\n<\/ul>\n<\/div>\n<\/div><\/div><\/div><div id=\"pgc-19-1-1\"  class=\"panel-grid-cell\" ><div id=\"panel-19-1-1-0\" class=\"so-panel widget widget_sow-editor panel-first-child panel-last-child\" data-index=\"2\" ><div\n\t\t\t\n\t\t\tclass=\"so-widget-sow-editor so-widget-sow-editor-base\"\n\t\t\t\n\t\t>\n<div class=\"siteorigin-widget-tinymce textwidget\">\n\t<p style=\"text-align: center;\"><b>POUR LES CHEVAUX<\/b><\/p>\n<p style=\"text-align: center;\"><b><a href=\"https:\/\/equitherapie-bourgogne.fr\/index.php\/equitation\/travail-du-cheval-debourrage-pension\/\" data-wplink-edit=\"true\"><img loading=\"lazy\" decoding=\"async\" class=\"alignleft wp-image-361 size-thumbnail\" src=\"http:\/\/equitherapie-bourgogne.fr\/wp-content\/uploads\/2016\/11\/Pension...-4-150x150.jpg\" alt=\"pension au centre \u00e9questre \" width=\"150\" height=\"150\" data-id=\"368\" \/><\/a><\/b><\/p>\n<ul>\n<li style=\"text-align: left;\"><a href=\"https:\/\/equitherapie-bourgogne.fr\/index.php\/equitation\/travail-du-cheval-debourrage-pension\/\">D\u00e9bourrage et travail par une approche comportementale <\/a><\/li>\n<li><a href=\"https:\/\/equitherapie-bourgogne.fr\/index.php\/equitation\/travail-du-cheval-debourrage-pension\/\">R\u00e9-\u00e9ducation de chevaux difficiles <\/a><\/li>\n<li><a href=\"https:\/\/equitherapie-bourgogne.fr\/index.php\/equitation\/travail-du-cheval-debourrage-pension\/\">Pension et travail toute discipline<\/a><\/li>\n<\/ul>\n<\/div>\n<\/div><\/div><\/div><\/div><div id=\"pg-19-2\"  class=\"panel-grid panel-no-style\" ><div id=\"pgc-19-2-0\"  class=\"panel-grid-cell\" ><div id=\"panel-19-2-0-0\" class=\"so-panel widget widget_sow-editor panel-first-child panel-last-child\" data-index=\"3\" ><div\n\t\t\t\n\t\t\tclass=\"so-widget-sow-editor so-widget-sow-editor-base\"\n\t\t\t\n\t\t>\n<div class=\"siteorigin-widget-tinymce textwidget\">\n\t<p style=\"text-align: center;\"><strong>DES ACCOMPAGNEMENTS<\/strong><\/p>\n<p><u><i><a href=\"https:\/\/equitherapie-bourgogne.fr\/index.php\/therapie-avec-le-cheval\/\"><img loading=\"lazy\" decoding=\"async\" class=\"alignleft wp-image-340 size-thumbnail\" src=\"http:\/\/equitherapie-bourgogne.fr\/wp-content\/uploads\/2016\/09\/Th\u00e9rapie-avec-le-cheval-2-150x150.jpg\" alt=\"\u00e9quith\u00e9rapie, ou th\u00e9rapie avec le cheval\" width=\"150\" height=\"150\" data-id=\"340\" \/><\/a><\/i><\/u><\/p>\n<ul>\n<li>Vers un mieux-etre<\/li>\n<li>En soutien personnel<\/li>\n<li>\u00e0 titre priv\u00e9 ou au sein de l\u2019entreprise.<\/li>\n<\/ul>\n<\/div>\n<\/div><\/div><\/div><div id=\"pgc-19-2-1\"  class=\"panel-grid-cell\" ><div id=\"panel-19-2-1-0\" class=\"so-panel widget widget_sow-editor panel-first-child panel-last-child\" data-index=\"4\" ><div\n\t\t\t\n\t\t\tclass=\"so-widget-sow-editor so-widget-sow-editor-base\"\n\t\t\t\n\t\t>\n<div class=\"siteorigin-widget-tinymce textwidget\">\n\t<p style=\"text-align: center;\"><strong>UNE STRUCTURE D'ACCUEIL<\/strong><\/p>\n<p><a href=\"https:\/\/equitherapie-bourgogne.fr\/index.php\/lequitherapie-en-bourgogne\/centre-equestre\/\" data-wplink-edit=\"true\"><img loading=\"lazy\" decoding=\"async\" class=\"alignleft wp-image-239 size-thumbnail\" src=\"http:\/\/equitherapie-bourgogne.fr\/wp-content\/uploads\/2017\/02\/Installations-Centre-equestre-960x600-150x150.jpg\" alt=\"Centre \u00e9questre et \u00e9quith\u00e9rapie dans le morvan\" width=\"150\" height=\"150\" data-id=\"239\" \/><\/a><a href=\"https:\/\/equitherapie-bourgogne.fr\/index.php\/lequitherapie-en-bourgogne\/centre-equestre\/\">L'association poss\u00e8de des salles pour\u00a0:<\/a><br \/> - S\u00e9minaires , regroupements, r\u00e9unions diverses<br \/> - Stages de formations<br \/> - Location des locaux \u00e0 titre priv\u00e9 ou professionnel<\/p>\n<\/div>\n<\/div><\/div><\/div><div id=\"pgc-19-2-2\"  class=\"panel-grid-cell\" ><div id=\"panel-19-2-2-0\" class=\"so-panel widget widget_sow-editor panel-first-child panel-last-child\" data-index=\"5\" ><div\n\t\t\t\n\t\t\tclass=\"so-widget-sow-editor so-widget-sow-editor-base\"\n\t\t\t\n\t\t>\n<div class=\"siteorigin-widget-tinymce textwidget\">\n\t<p style=\"text-align: center;\"><strong>DES PARTENARIATS<\/strong><\/p>\n<p>Ce centre s\u2019adresse aussi \u00e0 tout professionnel d\u00e9sirant monter des projets en collaboration avec la m\u00e9diation du cheval sur des th\u00e8mes divers : rythme, centrage, groupe de parole, art plastique, travail corporel...<\/p>\n<\/div>\n<\/div><\/div><\/div><\/div><div id=\"pg-19-3\"  class=\"panel-grid panel-no-style\" ><div id=\"pgc-19-3-0\"  class=\"panel-grid-cell\" ><div id=\"panel-19-3-0-0\" class=\"so-panel widget widget_sow-editor panel-first-child panel-last-child\" data-index=\"6\" ><div\n\t\t\t\n\t\t\tclass=\"so-widget-sow-editor so-widget-sow-editor-base\"\n\t\t\t\n\t\t>\n<div class=\"siteorigin-widget-tinymce textwidget\">\n\t<p style=\"text-align: center;\"><strong>UN P\u00d4LE RESSOURCE<\/strong><\/p>\n<p>Soucieuse d\u2019\u00eatre en constante recherche d\u2019am\u00e9lioration dans la qualit\u00e9 de ses prestations, l\u2019association est une plate-forme en relation avec de nombreux partenaires (professionnels du soin, \u00e9thologues, chercheurs scientifiques...) ouverte \u00e0 toute forme d\u2019\u00e9changes constructifs.<\/p>\n<\/div>\n<\/div><\/div><\/div><div id=\"pgc-19-3-1\"  class=\"panel-grid-cell\" ><div id=\"panel-19-3-1-0\" class=\"so-panel widget widget_sow-editor panel-first-child panel-last-child\" data-index=\"7\" ><div\n\t\t\t\n\t\t\tclass=\"so-widget-sow-editor so-widget-sow-editor-base\"\n\t\t\t\n\t\t>\n<div class=\"siteorigin-widget-tinymce textwidget\">\n\t<p style=\"text-align: center;\"><i>\u00a0 <\/i><strong>UNE \u00c9THIQUE BAS\u00c9E SUR<\/strong><\/p>\n<p style=\"text-align: center;\"><a href=\"http:\/\/equitherapie-bourgogne.fr\/index.php\/lequitherapie-en-bourgogne\/philosophie\/\" data-wplink-edit=\"true\"><img loading=\"lazy\" decoding=\"async\" class=\"alignleft wp-image-364 size-thumbnail\" src=\"http:\/\/equitherapie-bourgogne.fr\/wp-content\/uploads\/2016\/11\/Equith\u00e9rapie-2-150x150.jpg\" alt=\"Equith\u00e9rapie avec les enfants\" width=\"150\" height=\"150\" data-id=\"364\" \/><\/a><\/p>\n<ul>\n<li><a href=\"https:\/\/equitherapie-bourgogne.fr\/index.php\/lequitherapie-en-bourgogne\/philosophie\/\">Le respect de l\u2019individu dans sa progression<\/a><\/li>\n<li>Le respect du cheval dans son int\u00e9grit\u00e9 physique et mental<\/li>\n<li>La coh\u00e9rence dans l\u2019enseignement<\/li>\n<\/ul>\n<\/div>\n<\/div><\/div><\/div><div id=\"pgc-19-3-2\"  class=\"panel-grid-cell\" ><div id=\"panel-19-3-2-0\" class=\"so-panel widget widget_sow-editor panel-first-child panel-last-child\" data-index=\"8\" ><div\n\t\t\t\n\t\t\tclass=\"so-widget-sow-editor so-widget-sow-editor-base\"\n\t\t\t\n\t\t>\n<div class=\"siteorigin-widget-tinymce textwidget\">\n\t<p><strong>CONTACTEZ-NOUS !<\/strong><\/p>\n<p><a href=\"https:\/\/equitherapie-bourgogne.fr\/index.php\/contact\/\" data-wplink-edit=\"true\"><img loading=\"lazy\" decoding=\"async\" class=\"size-thumbnail wp-image-205 alignleft\" src=\"http:\/\/equitherapie-bourgogne.fr\/wp-content\/uploads\/2016\/11\/NathalieFrilley-150x150.jpg\" alt=\"NathalieFrilley\" width=\"150\" height=\"150\" data-id=\"205\" \/>Nos coordonn\u00e9es, <\/a><br \/><a href=\"https:\/\/equitherapie-bourgogne.fr\/index.php\/contact\/\">Formulainre de contact<\/a><br \/><a href=\"https:\/\/equitherapie-bourgogne.fr\/index.php\/contact\/\">Plan d'acc\u00e8s<\/a><\/p>\n<\/div>\n<\/div><\/div><\/div><\/div><\/div>","protected":false},"excerpt":{"rendered":"<p>\u00catre en mouvement, Cr\u00e9er un lien, Donner du sens L&rsquo;\u00e9quith\u00e9rapie, la th\u00e9rapie avec le cheval, l&rsquo;\u00e9quitation sensitive ou symbolique, le tir \u00e0 l&rsquo;arc \u00e0 cheval, le th\u00e9\u00e2tre \u00e9questre, l&rsquo;exp\u00e9rience de la voix \u00e0 cheval, les s\u00e9jours th\u00e9rapeutiques et les randonn\u00e9es&#8230;<br \/><a class=\"read-more-button\" href=\"https:\/\/equitherapie-bourgogne.fr\/\">Savoir plus<\/a><\/p>\n","protected":false},"author":1,"featured_media":0,"parent":0,"menu_order":0,"comment_status":"closed","ping_status":"closed","template":"template-full-width.php","meta":{"footnotes":""},"class_list":["post-19","page","type-page","status-publish","hentry"],"yoast_head":"<!-- This site is optimized with the Yoast SEO plugin v24.7 - https:\/\/yoast.com\/wordpress\/plugins\/seo\/ -->\n<title>A cheval sur soi - \u00c9quith\u00e9rapie et \u00e9quitation en bourgogne<\/title>\n<meta name=\"description\" content=\"Centre \u00e9questre en Bourgogne pour l&#039;\u00e9quith\u00e9rapie, l&#039;\u00e9quitation centr\u00e9e, symbolique, sensitive, m\u00e9diation, le handicap, pension, d\u00e9bourrage\" \/>\n<meta name=\"robots\" content=\"index, follow, max-snippet:-1, max-image-preview:large, max-video-preview:-1\" \/>\n<link rel=\"canonical\" href=\"https:\/\/equitherapie-bourgogne.fr\/\" \/>\n<meta property=\"og:locale\" content=\"fr_FR\" \/>\n<meta property=\"og:type\" content=\"article\" \/>\n<meta property=\"og:title\" content=\"A cheval sur soi - \u00c9quith\u00e9rapie et \u00e9quitation en bourgogne\" \/>\n<meta property=\"og:description\" content=\"Centre \u00e9questre en Bourgogne pour l&#039;\u00e9quith\u00e9rapie, l&#039;\u00e9quitation centr\u00e9e, symbolique, sensitive, m\u00e9diation, le handicap, pension, d\u00e9bourrage\" \/>\n<meta property=\"og:url\" content=\"https:\/\/equitherapie-bourgogne.fr\/\" \/>\n<meta property=\"og:site_name\" content=\"A Cheval sur Soi\" \/>\n<meta property=\"article:modified_time\" content=\"2020-12-22T10:28:20+00:00\" \/>\n<meta property=\"og:image\" content=\"https:\/\/equitherapie-bourgogne.fr\/wp-content\/uploads\/2016\/09\/Equitation.jpg\" \/>\n\t<meta property=\"og:image:width\" content=\"768\" \/>\n\t<meta property=\"og:image:height\" content=\"1024\" \/>\n\t<meta property=\"og:image:type\" content=\"image\/jpeg\" \/>\n<meta name=\"twitter:card\" content=\"summary_large_image\" \/>\n<meta name=\"twitter:label1\" content=\"Dur\u00e9e de lecture estim\u00e9e\" \/>\n\t<meta name=\"twitter:data1\" content=\"2 minutes\" \/>\n<script type=\"application\/ld+json\" class=\"yoast-schema-graph\">{\"@context\":\"https:\/\/schema.org\",\"@graph\":[{\"@type\":\"WebPage\",\"@id\":\"https:\/\/equitherapie-bourgogne.fr\/\",\"url\":\"https:\/\/equitherapie-bourgogne.fr\/\",\"name\":\"A cheval sur soi - \u00c9quith\u00e9rapie et \u00e9quitation en bourgogne\",\"isPartOf\":{\"@id\":\"https:\/\/equitherapie-bourgogne.fr\/#website\"},\"primaryImageOfPage\":{\"@id\":\"https:\/\/equitherapie-bourgogne.fr\/#primaryimage\"},\"image\":{\"@id\":\"https:\/\/equitherapie-bourgogne.fr\/#primaryimage\"},\"thumbnailUrl\":\"http:\/\/equitherapie-bourgogne.fr\/wp-content\/uploads\/2016\/09\/Equitation-150x150.jpg\",\"datePublished\":\"2016-09-30T13:21:06+00:00\",\"dateModified\":\"2020-12-22T10:28:20+00:00\",\"description\":\"Centre \u00e9questre en Bourgogne pour l'\u00e9quith\u00e9rapie, l'\u00e9quitation centr\u00e9e, symbolique, sensitive, m\u00e9diation, le handicap, pension, d\u00e9bourrage\",\"breadcrumb\":{\"@id\":\"https:\/\/equitherapie-bourgogne.fr\/#breadcrumb\"},\"inLanguage\":\"fr-FR\",\"potentialAction\":[{\"@type\":\"ReadAction\",\"target\":[\"https:\/\/equitherapie-bourgogne.fr\/\"]}]},{\"@type\":\"ImageObject\",\"inLanguage\":\"fr-FR\",\"@id\":\"https:\/\/equitherapie-bourgogne.fr\/#primaryimage\",\"url\":\"http:\/\/equitherapie-bourgogne.fr\/wp-content\/uploads\/2016\/09\/Equitation-150x150.jpg\",\"contentUrl\":\"http:\/\/equitherapie-bourgogne.fr\/wp-content\/uploads\/2016\/09\/Equitation-150x150.jpg\"},{\"@type\":\"BreadcrumbList\",\"@id\":\"https:\/\/equitherapie-bourgogne.fr\/#breadcrumb\",\"itemListElement\":[{\"@type\":\"ListItem\",\"position\":1,\"name\":\"Accueil\",\"item\":\"https:\/\/equitherapie-bourgogne.fr\/\"},{\"@type\":\"ListItem\",\"position\":2,\"name\":\"A Cheval Sur Soi\"}]},{\"@type\":\"WebSite\",\"@id\":\"https:\/\/equitherapie-bourgogne.fr\/#website\",\"url\":\"https:\/\/equitherapie-bourgogne.fr\/\",\"name\":\"A Cheval sur Soi\",\"description\":\"CENTRE \u00c9QUESTRE TRANSDISCIPLINAIRE\",\"potentialAction\":[{\"@type\":\"SearchAction\",\"target\":{\"@type\":\"EntryPoint\",\"urlTemplate\":\"https:\/\/equitherapie-bourgogne.fr\/?s={search_term_string}\"},\"query-input\":{\"@type\":\"PropertyValueSpecification\",\"valueRequired\":true,\"valueName\":\"search_term_string\"}}],\"inLanguage\":\"fr-FR\"}]}<\/script>\n<!-- \/ Yoast SEO plugin. -->","yoast_head_json":{"title":"A cheval sur soi - \u00c9quith\u00e9rapie et \u00e9quitation en bourgogne","description":"Centre \u00e9questre en Bourgogne pour l'\u00e9quith\u00e9rapie, l'\u00e9quitation centr\u00e9e, symbolique, sensitive, m\u00e9diation, le handicap, pension, d\u00e9bourrage","robots":{"index":"index","follow":"follow","max-snippet":"max-snippet:-1","max-image-preview":"max-image-preview:large","max-video-preview":"max-video-preview:-1"},"canonical":"https:\/\/equitherapie-bourgogne.fr\/","og_locale":"fr_FR","og_type":"article","og_title":"A cheval sur soi - \u00c9quith\u00e9rapie et \u00e9quitation en bourgogne","og_description":"Centre \u00e9questre en Bourgogne pour l'\u00e9quith\u00e9rapie, l'\u00e9quitation centr\u00e9e, symbolique, sensitive, m\u00e9diation, le handicap, pension, d\u00e9bourrage","og_url":"https:\/\/equitherapie-bourgogne.fr\/","og_site_name":"A Cheval sur Soi","article_modified_time":"2020-12-22T10:28:20+00:00","og_image":[{"width":768,"height":1024,"url":"https:\/\/equitherapie-bourgogne.fr\/wp-content\/uploads\/2016\/09\/Equitation.jpg","type":"image\/jpeg"}],"twitter_card":"summary_large_image","twitter_misc":{"Dur\u00e9e de lecture estim\u00e9e":"2 minutes"},"schema":{"@context":"https:\/\/schema.org","@graph":[{"@type":"WebPage","@id":"https:\/\/equitherapie-bourgogne.fr\/","url":"https:\/\/equitherapie-bourgogne.fr\/","name":"A cheval sur soi - \u00c9quith\u00e9rapie et \u00e9quitation en bourgogne","isPartOf":{"@id":"https:\/\/equitherapie-bourgogne.fr\/#website"},"primaryImageOfPage":{"@id":"https:\/\/equitherapie-bourgogne.fr\/#primaryimage"},"image":{"@id":"https:\/\/equitherapie-bourgogne.fr\/#primaryimage"},"thumbnailUrl":"http:\/\/equitherapie-bourgogne.fr\/wp-content\/uploads\/2016\/09\/Equitation-150x150.jpg","datePublished":"2016-09-30T13:21:06+00:00","dateModified":"2020-12-22T10:28:20+00:00","description":"Centre \u00e9questre en Bourgogne pour l'\u00e9quith\u00e9rapie, l'\u00e9quitation centr\u00e9e, symbolique, sensitive, m\u00e9diation, le handicap, pension, d\u00e9bourrage","breadcrumb":{"@id":"https:\/\/equitherapie-bourgogne.fr\/#breadcrumb"},"inLanguage":"fr-FR","potentialAction":[{"@type":"ReadAction","target":["https:\/\/equitherapie-bourgogne.fr\/"]}]},{"@type":"ImageObject","inLanguage":"fr-FR","@id":"https:\/\/equitherapie-bourgogne.fr\/#primaryimage","url":"http:\/\/equitherapie-bourgogne.fr\/wp-content\/uploads\/2016\/09\/Equitation-150x150.jpg","contentUrl":"http:\/\/equitherapie-bourgogne.fr\/wp-content\/uploads\/2016\/09\/Equitation-150x150.jpg"},{"@type":"BreadcrumbList","@id":"https:\/\/equitherapie-bourgogne.fr\/#breadcrumb","itemListElement":[{"@type":"ListItem","position":1,"name":"Accueil","item":"https:\/\/equitherapie-bourgogne.fr\/"},{"@type":"ListItem","position":2,"name":"A Cheval Sur Soi"}]},{"@type":"WebSite","@id":"https:\/\/equitherapie-bourgogne.fr\/#website","url":"https:\/\/equitherapie-bourgogne.fr\/","name":"A Cheval sur Soi","description":"CENTRE \u00c9QUESTRE TRANSDISCIPLINAIRE","potentialAction":[{"@type":"SearchAction","target":{"@type":"EntryPoint","urlTemplate":"https:\/\/equitherapie-bourgogne.fr\/?s={search_term_string}"},"query-input":{"@type":"PropertyValueSpecification","valueRequired":true,"valueName":"search_term_string"}}],"inLanguage":"fr-FR"}]}},"_links":{"self":[{"href":"https:\/\/equitherapie-bourgogne.fr\/index.php\/wp-json\/wp\/v2\/pages\/19","targetHints":{"allow":["GET"]}}],"collection":[{"href":"https:\/\/equitherapie-bourgogne.fr\/index.php\/wp-json\/wp\/v2\/pages"}],"about":[{"href":"https:\/\/equitherapie-bourgogne.fr\/index.php\/wp-json\/wp\/v2\/types\/page"}],"author":[{"embeddable":true,"href":"https:\/\/equitherapie-bourgogne.fr\/index.php\/wp-json\/wp\/v2\/users\/1"}],"replies":[{"embeddable":true,"href":"https:\/\/equitherapie-bourgogne.fr\/index.php\/wp-json\/wp\/v2\/comments?post=19"}],"version-history":[{"count":28,"href":"https:\/\/equitherapie-bourgogne.fr\/index.php\/wp-json\/wp\/v2\/pages\/19\/revisions"}],"predecessor-version":[{"id":1048,"href":"https:\/\/equitherapie-bourgogne.fr\/index.php\/wp-json\/wp\/v2\/pages\/19\/revisions\/1048"}],"wp:attachment":[{"href":"https:\/\/equitherapie-bourgogne.fr\/index.php\/wp-json\/wp\/v2\/media?parent=19"}],"curies":[{"name":"wp","href":"https:\/\/api.w.org\/{rel}","templated":true}]}}