{"id":17,"date":"2016-09-30T15:11:28","date_gmt":"2016-09-30T13:11:28","guid":{"rendered":"http:\/\/equitherapie-bourgogne.fr\/?page_id=17"},"modified":"2018-04-12T15:33:19","modified_gmt":"2018-04-12T13:33:19","slug":"therapie-avec-le-cheval","status":"publish","type":"page","link":"https:\/\/equitherapie-bourgogne.fr\/index.php\/therapie-avec-le-cheval\/","title":{"rendered":"Equith\u00e9rapie"},"content":{"rendered":"<div id=\"pl-17\"  class=\"panel-layout\" ><div id=\"pg-17-0\"  class=\"panel-grid panel-no-style\" ><div id=\"pgc-17-0-0\"  class=\"panel-grid-cell\" ><div id=\"panel-17-0-0-0\" class=\"so-panel widget widget_sow-editor panel-first-child panel-last-child\" data-index=\"0\" ><div\n\t\t\t\n\t\t\tclass=\"so-widget-sow-editor so-widget-sow-editor-base\"\n\t\t\t\n\t\t>\n<div class=\"siteorigin-widget-tinymce textwidget\">\n\t<h3>M\u00e9diation animale : d\u00e9signe un champ disciplinaire global\u00a0dans lequel s'inscrit la Th\u00e9rapie Avec le Cheval.<\/h3>\n<p>Champ disciplinaire encore en d\u00e9but de\u00a0 codification, nous tenons \u00e0 \u00a0nous rattacher au travail de r\u00e9flexion du groupe de\u00a0<a href=\"https:\/\/www.resilienfance.org\/\" target=\"_blank\">R\u00e9silienfance\u00a0<\/a>qui \u00e0 travaill\u00e9 pendant plus d\u2019un an \u00e0 penser une premi\u00e8re d\u00e9finition de la\u00a0<em>m\u00e9diation animale<\/em>. D\u00e9finition\u00a0 appel\u00e9e \u00e0 \u00e9voluer au vue de la complexit\u00e9 multifactorielle de ce champ et de la diversit\u00e9 des acteurs qui \u00e9voluent en son sein.<\/p>\n<blockquote>\n<p><em>\u00a0 \u00ab\u00a0La m\u00e9diation animale est une relation d\u2019aide \u00e0 vis\u00e9e pr\u00e9ventive ou th\u00e9rapeutique dans laquelle un professionnel qualifi\u00e9, concern\u00e9 \u00e9galement par les humains et les animaux, introduit un animal d\u2019accordage\u00b9\u00a0aupr\u00e8s d\u2019un b\u00e9n\u00e9ficiaire. Cette relation, au moins triangulaire\u00b2, vise la compr\u00e9hension et la recherche des interactions accord\u00e9es\u00b9\u00a0dans un cadre d\u00e9fini au sein d\u2019un projet. La m\u00e9diation animale appartient \u00e0 un nouveau champ disciplinaire sp\u00e9cifique, celui des interactions Homme-animal, au b\u00e9n\u00e9fice de chacun d\u2019eux, l\u2019un apportant ses ressources \u00e0 l\u2019autre (toute influence r\u00e9ciproque entre un humain et un animal au b\u00e9n\u00e9fice des deux).\u00a0\u00bb\u00a0<br \/><strong>R\u00e9silienfance et al. 18 octobre 2014.<\/strong><\/em><\/p>\n<p>\u00b9 Accordage\/interactions accord\u00e9es : ajustement des comportements, des \u00e9motions, des affects et des rythmes d\u2019actions. Attunement D. Stern 1982 \u2013 1985<\/p>\n<p>\u00b2\u00a0Il peut y avoir plusieurs personnes dans l\u2019interaction<\/p>\n<\/blockquote>\n<h3>Equith\u00e9rapie : c'est un terme g\u00e9n\u00e9rique \u00e0 destination du grand public.<\/h3>\n<p>Ce terme parfois fait l\u2019amalgame de sp\u00e9cialisations \u00e9ducatives ou th\u00e9rapeutiques comme l'\u00e9quitation adapt\u00e9e, la r\u00e9\u00e9ducation par l'\u00e9quitation (hippoth\u00e9rapie), l'\u00e9quicie et la th\u00e9rapie avec le cheval (TAC).<\/p>\n<h3>\n<\/h3>\n<p>\u00a0<\/p>\n<\/div>\n<\/div><\/div><\/div><\/div><div id=\"pg-17-1\"  class=\"panel-grid panel-no-style\" ><div id=\"pgc-17-1-0\"  class=\"panel-grid-cell panel-grid-cell-empty\" ><\/div><div id=\"pgc-17-1-1\"  class=\"panel-grid-cell panel-grid-cell-empty\" ><\/div><div id=\"pgc-17-1-2\"  class=\"panel-grid-cell panel-grid-cell-empty panel-grid-cell-mobile-last\" ><\/div><div id=\"pgc-17-1-3\"  class=\"panel-grid-cell panel-grid-cell-empty\" ><\/div><\/div><\/div>","protected":false},"excerpt":{"rendered":"<p>M\u00e9diation animale : d\u00e9signe un champ disciplinaire global\u00a0dans lequel s&rsquo;inscrit la Th\u00e9rapie Avec le Cheval.Champ disciplinaire encore en d\u00e9but de\u00a0 codification, nous tenons \u00e0 \u00a0nous rattacher au travail de r\u00e9flexion du groupe de\u00a0R\u00e9silienfance\u00a0qui \u00e0 travaill\u00e9 pendant plus d\u2019un an \u00e0&#8230;<br \/><a class=\"read-more-button\" href=\"https:\/\/equitherapie-bourgogne.fr\/index.php\/therapie-avec-le-cheval\/\">Savoir plus<\/a><\/p>\n","protected":false},"author":1,"featured_media":0,"parent":0,"menu_order":20,"comment_status":"closed","ping_status":"closed","template":"template-full-width.php","meta":{"footnotes":""},"class_list":["post-17","page","type-page","status-publish","hentry"],"yoast_head":"<!-- This site is optimized with the Yoast SEO plugin v24.7 - https:\/\/yoast.com\/wordpress\/plugins\/seo\/ -->\n<title>Equith\u00e9rapie - A Cheval sur Soi<\/title>\n<meta name=\"description\" content=\"La th\u00e9rapie avec le cheval, ou \u00e9quith\u00e9rapie est une th\u00e9rapie sp\u00e9cifique qui utilise le cheval comme m\u00e9diateur corporel entre la personne et le th\u00e9rapeute\" \/>\n<meta name=\"robots\" content=\"index, follow, max-snippet:-1, max-image-preview:large, max-video-preview:-1\" \/>\n<link rel=\"canonical\" href=\"https:\/\/equitherapie-bourgogne.fr\/index.php\/therapie-avec-le-cheval\/\" \/>\n<meta property=\"og:locale\" content=\"fr_FR\" \/>\n<meta property=\"og:type\" content=\"article\" \/>\n<meta property=\"og:title\" content=\"Equith\u00e9rapie - A Cheval sur Soi\" \/>\n<meta property=\"og:description\" content=\"La th\u00e9rapie avec le cheval, ou \u00e9quith\u00e9rapie est une th\u00e9rapie sp\u00e9cifique qui utilise le cheval comme m\u00e9diateur corporel entre la personne et le th\u00e9rapeute\" \/>\n<meta property=\"og:url\" content=\"https:\/\/equitherapie-bourgogne.fr\/index.php\/therapie-avec-le-cheval\/\" \/>\n<meta property=\"og:site_name\" content=\"A Cheval sur Soi\" \/>\n<meta property=\"article:modified_time\" content=\"2018-04-12T13:33:19+00:00\" \/>\n<meta name=\"twitter:card\" content=\"summary_large_image\" \/>\n<meta name=\"twitter:label1\" content=\"Dur\u00e9e de lecture estim\u00e9e\" \/>\n\t<meta name=\"twitter:data1\" content=\"1 minute\" \/>\n<script type=\"application\/ld+json\" class=\"yoast-schema-graph\">{\"@context\":\"https:\/\/schema.org\",\"@graph\":[{\"@type\":\"WebPage\",\"@id\":\"https:\/\/equitherapie-bourgogne.fr\/index.php\/therapie-avec-le-cheval\/\",\"url\":\"https:\/\/equitherapie-bourgogne.fr\/index.php\/therapie-avec-le-cheval\/\",\"name\":\"Equith\u00e9rapie - A Cheval sur Soi\",\"isPartOf\":{\"@id\":\"https:\/\/equitherapie-bourgogne.fr\/#website\"},\"datePublished\":\"2016-09-30T13:11:28+00:00\",\"dateModified\":\"2018-04-12T13:33:19+00:00\",\"description\":\"La th\u00e9rapie avec le cheval, ou \u00e9quith\u00e9rapie est une th\u00e9rapie sp\u00e9cifique qui utilise le cheval comme m\u00e9diateur corporel entre la personne et le th\u00e9rapeute\",\"breadcrumb\":{\"@id\":\"https:\/\/equitherapie-bourgogne.fr\/index.php\/therapie-avec-le-cheval\/#breadcrumb\"},\"inLanguage\":\"fr-FR\",\"potentialAction\":[{\"@type\":\"ReadAction\",\"target\":[\"https:\/\/equitherapie-bourgogne.fr\/index.php\/therapie-avec-le-cheval\/\"]}]},{\"@type\":\"BreadcrumbList\",\"@id\":\"https:\/\/equitherapie-bourgogne.fr\/index.php\/therapie-avec-le-cheval\/#breadcrumb\",\"itemListElement\":[{\"@type\":\"ListItem\",\"position\":1,\"name\":\"Accueil\",\"item\":\"https:\/\/equitherapie-bourgogne.fr\/\"},{\"@type\":\"ListItem\",\"position\":2,\"name\":\"Equith\u00e9rapie\"}]},{\"@type\":\"WebSite\",\"@id\":\"https:\/\/equitherapie-bourgogne.fr\/#website\",\"url\":\"https:\/\/equitherapie-bourgogne.fr\/\",\"name\":\"A Cheval sur Soi\",\"description\":\"CENTRE \u00c9QUESTRE TRANSDISCIPLINAIRE\",\"potentialAction\":[{\"@type\":\"SearchAction\",\"target\":{\"@type\":\"EntryPoint\",\"urlTemplate\":\"https:\/\/equitherapie-bourgogne.fr\/?s={search_term_string}\"},\"query-input\":{\"@type\":\"PropertyValueSpecification\",\"valueRequired\":true,\"valueName\":\"search_term_string\"}}],\"inLanguage\":\"fr-FR\"}]}<\/script>\n<!-- \/ Yoast SEO plugin. -->","yoast_head_json":{"title":"Equith\u00e9rapie - A Cheval sur Soi","description":"La th\u00e9rapie avec le cheval, ou \u00e9quith\u00e9rapie est une th\u00e9rapie sp\u00e9cifique qui utilise le cheval comme m\u00e9diateur corporel entre la personne et le th\u00e9rapeute","robots":{"index":"index","follow":"follow","max-snippet":"max-snippet:-1","max-image-preview":"max-image-preview:large","max-video-preview":"max-video-preview:-1"},"canonical":"https:\/\/equitherapie-bourgogne.fr\/index.php\/therapie-avec-le-cheval\/","og_locale":"fr_FR","og_type":"article","og_title":"Equith\u00e9rapie - A Cheval sur Soi","og_description":"La th\u00e9rapie avec le cheval, ou \u00e9quith\u00e9rapie est une th\u00e9rapie sp\u00e9cifique qui utilise le cheval comme m\u00e9diateur corporel entre la personne et le th\u00e9rapeute","og_url":"https:\/\/equitherapie-bourgogne.fr\/index.php\/therapie-avec-le-cheval\/","og_site_name":"A Cheval sur Soi","article_modified_time":"2018-04-12T13:33:19+00:00","twitter_card":"summary_large_image","twitter_misc":{"Dur\u00e9e de lecture estim\u00e9e":"1 minute"},"schema":{"@context":"https:\/\/schema.org","@graph":[{"@type":"WebPage","@id":"https:\/\/equitherapie-bourgogne.fr\/index.php\/therapie-avec-le-cheval\/","url":"https:\/\/equitherapie-bourgogne.fr\/index.php\/therapie-avec-le-cheval\/","name":"Equith\u00e9rapie - A Cheval sur Soi","isPartOf":{"@id":"https:\/\/equitherapie-bourgogne.fr\/#website"},"datePublished":"2016-09-30T13:11:28+00:00","dateModified":"2018-04-12T13:33:19+00:00","description":"La th\u00e9rapie avec le cheval, ou \u00e9quith\u00e9rapie est une th\u00e9rapie sp\u00e9cifique qui utilise le cheval comme m\u00e9diateur corporel entre la personne et le th\u00e9rapeute","breadcrumb":{"@id":"https:\/\/equitherapie-bourgogne.fr\/index.php\/therapie-avec-le-cheval\/#breadcrumb"},"inLanguage":"fr-FR","potentialAction":[{"@type":"ReadAction","target":["https:\/\/equitherapie-bourgogne.fr\/index.php\/therapie-avec-le-cheval\/"]}]},{"@type":"BreadcrumbList","@id":"https:\/\/equitherapie-bourgogne.fr\/index.php\/therapie-avec-le-cheval\/#breadcrumb","itemListElement":[{"@type":"ListItem","position":1,"name":"Accueil","item":"https:\/\/equitherapie-bourgogne.fr\/"},{"@type":"ListItem","position":2,"name":"Equith\u00e9rapie"}]},{"@type":"WebSite","@id":"https:\/\/equitherapie-bourgogne.fr\/#website","url":"https:\/\/equitherapie-bourgogne.fr\/","name":"A Cheval sur Soi","description":"CENTRE \u00c9QUESTRE TRANSDISCIPLINAIRE","potentialAction":[{"@type":"SearchAction","target":{"@type":"EntryPoint","urlTemplate":"https:\/\/equitherapie-bourgogne.fr\/?s={search_term_string}"},"query-input":{"@type":"PropertyValueSpecification","valueRequired":true,"valueName":"search_term_string"}}],"inLanguage":"fr-FR"}]}},"_links":{"self":[{"href":"https:\/\/equitherapie-bourgogne.fr\/index.php\/wp-json\/wp\/v2\/pages\/17","targetHints":{"allow":["GET"]}}],"collection":[{"href":"https:\/\/equitherapie-bourgogne.fr\/index.php\/wp-json\/wp\/v2\/pages"}],"about":[{"href":"https:\/\/equitherapie-bourgogne.fr\/index.php\/wp-json\/wp\/v2\/types\/page"}],"author":[{"embeddable":true,"href":"https:\/\/equitherapie-bourgogne.fr\/index.php\/wp-json\/wp\/v2\/users\/1"}],"replies":[{"embeddable":true,"href":"https:\/\/equitherapie-bourgogne.fr\/index.php\/wp-json\/wp\/v2\/comments?post=17"}],"version-history":[{"count":15,"href":"https:\/\/equitherapie-bourgogne.fr\/index.php\/wp-json\/wp\/v2\/pages\/17\/revisions"}],"predecessor-version":[{"id":759,"href":"https:\/\/equitherapie-bourgogne.fr\/index.php\/wp-json\/wp\/v2\/pages\/17\/revisions\/759"}],"wp:attachment":[{"href":"https:\/\/equitherapie-bourgogne.fr\/index.php\/wp-json\/wp\/v2\/media?parent=17"}],"curies":[{"name":"wp","href":"https:\/\/api.w.org\/{rel}","templated":true}]}}