{"id":155,"date":"2017-01-11T18:16:42","date_gmt":"2017-01-11T17:16:42","guid":{"rendered":"http:\/\/equitherapie-bourgogne.fr\/?page_id=155"},"modified":"2018-04-25T17:13:13","modified_gmt":"2018-04-25T15:13:13","slug":"therapie-avec-le-cheval","status":"publish","type":"page","link":"https:\/\/equitherapie-bourgogne.fr\/index.php\/therapie-avec-le-cheval\/therapie-avec-le-cheval\/","title":{"rendered":"Th\u00e9rapie Avec le Cheval"},"content":{"rendered":"<div id=\"pl-155\"  class=\"panel-layout\" ><div id=\"pg-155-0\"  class=\"panel-grid panel-no-style\" ><div id=\"pgc-155-0-0\"  class=\"panel-grid-cell\" ><div id=\"panel-155-0-0-0\" class=\"so-panel widget widget_sow-editor panel-first-child panel-last-child\" data-index=\"0\" ><div\n\t\t\t\n\t\t\tclass=\"so-widget-sow-editor so-widget-sow-editor-base\"\n\t\t\t\n\t\t>\n<div class=\"siteorigin-widget-tinymce textwidget\">\n\t<p>La th\u00e9rapie avec le cheval est une orientation privil\u00e9gi\u00e9e au sein du centre.<\/p>\n<p><strong><em>L'objectif de la th\u00e9rapie avec le cheval est de permettre des r\u00e9am\u00e9nagements physiques et psychiques gr\u00e2ce \u00e0 des exp\u00e9riences corporelles et relationnelles ajust\u00e9es au stade de d\u00e9veloppement psychomoteur et psychoaffectif du patient. Le th\u00e9rapeute privil\u00e9gie une m\u00e9thodologie de l'\u00ab\u00a0\u00eatre avec\u00a0\u00bb et non du faire. La personne peut ainsi aller vers une meilleure compr\u00e9hension de son monde int\u00e9rieur et par l\u00e0 m\u00eame de sa relation \u00e0 l'autre.<\/em><\/strong><\/p>\n<p>\u00a0<\/p>\n<h2><strong>Pourquoi le cheval\u00a0?<\/strong><\/h2>\n<p>Pour sa communication non-verbale.<br \/> Ne parlant pas, il ne juge pas, il ne renvoie pas l'individu \u00e0 sa diff\u00e9rence. De plus, il ne le r\u00e9duit pas \u00e0 son sympt\u00f4me mais le consid\u00e8re comme une personne \u00e0 part enti\u00e8re.<\/p>\n<p>\u00a0<\/p>\n<h4>Pour son histoire avec l'homme<\/h4>\n<p>Il saisit l'inconscient par ses diverses repr\u00e9sentations (cheval mythologique, de guerre, de travail...) et permet l\u2019acc\u00e8s \u00e0 la symbolisation.<\/p>\n<h4>Pour sa nature profonde<\/h4>\n<p>Animal gr\u00e9gaire vivant en troupeau, il permet un travail autour de la famille, de la place de chacun, de la dominance, du leadership...<\/p>\n<h3>Pour ses qualit\u00e9s corporelles<\/h3>\n<p>L'importante surface corporelle invite \u00e0 red\u00e9couvrir toutes les sensations du toucher.<br \/> La mise \u00e0 cheval, en mobilisant passivement la totalit\u00e9 des muscles de la personne, permet si n\u00e9cessaire une r\u00e9\u00e9ducation motrice.<br \/> De plus, ce portage donne acc\u00e8s au premier langage\u00a0: celui du mouvement corporel permettant la r\u00e9gression psychique.<\/p>\n<p>\u00a0<\/p>\n<ul>\n<li>\n<h2><strong>Nos propositions<\/strong><\/h2>\n<\/li>\n<\/ul>\n<h4><strong>Qui peut \u00eatre concern\u00e9 ?<\/strong><\/h4>\n<p>Enfants, adolescents, adultes, personnes \u00e2g\u00e9es.<br \/> Pr\u00e9sentant ou non un handicap moteur, psychique, sensoriel ou social.<br \/> Toute personne en situation d'interrogation, \u00e0 la recherche d'un mieux \u00eatre global, en demande d'aide et de soutien.<\/p>\n<p>La personne n'a pas besoin d'avoir des capacit\u00e9s \u00e9questres et peut m\u00eame n'avoir jamais eu de contact avec des chevaux.<\/p>\n<h4><strong>Comment y acc\u00e9der\u00a0?<\/strong><\/h4>\n<p>La demande d'aide peut venir de la famille, d'une institution, d'une \u00e9quipe \u00e9ducative.<\/p>\n<h4><strong>Nos propositions <\/strong><\/h4>\n<p>Un contrat th\u00e9rapeutique personnalis\u00e9 est mis en place avec les parties concern\u00e9es, il d\u00e9finit la nature du travail, les objectifs souhait\u00e9s et le rythme des s\u00e9ances. Des bilans r\u00e9guliers permettent d'\u00e9valuer la pertinence du projet et de le r\u00e9ajuster si besoin.<\/p>\n<h4><strong>Outils<\/strong><\/h4>\n<p>A terre\u00a0: travail \u00e0 pied, pansage, mise en contact avec le troupeau...<br \/> A cheval\u00a0: Portage (immobile ou en mouvement), balade en main...<\/p>\n<h4>Outil sp\u00e9cifique d'A Cheval sur Soi<\/h4>\n<p>Tir \u00e0 l'arc \u00e0 cheval<br \/> \u00c9quitation sensitive<br \/> Ces outils facilitent l'acc\u00e8s au plaisir par le jeu, la respiration, la d\u00e9tente.<\/p>\n<\/div>\n<\/div><\/div><\/div><div id=\"pgc-155-0-1\"  class=\"panel-grid-cell\" ><div id=\"panel-155-0-1-0\" class=\"so-panel widget widget_sow-editor panel-first-child panel-last-child\" data-index=\"1\" ><div\n\t\t\t\n\t\t\tclass=\"so-widget-sow-editor so-widget-sow-editor-base\"\n\t\t\t\n\t\t>\n<div class=\"siteorigin-widget-tinymce textwidget\">\n\t<p><img loading=\"lazy\" decoding=\"async\" class=\"alignnone  wp-image-777\" src=\"http:\/\/equitherapie-bourgogne.fr\/wp-content\/uploads\/2017\/01\/DSC01752.jpg\" alt=\"DSC01752\" width=\"305\" height=\"228\" data-id=\"777\" srcset=\"https:\/\/equitherapie-bourgogne.fr\/wp-content\/uploads\/2017\/01\/DSC01752.jpg 5184w, https:\/\/equitherapie-bourgogne.fr\/wp-content\/uploads\/2017\/01\/DSC01752-800x600.jpg 800w, https:\/\/equitherapie-bourgogne.fr\/wp-content\/uploads\/2017\/01\/DSC01752-768x576.jpg 768w, https:\/\/equitherapie-bourgogne.fr\/wp-content\/uploads\/2017\/01\/DSC01752-693x520.jpg 693w, https:\/\/equitherapie-bourgogne.fr\/wp-content\/uploads\/2017\/01\/DSC01752-1170x878.jpg 1170w\" sizes=\"auto, (max-width: 305px) 100vw, 305px\" \/><a href=\"http:\/\/equitherapie-bourgogne.fr\/wp-content\/uploads\/2016\/11\/Th\u00e9rapie-avec-le-cheval-6.jpg\"><img loading=\"lazy\" decoding=\"async\" class=\"alignleft wp-image-344 \" src=\"http:\/\/equitherapie-bourgogne.fr\/wp-content\/uploads\/2016\/11\/Th\u00e9rapie-avec-le-cheval-6-450x600.jpg\" alt=\"Th\u00e9rapie avec le cheval (6)\" width=\"306\" height=\"408\" data-id=\"344\" srcset=\"https:\/\/equitherapie-bourgogne.fr\/wp-content\/uploads\/2016\/11\/Th\u00e9rapie-avec-le-cheval-6-450x600.jpg 450w, https:\/\/equitherapie-bourgogne.fr\/wp-content\/uploads\/2016\/11\/Th\u00e9rapie-avec-le-cheval-6.jpg 768w, https:\/\/equitherapie-bourgogne.fr\/wp-content\/uploads\/2016\/11\/Th\u00e9rapie-avec-le-cheval-6-390x520.jpg 390w\" sizes=\"auto, (max-width: 306px) 100vw, 306px\" \/><\/a><a href=\"http:\/\/equitherapie-bourgogne.fr\/wp-content\/uploads\/2017\/01\/Th\u00e9rapie-avec-le-cheval.jpg\"><img loading=\"lazy\" decoding=\"async\" class=\"alignleft  wp-image-358\" src=\"http:\/\/equitherapie-bourgogne.fr\/wp-content\/uploads\/2017\/01\/Th\u00e9rapie-avec-le-cheval-450x600.jpg\" alt=\"Th\u00e9rapie avec le cheval\" width=\"309\" height=\"412\" data-id=\"358\" srcset=\"https:\/\/equitherapie-bourgogne.fr\/wp-content\/uploads\/2017\/01\/Th\u00e9rapie-avec-le-cheval-450x600.jpg 450w, https:\/\/equitherapie-bourgogne.fr\/wp-content\/uploads\/2017\/01\/Th\u00e9rapie-avec-le-cheval-768x1024.jpg 768w, https:\/\/equitherapie-bourgogne.fr\/wp-content\/uploads\/2017\/01\/Th\u00e9rapie-avec-le-cheval-390x520.jpg 390w, https:\/\/equitherapie-bourgogne.fr\/wp-content\/uploads\/2017\/01\/Th\u00e9rapie-avec-le-cheval-1170x1560.jpg 1170w\" sizes=\"auto, (max-width: 309px) 100vw, 309px\" \/><\/a><a href=\"http:\/\/equitherapie-bourgogne.fr\/wp-content\/uploads\/2016\/11\/Th\u00e9rapie-avec-le-cheval-3.jpg\"><img loading=\"lazy\" decoding=\"async\" class=\"alignleft  wp-image-343\" src=\"http:\/\/equitherapie-bourgogne.fr\/wp-content\/uploads\/2016\/11\/Th\u00e9rapie-avec-le-cheval-3-800x600.jpg\" alt=\"Th\u00e9rapie avec le cheval (3)\" width=\"299\" height=\"224\" data-id=\"343\" srcset=\"https:\/\/equitherapie-bourgogne.fr\/wp-content\/uploads\/2016\/11\/Th\u00e9rapie-avec-le-cheval-3-800x600.jpg 800w, https:\/\/equitherapie-bourgogne.fr\/wp-content\/uploads\/2016\/11\/Th\u00e9rapie-avec-le-cheval-3-768x576.jpg 768w, https:\/\/equitherapie-bourgogne.fr\/wp-content\/uploads\/2016\/11\/Th\u00e9rapie-avec-le-cheval-3-693x520.jpg 693w, https:\/\/equitherapie-bourgogne.fr\/wp-content\/uploads\/2016\/11\/Th\u00e9rapie-avec-le-cheval-3-1170x878.jpg 1170w\" sizes=\"auto, (max-width: 299px) 100vw, 299px\" \/><\/a><\/p>\n<\/div>\n<\/div><\/div><\/div><\/div><\/div>","protected":false},"excerpt":{"rendered":"<p>La th\u00e9rapie avec le cheval est une orientation privil\u00e9gi\u00e9e au sein du centre.L&rsquo;objectif de la th\u00e9rapie avec le cheval est de permettre des r\u00e9am\u00e9nagements physiques et psychiques gr\u00e2ce \u00e0 des exp\u00e9riences corporelles et relationnelles ajust\u00e9es au stade de d\u00e9veloppement psychomoteur&#8230;<br \/><a class=\"read-more-button\" href=\"https:\/\/equitherapie-bourgogne.fr\/index.php\/therapie-avec-le-cheval\/therapie-avec-le-cheval\/\">Savoir plus<\/a><\/p>\n","protected":false},"author":1,"featured_media":464,"parent":17,"menu_order":30,"comment_status":"closed","ping_status":"closed","template":"template-full-width.php","meta":{"footnotes":""},"class_list":["post-155","page","type-page","status-publish","has-post-thumbnail","hentry"],"yoast_head":"<!-- This site is optimized with the Yoast SEO plugin v24.7 - https:\/\/yoast.com\/wordpress\/plugins\/seo\/ -->\n<title>Th\u00e9rapie Avec le Cheval - A Cheval sur Soi<\/title>\n<meta name=\"description\" content=\"Th\u00e9rapie avec le cheval permet des r\u00e9am\u00e9nagements physiques et psychiques patient\" \/>\n<meta name=\"robots\" content=\"index, follow, max-snippet:-1, max-image-preview:large, max-video-preview:-1\" \/>\n<link rel=\"canonical\" href=\"https:\/\/equitherapie-bourgogne.fr\/index.php\/therapie-avec-le-cheval\/therapie-avec-le-cheval\/\" \/>\n<meta property=\"og:locale\" content=\"fr_FR\" \/>\n<meta property=\"og:type\" content=\"article\" \/>\n<meta property=\"og:title\" content=\"Th\u00e9rapie Avec le Cheval - A Cheval sur Soi\" \/>\n<meta property=\"og:description\" content=\"Th\u00e9rapie avec le cheval permet des r\u00e9am\u00e9nagements physiques et psychiques patient\" \/>\n<meta property=\"og:url\" content=\"https:\/\/equitherapie-bourgogne.fr\/index.php\/therapie-avec-le-cheval\/therapie-avec-le-cheval\/\" \/>\n<meta property=\"og:site_name\" content=\"A Cheval sur Soi\" \/>\n<meta property=\"article:modified_time\" content=\"2018-04-25T15:13:13+00:00\" \/>\n<meta property=\"og:image\" content=\"https:\/\/equitherapie-bourgogne.fr\/wp-content\/uploads\/2017\/01\/Th\u00e9rapie-avec-le-cheval_1170x338.jpg\" \/>\n\t<meta property=\"og:image:width\" content=\"1170\" \/>\n\t<meta property=\"og:image:height\" content=\"338\" \/>\n\t<meta property=\"og:image:type\" content=\"image\/jpeg\" \/>\n<meta name=\"twitter:card\" content=\"summary_large_image\" \/>\n<meta name=\"twitter:label1\" content=\"Dur\u00e9e de lecture estim\u00e9e\" \/>\n\t<meta name=\"twitter:data1\" content=\"2 minutes\" \/>\n<script type=\"application\/ld+json\" class=\"yoast-schema-graph\">{\"@context\":\"https:\/\/schema.org\",\"@graph\":[{\"@type\":\"WebPage\",\"@id\":\"https:\/\/equitherapie-bourgogne.fr\/index.php\/therapie-avec-le-cheval\/therapie-avec-le-cheval\/\",\"url\":\"https:\/\/equitherapie-bourgogne.fr\/index.php\/therapie-avec-le-cheval\/therapie-avec-le-cheval\/\",\"name\":\"Th\u00e9rapie Avec le Cheval - A Cheval sur Soi\",\"isPartOf\":{\"@id\":\"https:\/\/equitherapie-bourgogne.fr\/#website\"},\"primaryImageOfPage\":{\"@id\":\"https:\/\/equitherapie-bourgogne.fr\/index.php\/therapie-avec-le-cheval\/therapie-avec-le-cheval\/#primaryimage\"},\"image\":{\"@id\":\"https:\/\/equitherapie-bourgogne.fr\/index.php\/therapie-avec-le-cheval\/therapie-avec-le-cheval\/#primaryimage\"},\"thumbnailUrl\":\"https:\/\/equitherapie-bourgogne.fr\/wp-content\/uploads\/2017\/01\/Th\u00e9rapie-avec-le-cheval_1170x338.jpg\",\"datePublished\":\"2017-01-11T17:16:42+00:00\",\"dateModified\":\"2018-04-25T15:13:13+00:00\",\"description\":\"Th\u00e9rapie avec le cheval permet des r\u00e9am\u00e9nagements physiques et psychiques patient\",\"breadcrumb\":{\"@id\":\"https:\/\/equitherapie-bourgogne.fr\/index.php\/therapie-avec-le-cheval\/therapie-avec-le-cheval\/#breadcrumb\"},\"inLanguage\":\"fr-FR\",\"potentialAction\":[{\"@type\":\"ReadAction\",\"target\":[\"https:\/\/equitherapie-bourgogne.fr\/index.php\/therapie-avec-le-cheval\/therapie-avec-le-cheval\/\"]}]},{\"@type\":\"ImageObject\",\"inLanguage\":\"fr-FR\",\"@id\":\"https:\/\/equitherapie-bourgogne.fr\/index.php\/therapie-avec-le-cheval\/therapie-avec-le-cheval\/#primaryimage\",\"url\":\"https:\/\/equitherapie-bourgogne.fr\/wp-content\/uploads\/2017\/01\/Th\u00e9rapie-avec-le-cheval_1170x338.jpg\",\"contentUrl\":\"https:\/\/equitherapie-bourgogne.fr\/wp-content\/uploads\/2017\/01\/Th\u00e9rapie-avec-le-cheval_1170x338.jpg\",\"width\":1170,\"height\":338,\"caption\":\"Th\u00e9rapie avec le cheval\"},{\"@type\":\"BreadcrumbList\",\"@id\":\"https:\/\/equitherapie-bourgogne.fr\/index.php\/therapie-avec-le-cheval\/therapie-avec-le-cheval\/#breadcrumb\",\"itemListElement\":[{\"@type\":\"ListItem\",\"position\":1,\"name\":\"Accueil\",\"item\":\"https:\/\/equitherapie-bourgogne.fr\/\"},{\"@type\":\"ListItem\",\"position\":2,\"name\":\"Equith\u00e9rapie\",\"item\":\"https:\/\/equitherapie-bourgogne.fr\/index.php\/therapie-avec-le-cheval\/\"},{\"@type\":\"ListItem\",\"position\":3,\"name\":\"Th\u00e9rapie Avec le Cheval\"}]},{\"@type\":\"WebSite\",\"@id\":\"https:\/\/equitherapie-bourgogne.fr\/#website\",\"url\":\"https:\/\/equitherapie-bourgogne.fr\/\",\"name\":\"A Cheval sur Soi\",\"description\":\"CENTRE \u00c9QUESTRE TRANSDISCIPLINAIRE\",\"potentialAction\":[{\"@type\":\"SearchAction\",\"target\":{\"@type\":\"EntryPoint\",\"urlTemplate\":\"https:\/\/equitherapie-bourgogne.fr\/?s={search_term_string}\"},\"query-input\":{\"@type\":\"PropertyValueSpecification\",\"valueRequired\":true,\"valueName\":\"search_term_string\"}}],\"inLanguage\":\"fr-FR\"}]}<\/script>\n<!-- \/ Yoast SEO plugin. -->","yoast_head_json":{"title":"Th\u00e9rapie Avec le Cheval - A Cheval sur Soi","description":"Th\u00e9rapie avec le cheval permet des r\u00e9am\u00e9nagements physiques et psychiques patient","robots":{"index":"index","follow":"follow","max-snippet":"max-snippet:-1","max-image-preview":"max-image-preview:large","max-video-preview":"max-video-preview:-1"},"canonical":"https:\/\/equitherapie-bourgogne.fr\/index.php\/therapie-avec-le-cheval\/therapie-avec-le-cheval\/","og_locale":"fr_FR","og_type":"article","og_title":"Th\u00e9rapie Avec le Cheval - A Cheval sur Soi","og_description":"Th\u00e9rapie avec le cheval permet des r\u00e9am\u00e9nagements physiques et psychiques patient","og_url":"https:\/\/equitherapie-bourgogne.fr\/index.php\/therapie-avec-le-cheval\/therapie-avec-le-cheval\/","og_site_name":"A Cheval sur Soi","article_modified_time":"2018-04-25T15:13:13+00:00","og_image":[{"width":1170,"height":338,"url":"https:\/\/equitherapie-bourgogne.fr\/wp-content\/uploads\/2017\/01\/Th\u00e9rapie-avec-le-cheval_1170x338.jpg","type":"image\/jpeg"}],"twitter_card":"summary_large_image","twitter_misc":{"Dur\u00e9e de lecture estim\u00e9e":"2 minutes"},"schema":{"@context":"https:\/\/schema.org","@graph":[{"@type":"WebPage","@id":"https:\/\/equitherapie-bourgogne.fr\/index.php\/therapie-avec-le-cheval\/therapie-avec-le-cheval\/","url":"https:\/\/equitherapie-bourgogne.fr\/index.php\/therapie-avec-le-cheval\/therapie-avec-le-cheval\/","name":"Th\u00e9rapie Avec le Cheval - A Cheval sur Soi","isPartOf":{"@id":"https:\/\/equitherapie-bourgogne.fr\/#website"},"primaryImageOfPage":{"@id":"https:\/\/equitherapie-bourgogne.fr\/index.php\/therapie-avec-le-cheval\/therapie-avec-le-cheval\/#primaryimage"},"image":{"@id":"https:\/\/equitherapie-bourgogne.fr\/index.php\/therapie-avec-le-cheval\/therapie-avec-le-cheval\/#primaryimage"},"thumbnailUrl":"https:\/\/equitherapie-bourgogne.fr\/wp-content\/uploads\/2017\/01\/Th\u00e9rapie-avec-le-cheval_1170x338.jpg","datePublished":"2017-01-11T17:16:42+00:00","dateModified":"2018-04-25T15:13:13+00:00","description":"Th\u00e9rapie avec le cheval permet des r\u00e9am\u00e9nagements physiques et psychiques patient","breadcrumb":{"@id":"https:\/\/equitherapie-bourgogne.fr\/index.php\/therapie-avec-le-cheval\/therapie-avec-le-cheval\/#breadcrumb"},"inLanguage":"fr-FR","potentialAction":[{"@type":"ReadAction","target":["https:\/\/equitherapie-bourgogne.fr\/index.php\/therapie-avec-le-cheval\/therapie-avec-le-cheval\/"]}]},{"@type":"ImageObject","inLanguage":"fr-FR","@id":"https:\/\/equitherapie-bourgogne.fr\/index.php\/therapie-avec-le-cheval\/therapie-avec-le-cheval\/#primaryimage","url":"https:\/\/equitherapie-bourgogne.fr\/wp-content\/uploads\/2017\/01\/Th\u00e9rapie-avec-le-cheval_1170x338.jpg","contentUrl":"https:\/\/equitherapie-bourgogne.fr\/wp-content\/uploads\/2017\/01\/Th\u00e9rapie-avec-le-cheval_1170x338.jpg","width":1170,"height":338,"caption":"Th\u00e9rapie avec le cheval"},{"@type":"BreadcrumbList","@id":"https:\/\/equitherapie-bourgogne.fr\/index.php\/therapie-avec-le-cheval\/therapie-avec-le-cheval\/#breadcrumb","itemListElement":[{"@type":"ListItem","position":1,"name":"Accueil","item":"https:\/\/equitherapie-bourgogne.fr\/"},{"@type":"ListItem","position":2,"name":"Equith\u00e9rapie","item":"https:\/\/equitherapie-bourgogne.fr\/index.php\/therapie-avec-le-cheval\/"},{"@type":"ListItem","position":3,"name":"Th\u00e9rapie Avec le Cheval"}]},{"@type":"WebSite","@id":"https:\/\/equitherapie-bourgogne.fr\/#website","url":"https:\/\/equitherapie-bourgogne.fr\/","name":"A Cheval sur Soi","description":"CENTRE \u00c9QUESTRE TRANSDISCIPLINAIRE","potentialAction":[{"@type":"SearchAction","target":{"@type":"EntryPoint","urlTemplate":"https:\/\/equitherapie-bourgogne.fr\/?s={search_term_string}"},"query-input":{"@type":"PropertyValueSpecification","valueRequired":true,"valueName":"search_term_string"}}],"inLanguage":"fr-FR"}]}},"_links":{"self":[{"href":"https:\/\/equitherapie-bourgogne.fr\/index.php\/wp-json\/wp\/v2\/pages\/155","targetHints":{"allow":["GET"]}}],"collection":[{"href":"https:\/\/equitherapie-bourgogne.fr\/index.php\/wp-json\/wp\/v2\/pages"}],"about":[{"href":"https:\/\/equitherapie-bourgogne.fr\/index.php\/wp-json\/wp\/v2\/types\/page"}],"author":[{"embeddable":true,"href":"https:\/\/equitherapie-bourgogne.fr\/index.php\/wp-json\/wp\/v2\/users\/1"}],"replies":[{"embeddable":true,"href":"https:\/\/equitherapie-bourgogne.fr\/index.php\/wp-json\/wp\/v2\/comments?post=155"}],"version-history":[{"count":12,"href":"https:\/\/equitherapie-bourgogne.fr\/index.php\/wp-json\/wp\/v2\/pages\/155\/revisions"}],"predecessor-version":[{"id":778,"href":"https:\/\/equitherapie-bourgogne.fr\/index.php\/wp-json\/wp\/v2\/pages\/155\/revisions\/778"}],"up":[{"embeddable":true,"href":"https:\/\/equitherapie-bourgogne.fr\/index.php\/wp-json\/wp\/v2\/pages\/17"}],"wp:featuredmedia":[{"embeddable":true,"href":"https:\/\/equitherapie-bourgogne.fr\/index.php\/wp-json\/wp\/v2\/media\/464"}],"wp:attachment":[{"href":"https:\/\/equitherapie-bourgogne.fr\/index.php\/wp-json\/wp\/v2\/media?parent=155"}],"curies":[{"name":"wp","href":"https:\/\/api.w.org\/{rel}","templated":true}]}}