{"id":12,"date":"2016-09-30T15:09:05","date_gmt":"2016-09-30T13:09:05","guid":{"rendered":"http:\/\/equitherapie-bourgogne.fr\/?page_id=12"},"modified":"2018-04-12T15:52:11","modified_gmt":"2018-04-12T13:52:11","slug":"formations-et-stages","status":"publish","type":"page","link":"https:\/\/equitherapie-bourgogne.fr\/index.php\/formations-et-stages\/","title":{"rendered":"Stages et Formations"},"content":{"rendered":"<h2>Stages Tir \u00e0 l&rsquo;Arc \u00e0 Cheval<\/h2>\n<p><img loading=\"lazy\" decoding=\"async\" class=\"alignleft size-thumbnail wp-image-317\" src=\"http:\/\/equitherapie-bourgogne.fr\/wp-content\/uploads\/2017\/05\/Tir-\u00e0-larc-6-150x150.jpg\" alt=\"Tir \u00e0 l'arc (6)\" width=\"150\" height=\"150\" data-id=\"317\" \/>Nous proposons des stages de Tir \u00e0 l&rsquo;Arc \u00e0 Cheval pour tout niveau, du d\u00e9butant au confirm\u00e9. Enfants ou adultes.<\/p>\n<p>Notre devise : Allier la beaut\u00e9 du geste au plaisir du tir.<\/p>\n<p>Dans le parc r\u00e9gional du Morvan, Chrystophe archer et cavalier confirm\u00e9 vous fait d\u00e9couvrir cette nouvelle discipline. Le Tir \u00e0 l&rsquo;Arc permet d&rsquo;apprendre \u00e0 se conna\u00eetre, \u00e0 se d\u00e9passer tout en prenant du plaisir et en enrichissant sa relation au cheval.<\/p>\n<p>Pour quelques heures ou quelques jours, venez \u00e0 la rencontre de vos sensations !!<\/p>\n<p><a href=\"http:\/\/equitherapie-bourgogne.fr\/index.php\/activites\/tir-a-larc-a-cheval\/\">-&gt; En savoir plus\u00a0<\/a>\u00a0\u00a0 \u00a0 \u00a0<a href=\"http:\/\/equitherapie-bourgogne.fr\/index.php\/agenda\/\">-&gt; voir l&rsquo;agenda<\/a>\u00a0\u00a0\u00a0\u00a0\u00a0\u00a0\u00a0 <a href=\"http:\/\/equitherapie-bourgogne.fr\/index.php\/contact\/\">-&gt; prendre contact <\/a><\/p>\n<h2>Randonn\u00e9es<\/h2>\n<p>Sur un ou plusieurs jours, la proximit\u00e9 de la for\u00eat nous permet de nous plonger dans la nature sauvage et pr\u00e9serv\u00e9e du Morvan pour vivre des moments intenses en compagnie des chevaux. Vous pourrez ainsi apprendre \u00e0 vous rep\u00e9rer sur une carte, \u00e0 prendre soin de votre cheval, \u00e0 d\u00e9couvrir la faune et la flore du Morvan&#8230; En famille, avec des amis ou pour vos enfants \u2026 toutes les aventures sont permises !!<\/p>\n<p>&nbsp;<\/p>\n<p><a href=\"http:\/\/equitherapie-bourgogne.fr\/index.php\/agenda\/\">-&gt; voir l&rsquo;agenda<\/a>\u00a0\u00a0\u00a0\u00a0\u00a0\u00a0\u00a0 <a href=\"http:\/\/equitherapie-bourgogne.fr\/index.php\/contact\/\">-&gt; prendre contact <\/a><\/p>\n<p>&nbsp;<\/p>\n<h2><\/h2>\n<h2>Stage Enrichir son \u00e9quitation<\/h2>\n<h2><img loading=\"lazy\" decoding=\"async\" class=\"alignleft size-thumbnail wp-image-218\" src=\"http:\/\/equitherapie-bourgogne.fr\/wp-content\/uploads\/2016\/11\/equitationcentree800x530-150x150.jpg\" alt=\"equitationcentree800x530\" width=\"150\" height=\"150\" data-id=\"218\" \/><\/h2>\n<p>Apr\u00e8s un bilan pratique de votre niveau et de vos besoins nous revisiterons les concepts fondateurs d\u2019une \u00e9quitation de l\u00e9g\u00e8ret\u00e9.<\/p>\n<p>Des exercices corporels viendront vous faire r\u00e9fl\u00e9chir sur votre coh\u00e9rence de cavalier et ainsi am\u00e9liorer votre langage pour mieux communiquer avec votre cheval.<\/p>\n<p style=\"text-align: right;\"><a href=\"http:\/\/equitherapie-bourgogne.fr\/index.php\/equitation\/\">-&gt; En savoir plus\u00a0<\/a>\u00a0\u00a0 \u00a0 \u00a0<a href=\"http:\/\/equitherapie-bourgogne.fr\/index.php\/agenda\/\">-&gt; voir l&rsquo;agenda<\/a>\u00a0\u00a0\u00a0\u00a0\u00a0\u00a0\u00a0 <a href=\"http:\/\/equitherapie-bourgogne.fr\/index.php\/contact\/\">-&gt; prendre contact <\/a><\/p>\n<h2>Stage \u00c9quitation sensitive<\/h2>\n<p><img loading=\"lazy\" decoding=\"async\" class=\"alignleft size-thumbnail wp-image-334\" src=\"http:\/\/equitherapie-bourgogne.fr\/wp-content\/uploads\/2016\/11\/Equitation-sensitive-2-150x150.jpg\" alt=\"Equitation sensitive (2)\" width=\"150\" height=\"150\" data-id=\"334\" \/>Apprendre \u00e0 faire faire des exercices \u00e0 votre cheval est une chose.<br \/>\nApprendre \u00e0 rentrer en relation et la vivre pleinement avec lui en est une autre.<\/p>\n<p>Tel est l\u2019apport de l\u2019accompagnement que Nathalie FRILLEY propose d\u2019exp\u00e9rimenter sur un cycle de rencontres o\u00f9 d\u2019autres ateliers et outils pourront venir enrichir ce premier module.<\/p>\n<p><strong><em>Avec des mises en situation en libert\u00e9 :<\/em><\/strong><br \/>\n&#8211; Appropriation de son territoire, de celui de l\u2019autre, ma\u00eetrise de son espace en mouvement, projection visuelle et \u00e9nerg\u00e9tique de nos intentions, r\u00e9sultats, observation du cheval, acqu\u00e9rir la notion de cadence (exp\u00e9rience corporelle de la cadence, la sienne celle du cheval..), placement dans l\u2019espace\u2026.<\/p>\n<p><em><strong>Des sessions mont\u00e9es :<\/strong><\/em><br \/>\n&#8211; Travail de respiration, de d\u00e9contraction du bassin, d\u00e9couverte du dialogue tonique entre le couple cavalier cheval\u2026<br \/>\nVous pourrez aller plus avant dans votre capacit\u00e9 \u00e0 vous d\u00e9couvrir un nouveau langage corporel et voir l\u2019\u00e9mergence d\u2019un \u00ab cheval-allier \u00bb.<\/p>\n<p><strong><em>Un apport th\u00e9orique :<\/em><\/strong><br \/>\n&#8211; En \u00e9thologie \u00e9quine<br \/>\n&#8211; Sur les principes fondamentaux de biom\u00e9canique cheval\/cavalier<\/p>\n<p style=\"text-align: right;\"><a href=\"http:\/\/equitherapie-bourgogne.fr\/index.php\/equitation\/equitation-sensitive\/\">-&gt; En savoir plus\u00a0<\/a>\u00a0\u00a0 \u00a0 \u00a0<a href=\"http:\/\/equitherapie-bourgogne.fr\/index.php\/agenda\/\">-&gt; voir l&rsquo;agenda<\/a>\u00a0\u00a0\u00a0\u00a0\u00a0\u00a0\u00a0 <a href=\"http:\/\/equitherapie-bourgogne.fr\/index.php\/contact\/\">-&gt; prendre contact <\/a><\/p>\n<h2>Stage d&rsquo;\u00e9quitation symbolique<\/h2>\n<p><img loading=\"lazy\" decoding=\"async\" class=\"alignleft size-thumbnail wp-image-330\" src=\"http:\/\/equitherapie-bourgogne.fr\/wp-content\/uploads\/2016\/09\/Equitation-sensitive-3-150x150.jpg\" alt=\"Equitation sensitive (3)\" width=\"150\" height=\"150\" data-id=\"330\" \/>Au niveau de la recherche d&rsquo;un mieux \u00eatre, d&rsquo;une meilleure compr\u00e9hension de soi et des autres, le cheval est l&rsquo;une des portes d&rsquo;entr\u00e9e qui peut nous ouvrir\u00a0 au monde.<br \/>\nNotre nature profonde est celle de la cr\u00e9ativit\u00e9. Comment, au sein d&rsquo;une civilisation bouscul\u00e9e o\u00f9 tout semble s\u2019effondrer, le cheval peut nous aider \u00e0 retrouver cet \u00e9lan salvateur ?<br \/>\nDes stages sont organis\u00e9s sur une ou deux journ\u00e9es (voir plus, \u00e0 la demande) afin de vous amener sur ce chemin, et vous faire prendre conscience du potentiel que le cheval porte en lui afin de r\u00e9v\u00e9ler le v\u00f4tre.<\/p>\n<p style=\"text-align: right;\"><a href=\"http:\/\/equitherapie-bourgogne.fr\/index.php\/equitation\/equitation-symbolique\/\">-&gt; En savoir plus\u00a0<\/a>\u00a0\u00a0 \u00a0 \u00a0<a href=\"http:\/\/equitherapie-bourgogne.fr\/index.php\/agenda\/\">-&gt; voir l&rsquo;agenda<\/a>\u00a0\u00a0\u00a0\u00a0\u00a0\u00a0\u00a0 <a href=\"http:\/\/equitherapie-bourgogne.fr\/index.php\/contact\/\">-&gt; prendre contact <\/a><\/p>\n<h2><em>Cheval et voix<\/em>, une voie \u00e0 d\u00e9couvrir<\/h2>\n<p>La recherche de l&rsquo;\u00e9quilibre et de la verticalit\u00e9 \u00e0 cheval et le travail sur le corps et la voix, se compl\u00e8tent et s\u2019enrichissent mutuellement. La rencontre avec H\u00e9l\u00e9ne MYARA et Nathalie FRILLEY cr\u00e9e un pont entre ces deux facettes du travail corporel pour enrichir votre parcours personnel.<\/p>\n<p>H\u00e9l\u00e8ne, artiste lyrique, intervient dans le domaine de l\u2019Art contemporain, cr\u00e9ation de pi\u00e8ces sonores, improvisations vocales, performances, transmission de pratiques vocales en cours particuliers ou en ateliers. Elle a \u00e9t\u00e9 chanteuse soliste du Th\u00e9\u00e2tre Zingaro \u00e0 l\u2019\u00e9poque du Cabaret \u00e9questre. Elle int\u00e8gre l\u2019Acad\u00e9mie du Spectacle \u00c9questre de Versailles avec Bartabas d\u00e9s sa cr\u00e9ation en 2002 et y enseigne pendant cinq ans.<\/p>\n<p>Ce week-end permettra un travail combinant r\u00e9sonance de la voix et r\u00e9sonance du corps en pr\u00e9sence d&rsquo;un cheval (mont\u00e9 ou non).<\/p>\n<p style=\"text-align: right;\"><a href=\"http:\/\/equitherapie-bourgogne.fr\/index.php\/activites\/chant\/\">-&gt; En savoir plus\u00a0<\/a>\u00a0\u00a0 \u00a0 \u00a0<a href=\"http:\/\/equitherapie-bourgogne.fr\/index.php\/agenda\/\">-&gt; voir l&rsquo;agenda<\/a>\u00a0\u00a0\u00a0\u00a0\u00a0\u00a0\u00a0 <a href=\"http:\/\/equitherapie-bourgogne.fr\/index.php\/contact\/\">-&gt; prendre contact <\/a><\/p>\n<h2><\/h2>\n<p>&nbsp;<\/p>\n<h2>Formation de sensibilisation \u00e0 la relation d&rsquo;aide par la m\u00e9diation \u00e9quine<\/h2>\n<p>Cette formation est r\u00e9serv\u00e9e aux professionnels du soin ou aux responsables de structure \u00e9questre.<\/p>\n<p>Sur une journ\u00e9e vous pourrez aborder en th\u00e9orie et en pratique les fondamentaux de la relation d\u2019aide par la m\u00e9diation \u00e9quine.<\/p>\n<p><strong><em>Avec des mises en situation en libert\u00e9 :<\/em><\/strong><br \/>\nAppropriation de son territoire, de celui de l\u2019autre , ma\u00eetrise de son espace en mouvement\u2026<\/p>\n<p><em><strong>Des sessions mont\u00e9es :<\/strong><\/em><br \/>\n&#8211; Travail de respiration, de d\u00e9contraction du bassin, d\u00e9couverte du dialogue tonique entre le couple cavalier cheval\u2026<\/p>\n<p><strong><em>Un apport th\u00e9orique :<br \/>\n<\/em><\/strong>&#8211; En \u00e9thologie \u00e9quine<br \/>\n&#8211; Sur les principes fondamentaux de biom\u00e9canique cheval\/cavalier<\/p>\n<p><a href=\"http:\/\/equitherapie-bourgogne.fr\/index.php\/agenda\/\">-&gt; voir l&rsquo;agenda<\/a>\u00a0\u00a0\u00a0\u00a0\u00a0\u00a0\u00a0 <a href=\"http:\/\/equitherapie-bourgogne.fr\/index.php\/contact\/\">-&gt; prendre contact <\/a><\/p>\n<h2>Stage \u00ab Le travail du cheval de th\u00e9rapie \u00bb pour les professionnels pratiquant d\u00e9j\u00e0 la m\u00e9diation \u00e9quine.<\/h2>\n<p>Comment diversifier les activit\u00e9s d\u2019un cheval m\u00e9diateur.<br \/>\nComment aborder ce travail en vivant en parall\u00e8le les qualit\u00e9s n\u00e9cessaires \u00e0 votre posture d\u2019accompagnant.<\/p>\n<p><a href=\"http:\/\/equitherapie-bourgogne.fr\/index.php\/agenda\/\">-&gt; voir l&rsquo;agenda<\/a>\u00a0\u00a0\u00a0\u00a0\u00a0\u00a0\u00a0 <a href=\"http:\/\/equitherapie-bourgogne.fr\/index.php\/contact\/\">-&gt; prendre contact<\/a><\/p>\n","protected":false},"excerpt":{"rendered":"<p>Stages Tir \u00e0 l&rsquo;Arc \u00e0 Cheval Nous proposons des stages de Tir \u00e0 l&rsquo;Arc \u00e0 Cheval pour tout niveau, du d\u00e9butant au confirm\u00e9. Enfants ou adultes. Notre devise : Allier la beaut\u00e9 du geste au plaisir du tir. Dans le&#8230;<br \/><a class=\"read-more-button\" href=\"https:\/\/equitherapie-bourgogne.fr\/index.php\/formations-et-stages\/\">Savoir plus<\/a><\/p>\n","protected":false},"author":1,"featured_media":0,"parent":0,"menu_order":50,"comment_status":"closed","ping_status":"closed","template":"template-full-width.php","meta":{"footnotes":""},"class_list":["post-12","page","type-page","status-publish","hentry"],"yoast_head":"<!-- This site is optimized with the Yoast SEO plugin v24.7 - https:\/\/yoast.com\/wordpress\/plugins\/seo\/ -->\n<title>Stages et Formations en \u00e9quith\u00e9rapie, travail du cheval, \u00e9quitation sensitive ...<\/title>\n<meta name=\"description\" content=\"D\u00e9couvrez nos formations en \u00e9quith\u00e9rapie, travail du cheval, stages \u00e9quitation sensitive, symbolique, stage cheval et chant, stages tir \u00e0 l&#039;arc \u00e0 cheval ...\" \/>\n<meta name=\"robots\" content=\"index, follow, max-snippet:-1, max-image-preview:large, max-video-preview:-1\" \/>\n<link rel=\"canonical\" href=\"https:\/\/equitherapie-bourgogne.fr\/index.php\/formations-et-stages\/\" \/>\n<meta property=\"og:locale\" content=\"fr_FR\" \/>\n<meta property=\"og:type\" content=\"article\" \/>\n<meta property=\"og:title\" content=\"Stages et Formations en \u00e9quith\u00e9rapie, travail du cheval, \u00e9quitation sensitive ...\" \/>\n<meta property=\"og:description\" content=\"D\u00e9couvrez nos formations en \u00e9quith\u00e9rapie, travail du cheval, stages \u00e9quitation sensitive, symbolique, stage cheval et chant, stages tir \u00e0 l&#039;arc \u00e0 cheval ...\" \/>\n<meta property=\"og:url\" content=\"https:\/\/equitherapie-bourgogne.fr\/index.php\/formations-et-stages\/\" \/>\n<meta property=\"og:site_name\" content=\"A Cheval sur Soi\" \/>\n<meta property=\"article:modified_time\" content=\"2018-04-12T13:52:11+00:00\" \/>\n<meta property=\"og:image\" content=\"http:\/\/equitherapie-bourgogne.fr\/wp-content\/uploads\/2016\/11\/equitationcentree800x530-150x150.jpg\" \/>\n<meta name=\"twitter:card\" content=\"summary_large_image\" \/>\n<meta name=\"twitter:label1\" content=\"Dur\u00e9e de lecture estim\u00e9e\" \/>\n\t<meta name=\"twitter:data1\" content=\"5 minutes\" \/>\n<script type=\"application\/ld+json\" class=\"yoast-schema-graph\">{\"@context\":\"https:\/\/schema.org\",\"@graph\":[{\"@type\":\"WebPage\",\"@id\":\"https:\/\/equitherapie-bourgogne.fr\/index.php\/formations-et-stages\/\",\"url\":\"https:\/\/equitherapie-bourgogne.fr\/index.php\/formations-et-stages\/\",\"name\":\"Stages et Formations en \u00e9quith\u00e9rapie, travail du cheval, \u00e9quitation sensitive ...\",\"isPartOf\":{\"@id\":\"https:\/\/equitherapie-bourgogne.fr\/#website\"},\"primaryImageOfPage\":{\"@id\":\"https:\/\/equitherapie-bourgogne.fr\/index.php\/formations-et-stages\/#primaryimage\"},\"image\":{\"@id\":\"https:\/\/equitherapie-bourgogne.fr\/index.php\/formations-et-stages\/#primaryimage\"},\"thumbnailUrl\":\"http:\/\/equitherapie-bourgogne.fr\/wp-content\/uploads\/2016\/11\/equitationcentree800x530-150x150.jpg\",\"datePublished\":\"2016-09-30T13:09:05+00:00\",\"dateModified\":\"2018-04-12T13:52:11+00:00\",\"description\":\"D\u00e9couvrez nos formations en \u00e9quith\u00e9rapie, travail du cheval, stages \u00e9quitation sensitive, symbolique, stage cheval et chant, stages tir \u00e0 l'arc \u00e0 cheval ...\",\"breadcrumb\":{\"@id\":\"https:\/\/equitherapie-bourgogne.fr\/index.php\/formations-et-stages\/#breadcrumb\"},\"inLanguage\":\"fr-FR\",\"potentialAction\":[{\"@type\":\"ReadAction\",\"target\":[\"https:\/\/equitherapie-bourgogne.fr\/index.php\/formations-et-stages\/\"]}]},{\"@type\":\"ImageObject\",\"inLanguage\":\"fr-FR\",\"@id\":\"https:\/\/equitherapie-bourgogne.fr\/index.php\/formations-et-stages\/#primaryimage\",\"url\":\"http:\/\/equitherapie-bourgogne.fr\/wp-content\/uploads\/2016\/11\/equitationcentree800x530-150x150.jpg\",\"contentUrl\":\"http:\/\/equitherapie-bourgogne.fr\/wp-content\/uploads\/2016\/11\/equitationcentree800x530-150x150.jpg\"},{\"@type\":\"BreadcrumbList\",\"@id\":\"https:\/\/equitherapie-bourgogne.fr\/index.php\/formations-et-stages\/#breadcrumb\",\"itemListElement\":[{\"@type\":\"ListItem\",\"position\":1,\"name\":\"Accueil\",\"item\":\"https:\/\/equitherapie-bourgogne.fr\/\"},{\"@type\":\"ListItem\",\"position\":2,\"name\":\"Stages et Formations\"}]},{\"@type\":\"WebSite\",\"@id\":\"https:\/\/equitherapie-bourgogne.fr\/#website\",\"url\":\"https:\/\/equitherapie-bourgogne.fr\/\",\"name\":\"A Cheval sur Soi\",\"description\":\"CENTRE \u00c9QUESTRE TRANSDISCIPLINAIRE\",\"potentialAction\":[{\"@type\":\"SearchAction\",\"target\":{\"@type\":\"EntryPoint\",\"urlTemplate\":\"https:\/\/equitherapie-bourgogne.fr\/?s={search_term_string}\"},\"query-input\":{\"@type\":\"PropertyValueSpecification\",\"valueRequired\":true,\"valueName\":\"search_term_string\"}}],\"inLanguage\":\"fr-FR\"}]}<\/script>\n<!-- \/ Yoast SEO plugin. -->","yoast_head_json":{"title":"Stages et Formations en \u00e9quith\u00e9rapie, travail du cheval, \u00e9quitation sensitive ...","description":"D\u00e9couvrez nos formations en \u00e9quith\u00e9rapie, travail du cheval, stages \u00e9quitation sensitive, symbolique, stage cheval et chant, stages tir \u00e0 l'arc \u00e0 cheval ...","robots":{"index":"index","follow":"follow","max-snippet":"max-snippet:-1","max-image-preview":"max-image-preview:large","max-video-preview":"max-video-preview:-1"},"canonical":"https:\/\/equitherapie-bourgogne.fr\/index.php\/formations-et-stages\/","og_locale":"fr_FR","og_type":"article","og_title":"Stages et Formations en \u00e9quith\u00e9rapie, travail du cheval, \u00e9quitation sensitive ...","og_description":"D\u00e9couvrez nos formations en \u00e9quith\u00e9rapie, travail du cheval, stages \u00e9quitation sensitive, symbolique, stage cheval et chant, stages tir \u00e0 l'arc \u00e0 cheval ...","og_url":"https:\/\/equitherapie-bourgogne.fr\/index.php\/formations-et-stages\/","og_site_name":"A Cheval sur Soi","article_modified_time":"2018-04-12T13:52:11+00:00","og_image":[{"url":"http:\/\/equitherapie-bourgogne.fr\/wp-content\/uploads\/2016\/11\/equitationcentree800x530-150x150.jpg","type":"","width":"","height":""}],"twitter_card":"summary_large_image","twitter_misc":{"Dur\u00e9e de lecture estim\u00e9e":"5 minutes"},"schema":{"@context":"https:\/\/schema.org","@graph":[{"@type":"WebPage","@id":"https:\/\/equitherapie-bourgogne.fr\/index.php\/formations-et-stages\/","url":"https:\/\/equitherapie-bourgogne.fr\/index.php\/formations-et-stages\/","name":"Stages et Formations en \u00e9quith\u00e9rapie, travail du cheval, \u00e9quitation sensitive ...","isPartOf":{"@id":"https:\/\/equitherapie-bourgogne.fr\/#website"},"primaryImageOfPage":{"@id":"https:\/\/equitherapie-bourgogne.fr\/index.php\/formations-et-stages\/#primaryimage"},"image":{"@id":"https:\/\/equitherapie-bourgogne.fr\/index.php\/formations-et-stages\/#primaryimage"},"thumbnailUrl":"http:\/\/equitherapie-bourgogne.fr\/wp-content\/uploads\/2016\/11\/equitationcentree800x530-150x150.jpg","datePublished":"2016-09-30T13:09:05+00:00","dateModified":"2018-04-12T13:52:11+00:00","description":"D\u00e9couvrez nos formations en \u00e9quith\u00e9rapie, travail du cheval, stages \u00e9quitation sensitive, symbolique, stage cheval et chant, stages tir \u00e0 l'arc \u00e0 cheval ...","breadcrumb":{"@id":"https:\/\/equitherapie-bourgogne.fr\/index.php\/formations-et-stages\/#breadcrumb"},"inLanguage":"fr-FR","potentialAction":[{"@type":"ReadAction","target":["https:\/\/equitherapie-bourgogne.fr\/index.php\/formations-et-stages\/"]}]},{"@type":"ImageObject","inLanguage":"fr-FR","@id":"https:\/\/equitherapie-bourgogne.fr\/index.php\/formations-et-stages\/#primaryimage","url":"http:\/\/equitherapie-bourgogne.fr\/wp-content\/uploads\/2016\/11\/equitationcentree800x530-150x150.jpg","contentUrl":"http:\/\/equitherapie-bourgogne.fr\/wp-content\/uploads\/2016\/11\/equitationcentree800x530-150x150.jpg"},{"@type":"BreadcrumbList","@id":"https:\/\/equitherapie-bourgogne.fr\/index.php\/formations-et-stages\/#breadcrumb","itemListElement":[{"@type":"ListItem","position":1,"name":"Accueil","item":"https:\/\/equitherapie-bourgogne.fr\/"},{"@type":"ListItem","position":2,"name":"Stages et Formations"}]},{"@type":"WebSite","@id":"https:\/\/equitherapie-bourgogne.fr\/#website","url":"https:\/\/equitherapie-bourgogne.fr\/","name":"A Cheval sur Soi","description":"CENTRE \u00c9QUESTRE TRANSDISCIPLINAIRE","potentialAction":[{"@type":"SearchAction","target":{"@type":"EntryPoint","urlTemplate":"https:\/\/equitherapie-bourgogne.fr\/?s={search_term_string}"},"query-input":{"@type":"PropertyValueSpecification","valueRequired":true,"valueName":"search_term_string"}}],"inLanguage":"fr-FR"}]}},"_links":{"self":[{"href":"https:\/\/equitherapie-bourgogne.fr\/index.php\/wp-json\/wp\/v2\/pages\/12","targetHints":{"allow":["GET"]}}],"collection":[{"href":"https:\/\/equitherapie-bourgogne.fr\/index.php\/wp-json\/wp\/v2\/pages"}],"about":[{"href":"https:\/\/equitherapie-bourgogne.fr\/index.php\/wp-json\/wp\/v2\/types\/page"}],"author":[{"embeddable":true,"href":"https:\/\/equitherapie-bourgogne.fr\/index.php\/wp-json\/wp\/v2\/users\/1"}],"replies":[{"embeddable":true,"href":"https:\/\/equitherapie-bourgogne.fr\/index.php\/wp-json\/wp\/v2\/comments?post=12"}],"version-history":[{"count":13,"href":"https:\/\/equitherapie-bourgogne.fr\/index.php\/wp-json\/wp\/v2\/pages\/12\/revisions"}],"predecessor-version":[{"id":765,"href":"https:\/\/equitherapie-bourgogne.fr\/index.php\/wp-json\/wp\/v2\/pages\/12\/revisions\/765"}],"wp:attachment":[{"href":"https:\/\/equitherapie-bourgogne.fr\/index.php\/wp-json\/wp\/v2\/media?parent=12"}],"curies":[{"name":"wp","href":"https:\/\/api.w.org\/{rel}","templated":true}]}}