{"id":117,"date":"2016-11-03T06:42:39","date_gmt":"2016-11-03T05:42:39","guid":{"rendered":"http:\/\/equitherapie-bourgogne.fr\/?page_id=117"},"modified":"2020-11-04T16:52:43","modified_gmt":"2020-11-04T15:52:43","slug":"travail-du-cheval-debourrage-pension","status":"publish","type":"page","link":"https:\/\/equitherapie-bourgogne.fr\/index.php\/equitation\/travail-du-cheval-debourrage-pension\/","title":{"rendered":"Travail du cheval, d\u00e9bourrage, pension, demi-pension"},"content":{"rendered":"<div id=\"pl-117\"  class=\"panel-layout\" ><div id=\"pg-117-0\"  class=\"panel-grid panel-no-style\" ><div id=\"pgc-117-0-0\"  class=\"panel-grid-cell\" ><div id=\"panel-117-0-0-0\" class=\"so-panel widget widget_sow-editor panel-first-child\" data-index=\"0\" ><div\n\t\t\t\n\t\t\tclass=\"so-widget-sow-editor so-widget-sow-editor-base\"\n\t\t\t\n\t\t>\n<div class=\"siteorigin-widget-tinymce textwidget\">\n\t<p>Pour vos chevaux nous vous proposons <strong>diff\u00e9rentes formules<\/strong> allant du <strong>d\u00e9bourrage<\/strong> \u00e0 un <strong>travail plus approfondi<\/strong> <strong>ou sp\u00e9cifique<\/strong> en fonction du niveau de votre cheval.<\/p>\n<p>Le centre est con\u00e7u autour d\u2019une <strong>coh\u00e9rence globale<\/strong> afin d\u2019exp\u00e9rimenter ce qu\u2019est la <strong>relation \u00e0 l\u2019autre,<\/strong> humain ou animal.<br \/> Pour cette raison nos propositions pour l\u2019accueil et le travail de vos chevaux sont bas\u00e9es sur des projets individualis\u00e9es en fonction de vos attentes et surtout en fonction du caract\u00e8re de votre cheval. Chaque \u00ab\u00a0individu cheval\u00a0\u00bb avec lequel nous travaillons se doit d\u2019\u00eatre respect\u00e9 dans ses dimensions corporelles et psychiques. Ce <strong>respect mutuel<\/strong> permet de travailler en toute s\u00e9curit\u00e9. Ici le \u00ab\u00a0moule\u00a0\u00bb n\u2019existe pas. Dans l\u2019\u00e9ducation des chevaux nous veillons \u00e0 garder intact le caract\u00e8re sp\u00e9cifique de chaque cheval tout en les amenant \u00e0 rentrer en relation avec confiance.<\/p>\n<p><strong>Principes des d\u00e9bourrages\u00a0:<\/strong><br \/> Aucune m\u00e9thode n\u2019est appliqu\u00e9e de fa\u00e7on syst\u00e9matique de A \u00e0 Z.<br \/> Riche de courants et d\u2019exp\u00e9riences vari\u00e9es, A Cheval Sur Soi d\u00e9veloppe un approche centr\u00e9e sur le bien \u00eatre psychique et physique du cheval.<br \/> Nous avan\u00e7ons pas \u00e0 pas vers une <strong>v\u00e9ritable \u00e9ducation, intelligible et p\u00e9renne<\/strong>, afin de garantir au mieux votre s\u00e9curit\u00e9 et celle de votre compagnon d\u2019aventure. Apprendre n\u00e9cessite du temps. La rentabilit\u00e9 n\u2019est pas de mise pour cette phase de la vie de votre cheval. Lui seul saura nous dire le temps qu\u2019il lui faudra pour surmonter ses peurs et par la suite, les transformer en habitudes paisibles, sources de plaisir partag\u00e9.<br \/> Nous commen\u00e7ons par faire un bilan de ses acceptations et ainsi nous d\u00e9finissons les objectifs \u00e0 cours et moyens termes.<br \/> Le d\u00e9bourrage est une p\u00e9riode charni\u00e8re dans la vie du cheval o\u00f9 il est \u00e9duqu\u00e9 \u00e0 accepter le poids du cavalier aux trois allures. La dur\u00e9e de cet apprentissage est fonction des r\u00e9actions et de la maturit\u00e9 de votre cheval. La suite de ses apprentissages pourra \u00eatre prise en charge par notre \u00e9quipe si vous le d\u00e9sirez.<br \/> Vous serez invit\u00e9 \u00e0 partager nos s\u00e9ances et vous serez accompagn\u00e9 pour continuer son \u00e9ducation apr\u00e8s le retour chez vous.<\/p>\n<p><strong>Pensions :<\/strong><br \/> Nous proposons des pensions dont les tarifs de base sont dans le tableau suivant :<\/p>\n<p>Les chevaux sont soit en pension pr\u00e9-box soit au pr\u00e9 toute l\u2019ann\u00e9e. Des soins suppl\u00e9mentaires peuvent \u00eatre demand\u00e9s pour votre cheval et le prix de la pension s'ajuste en fonction.<br \/> Ils sont nourris en traditionnel foin, herbe, orge et mais.<br \/> Si vous d\u00e9sirez travailler votre cheval en \u00e9tant accompagn\u00e9 par Nathalie FRILLEY, nous vous proposons des s\u00e9ances individuelles selon un programme adapt\u00e9 \u00e0 votre discipline.<\/p>\n<p><strong>Demi-pension :<\/strong><\/p>\n<p>Les chevaux et poneys que nous proposons \u00e0 la demi-pension sont tous des partenaires de th\u00e9rapie qui ont besoin d'une vie et d'un travail vari\u00e9. Chacun avec leurs aptitudes et leurs personnalit\u00e9s ils sauront vous donner envie de mieux les connaitre et pourquoi pas... de tenter l'aventure de la relation! Balades, travail en carri\u00e8re ou en man\u00e8ge, mont\u00e9 ou en libert\u00e9, tir \u00e0 l'arc \u00e0 cheval... ils ont beaucoup \u00e0 offrir! Venez les rencontrer...<\/p>\n<\/div>\n<\/div><\/div><div id=\"panel-117-0-0-1\" class=\"so-panel widget widget_sow-button panel-last-child\" data-index=\"1\" ><div\n\t\t\t\n\t\t\tclass=\"so-widget-sow-button so-widget-sow-button-flat-8d4af9be796f-117\"\n\t\t\t\n\t\t><div class=\"ow-button-base ow-button-align-right\">\n\t\t\t<a\n\t\t\t\t\thref=\"https:\/\/equitherapie-bourgogne.fr\/index.php\/contact\/\"\n\t\t\t\t\tclass=\"sowb-button ow-icon-placement-left ow-button-hover\" \t>\n\t\t<span>\n\t\t\t\n\t\t\t-&gt; Contactez-nous\t\t<\/span>\n\t\t\t<\/a>\n\t<\/div>\n<\/div><\/div><\/div><div id=\"pgc-117-0-1\"  class=\"panel-grid-cell\" ><div id=\"panel-117-0-1-0\" class=\"so-panel widget widget_sow-editor panel-first-child panel-last-child\" data-index=\"2\" ><div\n\t\t\t\n\t\t\tclass=\"so-widget-sow-editor so-widget-sow-editor-base\"\n\t\t\t\n\t\t>\n<div class=\"siteorigin-widget-tinymce textwidget\">\n\t<p><a href=\"http:\/\/equitherapie-bourgogne.fr\/wp-content\/uploads\/2016\/11\/Equitation-2.jpg\"><img loading=\"lazy\" decoding=\"async\" class=\"alignnone wp-image-324\" src=\"http:\/\/equitherapie-bourgogne.fr\/wp-content\/uploads\/2016\/11\/Equitation-2-800x600.jpg\" alt=\"d\u00e9bourrage au man\u00e8ge\" width=\"490\" height=\"368\" data-id=\"324\" srcset=\"https:\/\/equitherapie-bourgogne.fr\/wp-content\/uploads\/2016\/11\/Equitation-2-800x600.jpg 800w, https:\/\/equitherapie-bourgogne.fr\/wp-content\/uploads\/2016\/11\/Equitation-2-768x576.jpg 768w, https:\/\/equitherapie-bourgogne.fr\/wp-content\/uploads\/2016\/11\/Equitation-2-693x520.jpg 693w, https:\/\/equitherapie-bourgogne.fr\/wp-content\/uploads\/2016\/11\/Equitation-2-1170x878.jpg 1170w\" sizes=\"auto, (max-width: 490px) 100vw, 490px\" \/><\/a><a href=\"http:\/\/equitherapie-bourgogne.fr\/wp-content\/uploads\/2016\/11\/Pension...-4.jpg\"><img loading=\"lazy\" decoding=\"async\" class=\"alignleft  wp-image-361\" src=\"http:\/\/equitherapie-bourgogne.fr\/wp-content\/uploads\/2016\/11\/Pension...-4-692x600.jpg\" alt=\"Pension... (4)\" width=\"492\" height=\"427\" data-id=\"361\" srcset=\"https:\/\/equitherapie-bourgogne.fr\/wp-content\/uploads\/2016\/11\/Pension...-4-692x600.jpg 692w, https:\/\/equitherapie-bourgogne.fr\/wp-content\/uploads\/2016\/11\/Pension...-4-768x666.jpg 768w, https:\/\/equitherapie-bourgogne.fr\/wp-content\/uploads\/2016\/11\/Pension...-4-600x520.jpg 600w, https:\/\/equitherapie-bourgogne.fr\/wp-content\/uploads\/2016\/11\/Pension...-4-1170x1014.jpg 1170w\" sizes=\"auto, (max-width: 492px) 100vw, 492px\" \/><\/a><\/p>\n<table border=\"1\" width=\"583\" cellspacing=\"0\" cellpadding=\"7\">\n<colgroup>\n<col width=\"369\" \/>\n<col width=\"185\" \/> <\/colgroup>\n<tbody>\n<tr>\n<td bgcolor=\"#5b993c\" width=\"369\">\u00a0<\/td>\n<td bgcolor=\"#5b993c\" width=\"185\">\n<p style=\"text-align: center;\" align=\"CENTER\"><span style=\"color: #800000;\"><span style=\"font-family: Arial,serif;\"><span style=\"font-size: large;\">PRIX<\/span><\/span><\/span><\/p>\n<\/td>\n<\/tr>\n<tr>\n<td width=\"369\">\n<p align=\"CENTER\"><span style=\"font-family: Arial,serif;\"><span style=\"font-size: large;\">Pension \u00e0 l\u2019ann\u00e9e, box ou pr\u00e9-box<\/span><\/span><\/p>\n<\/td>\n<td width=\"185\">\n<p align=\"CENTER\"><span style=\"font-family: Arial,serif;\"><span style=\"font-size: large;\">400 \u20ac \/ mois<\/span><\/span><\/p>\n<\/td>\n<\/tr>\n<tr>\n<td width=\"369\">\n<p align=\"CENTER\"><span style=\"font-family: Arial,serif;\"><span style=\"font-size: large;\">Pension occasionnelle : moins de 1 mois<\/span><\/span><\/p>\n<\/td>\n<td width=\"185\">\n<p align=\"CENTER\"><span style=\"font-family: Arial,serif;\"><span style=\"font-size: large;\">20 \u20ac \/ jour<\/span><\/span><\/p>\n<\/td>\n<\/tr>\n<tr>\n<td width=\"369\">\n<p align=\"CENTER\"><span style=\"font-family: Arial,serif;\"><span style=\"font-size: large;\">\u00a0<\/span><\/span><\/p>\n<\/td>\n<td width=\"185\">\n<p align=\"CENTER\"><span style=\"font-family: Arial,serif;\"><span style=\"font-size: large;\">\u00a0<\/span><\/span><\/p>\n<\/td>\n<\/tr>\n<tr>\n<td width=\"369\">\n<p align=\"CENTER\"><span style=\"font-family: Arial,serif;\"><span style=\"font-size: large;\">Pension d\u00e9bourrage et travail<\/span><\/span><\/p>\n<\/td>\n<td width=\"185\">\n<p align=\"CENTER\"><span style=\"font-family: Arial,serif;\"><span style=\"font-size: large;\">580 \u20ac \/ mois<\/span><\/span><\/p>\n<\/td>\n<\/tr>\n<tr>\n<td width=\"369\">\n<p align=\"CENTER\"><span style=\"font-family: Arial,serif;\"><span style=\"font-size: large;\">Pension pr\u00e9 avec utilisation des installations<\/span><\/span><\/p>\n<\/td>\n<td width=\"185\">\n<p><span style=\"font-family: Arial,serif;\"><span style=\"font-size: large;\">200 \u20ac \/ mois \u00e9t\u00e9<\/span><\/span><\/p>\n<p><span style=\"font-family: Arial,serif;\"><span style=\"font-size: large;\"> 300 \u20ac \/ mois hiver<\/span><\/span><\/p>\n<\/td>\n<\/tr>\n<tr>\n<td width=\"369\">\n<p align=\"CENTER\"><span style=\"font-family: Arial,serif;\"><span style=\"font-size: large;\">\u00a0<\/span><\/span><\/p>\n<\/td>\n<td width=\"185\">\n<p align=\"CENTER\"><span style=\"font-family: Arial,serif;\"><span style=\"font-size: large;\">\u00a0<\/span><\/span><\/p>\n<\/td>\n<\/tr>\n<tr>\n<td colspan=\"2\" width=\"567\">\u00a0<\/td>\n<\/tr>\n<tr>\n<td width=\"369\">\n<p align=\"CENTER\"><span style=\"font-family: Arial,serif;\"><span style=\"font-size: large;\">Demi-pension<br \/><\/span><\/span><\/p>\n<\/td>\n<td width=\"185\">\n<p align=\"CENTER\"><span style=\"font-family: Arial,serif;\"><span style=\"font-size: large;\">150 \u20ac \/ mois<br \/><\/span><\/span><\/p>\n<\/td>\n<\/tr>\n<\/tbody>\n<\/table>\n<\/div>\n<\/div><\/div><\/div><\/div><\/div>","protected":false},"excerpt":{"rendered":"<p>Pour vos chevaux nous vous proposons diff\u00e9rentes formules allant du d\u00e9bourrage \u00e0 un travail plus approfondi ou sp\u00e9cifique en fonction du niveau de votre cheval.Le centre est con\u00e7u autour d\u2019une coh\u00e9rence globale afin d\u2019exp\u00e9rimenter ce qu\u2019est la relation \u00e0 l\u2019autre,&#8230;<br \/><a class=\"read-more-button\" href=\"https:\/\/equitherapie-bourgogne.fr\/index.php\/equitation\/travail-du-cheval-debourrage-pension\/\">Savoir plus<\/a><\/p>\n","protected":false},"author":1,"featured_media":1012,"parent":8,"menu_order":0,"comment_status":"closed","ping_status":"closed","template":"template-full-width.php","meta":{"footnotes":""},"class_list":["post-117","page","type-page","status-publish","has-post-thumbnail","hentry"],"yoast_head":"<!-- This site is optimized with the Yoast SEO plugin v24.7 - https:\/\/yoast.com\/wordpress\/plugins\/seo\/ -->\n<title>Travail du cheval, d\u00e9bourrage, pension, demi-pension - A Cheval sur Soi<\/title>\n<meta name=\"description\" content=\"Le d\u00e9bourrage est la base du travail du cheval et peut \u00eatre compl\u00e9t\u00e9e par un accompagnement approfondi dans un esprit de respect et de coh\u00e9rence.\" \/>\n<meta name=\"robots\" content=\"index, follow, max-snippet:-1, max-image-preview:large, max-video-preview:-1\" \/>\n<link rel=\"canonical\" href=\"https:\/\/equitherapie-bourgogne.fr\/index.php\/equitation\/travail-du-cheval-debourrage-pension\/\" \/>\n<meta property=\"og:locale\" content=\"fr_FR\" \/>\n<meta property=\"og:type\" content=\"article\" \/>\n<meta property=\"og:title\" content=\"Travail du cheval, d\u00e9bourrage, pension, demi-pension - A Cheval sur Soi\" \/>\n<meta property=\"og:description\" content=\"Le d\u00e9bourrage est la base du travail du cheval et peut \u00eatre compl\u00e9t\u00e9e par un accompagnement approfondi dans un esprit de respect et de coh\u00e9rence.\" \/>\n<meta property=\"og:url\" content=\"https:\/\/equitherapie-bourgogne.fr\/index.php\/equitation\/travail-du-cheval-debourrage-pension\/\" \/>\n<meta property=\"og:site_name\" content=\"A Cheval sur Soi\" \/>\n<meta property=\"article:modified_time\" content=\"2020-11-04T15:52:43+00:00\" \/>\n<meta property=\"og:image\" content=\"https:\/\/equitherapie-bourgogne.fr\/wp-content\/uploads\/2016\/11\/Pension...-ssf.jpg\" \/>\n\t<meta property=\"og:image:width\" content=\"2428\" \/>\n\t<meta property=\"og:image:height\" content=\"1136\" \/>\n\t<meta property=\"og:image:type\" content=\"image\/jpeg\" \/>\n<meta name=\"twitter:card\" content=\"summary_large_image\" \/>\n<meta name=\"twitter:label1\" content=\"Dur\u00e9e de lecture estim\u00e9e\" \/>\n\t<meta name=\"twitter:data1\" content=\"3 minutes\" \/>\n<script type=\"application\/ld+json\" class=\"yoast-schema-graph\">{\"@context\":\"https:\/\/schema.org\",\"@graph\":[{\"@type\":\"WebPage\",\"@id\":\"https:\/\/equitherapie-bourgogne.fr\/index.php\/equitation\/travail-du-cheval-debourrage-pension\/\",\"url\":\"https:\/\/equitherapie-bourgogne.fr\/index.php\/equitation\/travail-du-cheval-debourrage-pension\/\",\"name\":\"Travail du cheval, d\u00e9bourrage, pension, demi-pension - A Cheval sur Soi\",\"isPartOf\":{\"@id\":\"https:\/\/equitherapie-bourgogne.fr\/#website\"},\"primaryImageOfPage\":{\"@id\":\"https:\/\/equitherapie-bourgogne.fr\/index.php\/equitation\/travail-du-cheval-debourrage-pension\/#primaryimage\"},\"image\":{\"@id\":\"https:\/\/equitherapie-bourgogne.fr\/index.php\/equitation\/travail-du-cheval-debourrage-pension\/#primaryimage\"},\"thumbnailUrl\":\"https:\/\/equitherapie-bourgogne.fr\/wp-content\/uploads\/2016\/11\/Pension...-ssf.jpg\",\"datePublished\":\"2016-11-03T05:42:39+00:00\",\"dateModified\":\"2020-11-04T15:52:43+00:00\",\"description\":\"Le d\u00e9bourrage est la base du travail du cheval et peut \u00eatre compl\u00e9t\u00e9e par un accompagnement approfondi dans un esprit de respect et de coh\u00e9rence.\",\"breadcrumb\":{\"@id\":\"https:\/\/equitherapie-bourgogne.fr\/index.php\/equitation\/travail-du-cheval-debourrage-pension\/#breadcrumb\"},\"inLanguage\":\"fr-FR\",\"potentialAction\":[{\"@type\":\"ReadAction\",\"target\":[\"https:\/\/equitherapie-bourgogne.fr\/index.php\/equitation\/travail-du-cheval-debourrage-pension\/\"]}]},{\"@type\":\"ImageObject\",\"inLanguage\":\"fr-FR\",\"@id\":\"https:\/\/equitherapie-bourgogne.fr\/index.php\/equitation\/travail-du-cheval-debourrage-pension\/#primaryimage\",\"url\":\"https:\/\/equitherapie-bourgogne.fr\/wp-content\/uploads\/2016\/11\/Pension...-ssf.jpg\",\"contentUrl\":\"https:\/\/equitherapie-bourgogne.fr\/wp-content\/uploads\/2016\/11\/Pension...-ssf.jpg\",\"width\":2428,\"height\":1136},{\"@type\":\"BreadcrumbList\",\"@id\":\"https:\/\/equitherapie-bourgogne.fr\/index.php\/equitation\/travail-du-cheval-debourrage-pension\/#breadcrumb\",\"itemListElement\":[{\"@type\":\"ListItem\",\"position\":1,\"name\":\"Accueil\",\"item\":\"https:\/\/equitherapie-bourgogne.fr\/\"},{\"@type\":\"ListItem\",\"position\":2,\"name\":\"\u00e9quitation\",\"item\":\"https:\/\/equitherapie-bourgogne.fr\/index.php\/equitation\/\"},{\"@type\":\"ListItem\",\"position\":3,\"name\":\"Travail du cheval, d\u00e9bourrage, pension, demi-pension\"}]},{\"@type\":\"WebSite\",\"@id\":\"https:\/\/equitherapie-bourgogne.fr\/#website\",\"url\":\"https:\/\/equitherapie-bourgogne.fr\/\",\"name\":\"A Cheval sur Soi\",\"description\":\"CENTRE \u00c9QUESTRE TRANSDISCIPLINAIRE\",\"potentialAction\":[{\"@type\":\"SearchAction\",\"target\":{\"@type\":\"EntryPoint\",\"urlTemplate\":\"https:\/\/equitherapie-bourgogne.fr\/?s={search_term_string}\"},\"query-input\":{\"@type\":\"PropertyValueSpecification\",\"valueRequired\":true,\"valueName\":\"search_term_string\"}}],\"inLanguage\":\"fr-FR\"}]}<\/script>\n<!-- \/ Yoast SEO plugin. -->","yoast_head_json":{"title":"Travail du cheval, d\u00e9bourrage, pension, demi-pension - A Cheval sur Soi","description":"Le d\u00e9bourrage est la base du travail du cheval et peut \u00eatre compl\u00e9t\u00e9e par un accompagnement approfondi dans un esprit de respect et de coh\u00e9rence.","robots":{"index":"index","follow":"follow","max-snippet":"max-snippet:-1","max-image-preview":"max-image-preview:large","max-video-preview":"max-video-preview:-1"},"canonical":"https:\/\/equitherapie-bourgogne.fr\/index.php\/equitation\/travail-du-cheval-debourrage-pension\/","og_locale":"fr_FR","og_type":"article","og_title":"Travail du cheval, d\u00e9bourrage, pension, demi-pension - A Cheval sur Soi","og_description":"Le d\u00e9bourrage est la base du travail du cheval et peut \u00eatre compl\u00e9t\u00e9e par un accompagnement approfondi dans un esprit de respect et de coh\u00e9rence.","og_url":"https:\/\/equitherapie-bourgogne.fr\/index.php\/equitation\/travail-du-cheval-debourrage-pension\/","og_site_name":"A Cheval sur Soi","article_modified_time":"2020-11-04T15:52:43+00:00","og_image":[{"width":2428,"height":1136,"url":"https:\/\/equitherapie-bourgogne.fr\/wp-content\/uploads\/2016\/11\/Pension...-ssf.jpg","type":"image\/jpeg"}],"twitter_card":"summary_large_image","twitter_misc":{"Dur\u00e9e de lecture estim\u00e9e":"3 minutes"},"schema":{"@context":"https:\/\/schema.org","@graph":[{"@type":"WebPage","@id":"https:\/\/equitherapie-bourgogne.fr\/index.php\/equitation\/travail-du-cheval-debourrage-pension\/","url":"https:\/\/equitherapie-bourgogne.fr\/index.php\/equitation\/travail-du-cheval-debourrage-pension\/","name":"Travail du cheval, d\u00e9bourrage, pension, demi-pension - A Cheval sur Soi","isPartOf":{"@id":"https:\/\/equitherapie-bourgogne.fr\/#website"},"primaryImageOfPage":{"@id":"https:\/\/equitherapie-bourgogne.fr\/index.php\/equitation\/travail-du-cheval-debourrage-pension\/#primaryimage"},"image":{"@id":"https:\/\/equitherapie-bourgogne.fr\/index.php\/equitation\/travail-du-cheval-debourrage-pension\/#primaryimage"},"thumbnailUrl":"https:\/\/equitherapie-bourgogne.fr\/wp-content\/uploads\/2016\/11\/Pension...-ssf.jpg","datePublished":"2016-11-03T05:42:39+00:00","dateModified":"2020-11-04T15:52:43+00:00","description":"Le d\u00e9bourrage est la base du travail du cheval et peut \u00eatre compl\u00e9t\u00e9e par un accompagnement approfondi dans un esprit de respect et de coh\u00e9rence.","breadcrumb":{"@id":"https:\/\/equitherapie-bourgogne.fr\/index.php\/equitation\/travail-du-cheval-debourrage-pension\/#breadcrumb"},"inLanguage":"fr-FR","potentialAction":[{"@type":"ReadAction","target":["https:\/\/equitherapie-bourgogne.fr\/index.php\/equitation\/travail-du-cheval-debourrage-pension\/"]}]},{"@type":"ImageObject","inLanguage":"fr-FR","@id":"https:\/\/equitherapie-bourgogne.fr\/index.php\/equitation\/travail-du-cheval-debourrage-pension\/#primaryimage","url":"https:\/\/equitherapie-bourgogne.fr\/wp-content\/uploads\/2016\/11\/Pension...-ssf.jpg","contentUrl":"https:\/\/equitherapie-bourgogne.fr\/wp-content\/uploads\/2016\/11\/Pension...-ssf.jpg","width":2428,"height":1136},{"@type":"BreadcrumbList","@id":"https:\/\/equitherapie-bourgogne.fr\/index.php\/equitation\/travail-du-cheval-debourrage-pension\/#breadcrumb","itemListElement":[{"@type":"ListItem","position":1,"name":"Accueil","item":"https:\/\/equitherapie-bourgogne.fr\/"},{"@type":"ListItem","position":2,"name":"\u00e9quitation","item":"https:\/\/equitherapie-bourgogne.fr\/index.php\/equitation\/"},{"@type":"ListItem","position":3,"name":"Travail du cheval, d\u00e9bourrage, pension, demi-pension"}]},{"@type":"WebSite","@id":"https:\/\/equitherapie-bourgogne.fr\/#website","url":"https:\/\/equitherapie-bourgogne.fr\/","name":"A Cheval sur Soi","description":"CENTRE \u00c9QUESTRE TRANSDISCIPLINAIRE","potentialAction":[{"@type":"SearchAction","target":{"@type":"EntryPoint","urlTemplate":"https:\/\/equitherapie-bourgogne.fr\/?s={search_term_string}"},"query-input":{"@type":"PropertyValueSpecification","valueRequired":true,"valueName":"search_term_string"}}],"inLanguage":"fr-FR"}]}},"_links":{"self":[{"href":"https:\/\/equitherapie-bourgogne.fr\/index.php\/wp-json\/wp\/v2\/pages\/117","targetHints":{"allow":["GET"]}}],"collection":[{"href":"https:\/\/equitherapie-bourgogne.fr\/index.php\/wp-json\/wp\/v2\/pages"}],"about":[{"href":"https:\/\/equitherapie-bourgogne.fr\/index.php\/wp-json\/wp\/v2\/types\/page"}],"author":[{"embeddable":true,"href":"https:\/\/equitherapie-bourgogne.fr\/index.php\/wp-json\/wp\/v2\/users\/1"}],"replies":[{"embeddable":true,"href":"https:\/\/equitherapie-bourgogne.fr\/index.php\/wp-json\/wp\/v2\/comments?post=117"}],"version-history":[{"count":16,"href":"https:\/\/equitherapie-bourgogne.fr\/index.php\/wp-json\/wp\/v2\/pages\/117\/revisions"}],"predecessor-version":[{"id":1022,"href":"https:\/\/equitherapie-bourgogne.fr\/index.php\/wp-json\/wp\/v2\/pages\/117\/revisions\/1022"}],"up":[{"embeddable":true,"href":"https:\/\/equitherapie-bourgogne.fr\/index.php\/wp-json\/wp\/v2\/pages\/8"}],"wp:featuredmedia":[{"embeddable":true,"href":"https:\/\/equitherapie-bourgogne.fr\/index.php\/wp-json\/wp\/v2\/media\/1012"}],"wp:attachment":[{"href":"https:\/\/equitherapie-bourgogne.fr\/index.php\/wp-json\/wp\/v2\/media?parent=117"}],"curies":[{"name":"wp","href":"https:\/\/api.w.org\/{rel}","templated":true}]}}