{"id":111,"date":"2016-11-03T06:41:19","date_gmt":"2016-11-03T05:41:19","guid":{"rendered":"http:\/\/equitherapie-bourgogne.fr\/?page_id=111"},"modified":"2018-04-12T16:11:20","modified_gmt":"2018-04-12T14:11:20","slug":"equitation-sensitive","status":"publish","type":"page","link":"https:\/\/equitherapie-bourgogne.fr\/index.php\/equitation\/equitation-sensitive\/","title":{"rendered":"\u00c9quitation sensitive"},"content":{"rendered":"<div id=\"pl-111\"  class=\"panel-layout\" ><div id=\"pg-111-0\"  class=\"panel-grid panel-no-style\" ><div id=\"pgc-111-0-0\"  class=\"panel-grid-cell\" ><div id=\"panel-111-0-0-0\" class=\"so-panel widget widget_sow-editor panel-first-child panel-last-child\" data-index=\"0\" ><div\n\t\t\t\n\t\t\tclass=\"so-widget-sow-editor so-widget-sow-editor-base\"\n\t\t\t\n\t\t>\n<div class=\"siteorigin-widget-tinymce textwidget\">\n\t<p>\u00a0<\/p>\n<h1>Equitation sensitive<\/h1>\n<h1><img loading=\"lazy\" decoding=\"async\" class=\"alignright wp-image-218 \" src=\"http:\/\/equitherapie-bourgogne.fr\/wp-content\/uploads\/2016\/11\/equitationcentree800x530.jpg\" alt=\"equitationcentree800x530\" width=\"507\" height=\"336\" data-id=\"218\" srcset=\"https:\/\/equitherapie-bourgogne.fr\/wp-content\/uploads\/2016\/11\/equitationcentree800x530.jpg 800w, https:\/\/equitherapie-bourgogne.fr\/wp-content\/uploads\/2016\/11\/equitationcentree800x530-300x199.jpg 300w, https:\/\/equitherapie-bourgogne.fr\/wp-content\/uploads\/2016\/11\/equitationcentree800x530-768x509.jpg 768w\" sizes=\"auto, (max-width: 507px) 100vw, 507px\" \/><\/h1>\n<h3><span style=\"text-decoration: underline;\"><strong>L'ANTIM\u00c9THODE<\/strong><\/span><\/h3>\n<p><strong>ou \"un autre regard\"<\/strong><\/p>\n<p style=\"padding-left: 30px;\"><strong><em>Il n\u2019y a pas de m\u00e9thode<\/em><\/strong><br \/> <strong><em>Mais un questionement<\/em><\/strong><br \/> <strong><em>Il n\u2019y a pas de m\u00e9thode<\/em><\/strong><br \/> <strong><em>Mais un cheminement<\/em><\/strong><\/p>\n<p style=\"padding-left: 30px;\"><strong><em>Apprendre \u00e0 marcher autrement<\/em><\/strong><br \/> <strong><em>Un apprentissage dans un espace d\u2019actions encourag\u00e9es,<\/em><\/strong><br \/> <strong><em>Bienveillantes.<\/em><\/strong><\/p>\n<p><strong>\u00a0<\/strong><\/p>\n<h3><span style=\"text-decoration: underline;\"><strong>EQUITATION SENSITIVE<\/strong><\/span><\/h3>\n<p>L'association propose des s\u00e9ances individuelles et personnalis\u00e9es d'\u00e9quitation sensitive. Des stages sur plusieurs jours sont possibles sur demandes sp\u00e9cifiques.<\/p>\n<blockquote>\n<p><strong>\"Une rencontre entre deux corps, animalit\u00e9 d'un c\u00f4t\u00e9, humanit\u00e9 de l'autre. Chevaucher l'impr\u00e9visible, une folie en soi, et pourtant possible.\u00a0Alors comment l'a rendre fluide, souple et habile?\u00a0Oser l' aventure, se laisser faire, apprendre de l'autre et se trouver soi.\"<\/strong><\/p>\n<\/blockquote>\n<p>\u00a0<\/p>\n<p style=\"text-align: center;\"><span style=\"text-decoration: underline;\"><strong><em>NATURE ET CONTENU DES ENSEIGNEMENTS<\/em><\/strong><\/span><\/p>\n<p>\u00a0<\/p>\n<h2><strong>1- EN QUOI CONSISTE l'EQUITATION SENSITIVE ?<\/strong><\/h2>\n<p><strong><em>Diff\u00e9rentes m\u00e9thodes ont le vent en poupe\u00a0: \u00e9quitation \u00e9thologique, naturelle, centr\u00e9e, physiologique. Toutes accompagn\u00e9es de livres, de formateurs et de stages labellis\u00e9s \u00e0 la cl\u00e9. Il est parfois difficile de s'orienter vers telle ou telle technique pour trouver des r\u00e9ponses adapt\u00e9es \u00e0 ses difficult\u00e9s.<\/em><\/strong><\/p>\n<p><strong><em>Il est n\u00e9cessaire parfois de s'afficher avec une \u00e9tiquette afin d'\u00eatre reconnu parmi les nombreuses pratiques propos\u00e9es. Si j'ai choisie ce terme d'\u00c9quitation Sensitive\u00a0c'est sans doute, que ce que j'enseigne, est r\u00e9ellement du domaine du\u00a0sentir\u00a0bien avant du domaine du faire.<\/em><\/strong><\/p>\n<h3><a href=\"http:\/\/equitherapie-bourgogne.fr\/wp-content\/uploads\/2016\/11\/Equitation-sensitive.jpg\"><img loading=\"lazy\" decoding=\"async\" class=\"wp-image-335 alignleft\" src=\"http:\/\/equitherapie-bourgogne.fr\/wp-content\/uploads\/2016\/11\/Equitation-sensitive-450x600.jpg\" alt=\"Equitation sensitive\" width=\"473\" height=\"631\" data-id=\"335\" srcset=\"https:\/\/equitherapie-bourgogne.fr\/wp-content\/uploads\/2016\/11\/Equitation-sensitive-450x600.jpg 450w, https:\/\/equitherapie-bourgogne.fr\/wp-content\/uploads\/2016\/11\/Equitation-sensitive-768x1024.jpg 768w, https:\/\/equitherapie-bourgogne.fr\/wp-content\/uploads\/2016\/11\/Equitation-sensitive-390x520.jpg 390w, https:\/\/equitherapie-bourgogne.fr\/wp-content\/uploads\/2016\/11\/Equitation-sensitive-1170x1560.jpg 1170w\" sizes=\"auto, (max-width: 473px) 100vw, 473px\" \/><\/a>a) <u>Sentir, oui, mais comment ?<\/u><\/h3>\n<p>Amener la personne \u00e0 sentir comment le cheval bouge sous elle, implique qu'elle puisse d\u00e9j\u00e0 s'ouvrir \u00e0 ses propres sensations corporelles. Mon r\u00f4le est de faciliter cette d\u00e9couverte par divers exercices psycho-moteurs, bas\u00e9s sur le dialogue tonique, le centrage, la respiration.<\/p>\n<p>En compl\u00e9mentant par un apprentissage de la logique biom\u00e9canique des deux corps en mouvement, en respectant l'int\u00e9grit\u00e9 psychique et physique des deux partenaires.<\/p>\n<h3>\u00a0<\/h3>\n<h3><u>b) Quelles influences, quels outils ?<\/u><\/h3>\n<p>Je ne propose pas une m\u00e9thode X, ni ne me nomme \"\u00e9l\u00e8ve de\".\u00a0J'enseigne selon une ligne de conduite qui m'est propre, sans revendiquer ni afficher une appartenance \u00e0 un courant particulier.<\/p>\n<p>Bien s\u00fbr, il est ind\u00e9niable que mon enseignement est color\u00e9 par les\u00a0 nombreux \"artistes\" que j'ai cotoy\u00e9s ou lus. Les h\u00e9ritages des anciens \u00e9cuyers, l'\u00e9quitation ib\u00e9rique, les images de Sally Swift, la po\u00e9sie d'Oliveira, le travail d'observation des \u00e9thologues, la complicit\u00e9 du travail en libert\u00e9, tissent la trame des s\u00e9ances que je propose. Avec \u00e0 la base, la coh\u00e9rence entre le discours de l'enseignant, ce qu'il peut montrer en pratique, et ce que l'\u00e9l\u00e8ve peu appliquer en fonction de ses capacit\u00e9s.<\/p>\n<h3>c)<u> Pour aller vers quoi ?<\/u><\/h3>\n<p>\"Il suffit d'y penser ...\", combien de cavaliers ont r\u00eav\u00e9 de ne faire plus qu'un avec leur cheval !<\/p>\n<p>L'objectif est d'arriver au maximum de fluidit\u00e9 et d'harmonie dans sa pratique, sans effet de force, sans moyens coercitifs. Aller vers une coh\u00e9sion corporelle globale pour que l'acte de monter \u00e0 cheval rel\u00e8ve\u00a0 plus d'une d\u00e9marche de partage que d'une prouesse sportive ou technique.<\/p>\n<h2>\u00a0<\/h2>\n<h2><strong>2- L\u00c9GITIMIT\u00c9 DE MON ENSEIGNEMENT<\/strong><\/h2>\n<p>Mon parcours au sein du monde cheval a d\u00e9marr\u00e9 t\u00f4t : \u00e0 10 ans j'\u00e9tais d\u00e9j\u00e0 passionn\u00e9e, j'ai 52 ans et je n'ai jamais cess\u00e9 ma relation avec cet animal.<\/p>\n<p>Parcours classique les 20 premi\u00e8res ann\u00e9es: concours hippiques, complets et dressage, randonn\u00e9es. Monde de l'\u00e9levage, des courses.<\/p>\n<p>Puis des rencontres avec des gens hors du commun, sources de forts questionnements, me font changer d'univers. J'aborde le dressage de haute-\u00e9cole, je quitte les exploits sportifs et je d\u00e9couvre un autre monde, celui de l'art \u00e9questre. \u00c9cole difficile, qui \"forge les corps et les esprits\", l'humilit\u00e9 vient frapper \u00e0 la porte.<\/p>\n<p>Je monte une \u00e9curie priv\u00e9e, puis je cr\u00e9\u00e9e en 2006, l'association\" A Cheval Sur Soi\".<\/p>\n<p>Depuis maintenant 20 ans, j'exp\u00e9rimente au quotidien dans mon propre corps alli\u00e9 \u00e0 celui des chevaux, tour \u00e0 tour, les espoirs, les renoncements temporaires et parfois les victoires sur mes blocages.<\/p>\n<p>Mes nombreuses exp\u00e9riences dans des domaines \u00e9questres vari\u00e9s, enrichies d'enseignements compl\u00e9mentaires (\u00e9thologie \u00e9quine et humaine, psychologie, psychomotricit\u00e9, biologie mol\u00e9culaire...), de lectures de nombreux ouvrages, associ\u00e9es \u00e0 un travail personnel corporel et psychique, me permettent de proposer\u00a0 aujourd'hui un enseignement qui s'adapte \u00e0 toute personne en situation d'interrogation sur sa pratique \u00e9questre.<\/p>\n<p>Titulaire du monitorat, je peux assumer mon enseignement en toute l\u00e9galit\u00e9.<\/p>\n<p>\u00a0<\/p>\n<h3>3- LES FORMULES PROPOS\u00c9ES<\/h3>\n<h4>a) Des s\u00e9ances \u00e0 l'heure<\/h4>\n<p>45 \u20ac au centre, 55 \u20ac en d\u00e9placement<\/p>\n<h4>b) Des stages<\/h4>\n<p>- \u00e0 la journ\u00e9e<br \/> 100 \u20ac, h\u00e9bergement non compris, Tarif groupe. Journ\u00e9e individuelle 160 \u20ac<br \/> -\u00a0de plusieurs jours, sur devis.<\/p>\n<p>Vous pouvez bien sur, venir avec votre propre cheval, box et paddocks sont \u00e0 votre disposition (10 \u20ac\/j l'\u00e9t\u00e9, 15 \u20ac\/j l'hiver). Un circuit diversifi\u00e9 de randonn\u00e9es au sein du Parc r\u00e9gional du Morvan, reli\u00e9 par un\u00a0r\u00e9seau de g\u00eetes \u00e9questres peut \u00e9galement venir agr\u00e9menter votre s\u00e9jour. Voir le site de L'AREM\u00a0http:\/\/www.morvan-cheval.org\/index.html<\/p>\n<h4>c) En d\u00e9placement<\/h4>\n<p>Possibilit\u00e9s de stage sur votre r\u00e9gion sous forme de \"clinic\"\u00a0sur 1 ou plusieurs jours.<br \/> Sur un week-end\u00a0: 220 \u20ac par personne pour les deux jours.<\/p>\n<\/div>\n<\/div><\/div><\/div><\/div><div id=\"pg-111-1\"  class=\"panel-grid panel-no-style\" ><div id=\"pgc-111-1-0\"  class=\"panel-grid-cell\" ><div id=\"panel-111-1-0-0\" class=\"so-panel widget widget_sow-button panel-first-child panel-last-child\" data-index=\"1\" ><div\n\t\t\t\n\t\t\tclass=\"so-widget-sow-button so-widget-sow-button-flat-8c835435cb5c-111\"\n\t\t\t\n\t\t><div class=\"ow-button-base ow-button-align-center\">\n\t\t\t<a\n\t\t\t\t\thref=\"https:\/\/equitherapie-bourgogne.fr\/index.php\/contact\/\"\n\t\t\t\t\tclass=\"sowb-button ow-icon-placement-left ow-button-hover\" \t>\n\t\t<span>\n\t\t\t\n\t\t\tContactez-nous\t\t<\/span>\n\t\t\t<\/a>\n\t<\/div>\n<\/div><\/div><\/div><div id=\"pgc-111-1-1\"  class=\"panel-grid-cell\" ><div id=\"panel-111-1-1-0\" class=\"so-panel widget widget_sow-button panel-first-child panel-last-child\" data-index=\"2\" ><div\n\t\t\t\n\t\t\tclass=\"so-widget-sow-button so-widget-sow-button-flat-8c835435cb5c-111\"\n\t\t\t\n\t\t><div class=\"ow-button-base ow-button-align-center\">\n\t\t\t<a\n\t\t\t\t\thref=\"http:\/\/equitherapie-bourgogne.fr\/index.php\/agenda\/\"\n\t\t\t\t\tclass=\"sowb-button ow-icon-placement-left ow-button-hover\" \t>\n\t\t<span>\n\t\t\t\n\t\t\tConsultez l'agenda des formations et \u00e9v\u00e8nements\t\t<\/span>\n\t\t\t<\/a>\n\t<\/div>\n<\/div><\/div><\/div><\/div><\/div>","protected":false},"excerpt":{"rendered":"<p>\u00a0Equitation sensitiveL&rsquo;ANTIM\u00c9THODEou \u00ab\u00a0un autre regard\u00a0\u00bbIl n\u2019y a pas de m\u00e9thode Mais un questionement Il n\u2019y a pas de m\u00e9thode Mais un cheminementApprendre \u00e0 marcher autrement Un apprentissage dans un espace d\u2019actions encourag\u00e9es, Bienveillantes.\u00a0EQUITATION SENSITIVEL&rsquo;association propose des s\u00e9ances individuelles et personnalis\u00e9es&#8230;<br \/><a class=\"read-more-button\" href=\"https:\/\/equitherapie-bourgogne.fr\/index.php\/equitation\/equitation-sensitive\/\">Savoir plus<\/a><\/p>\n","protected":false},"author":1,"featured_media":447,"parent":8,"menu_order":0,"comment_status":"closed","ping_status":"closed","template":"template-full-width.php","meta":{"footnotes":""},"class_list":["post-111","page","type-page","status-publish","has-post-thumbnail","hentry"],"yoast_head":"<!-- This site is optimized with the Yoast SEO plugin v24.7 - https:\/\/yoast.com\/wordpress\/plugins\/seo\/ -->\n<title>\u00c9quitation sensitive, \u00e9quitation symbolique - A Cheval sur Soi<\/title>\n<meta name=\"description\" content=\"Diff\u00e9rentes m\u00e9thodes d&#039;\u00e9quitation sensitive : \u00e9quitation \u00e9thologique, naturelle, centr\u00e9e, physiologique...\" \/>\n<meta name=\"robots\" content=\"index, follow, max-snippet:-1, max-image-preview:large, max-video-preview:-1\" \/>\n<link rel=\"canonical\" href=\"https:\/\/equitherapie-bourgogne.fr\/index.php\/equitation\/equitation-sensitive\/\" \/>\n<meta property=\"og:locale\" content=\"fr_FR\" \/>\n<meta property=\"og:type\" content=\"article\" \/>\n<meta property=\"og:title\" content=\"\u00c9quitation sensitive, \u00e9quitation symbolique - A Cheval sur Soi\" \/>\n<meta property=\"og:description\" content=\"Diff\u00e9rentes m\u00e9thodes d&#039;\u00e9quitation sensitive : \u00e9quitation \u00e9thologique, naturelle, centr\u00e9e, physiologique...\" \/>\n<meta property=\"og:url\" content=\"https:\/\/equitherapie-bourgogne.fr\/index.php\/equitation\/equitation-sensitive\/\" \/>\n<meta property=\"og:site_name\" content=\"A Cheval sur Soi\" \/>\n<meta property=\"article:modified_time\" content=\"2018-04-12T14:11:20+00:00\" \/>\n<meta property=\"og:image\" content=\"https:\/\/equitherapie-bourgogne.fr\/wp-content\/uploads\/2016\/11\/Equitation-sensitive-1170x338.jpg\" \/>\n\t<meta property=\"og:image:width\" content=\"1170\" \/>\n\t<meta property=\"og:image:height\" content=\"338\" \/>\n\t<meta property=\"og:image:type\" content=\"image\/jpeg\" \/>\n<meta name=\"twitter:card\" content=\"summary_large_image\" \/>\n<meta name=\"twitter:label1\" content=\"Dur\u00e9e de lecture estim\u00e9e\" \/>\n\t<meta name=\"twitter:data1\" content=\"4 minutes\" \/>\n<script type=\"application\/ld+json\" class=\"yoast-schema-graph\">{\"@context\":\"https:\/\/schema.org\",\"@graph\":[{\"@type\":\"WebPage\",\"@id\":\"https:\/\/equitherapie-bourgogne.fr\/index.php\/equitation\/equitation-sensitive\/\",\"url\":\"https:\/\/equitherapie-bourgogne.fr\/index.php\/equitation\/equitation-sensitive\/\",\"name\":\"\u00c9quitation sensitive, \u00e9quitation symbolique - A Cheval sur Soi\",\"isPartOf\":{\"@id\":\"https:\/\/equitherapie-bourgogne.fr\/#website\"},\"primaryImageOfPage\":{\"@id\":\"https:\/\/equitherapie-bourgogne.fr\/index.php\/equitation\/equitation-sensitive\/#primaryimage\"},\"image\":{\"@id\":\"https:\/\/equitherapie-bourgogne.fr\/index.php\/equitation\/equitation-sensitive\/#primaryimage\"},\"thumbnailUrl\":\"https:\/\/equitherapie-bourgogne.fr\/wp-content\/uploads\/2016\/11\/Equitation-sensitive-1170x338.jpg\",\"datePublished\":\"2016-11-03T05:41:19+00:00\",\"dateModified\":\"2018-04-12T14:11:20+00:00\",\"description\":\"Diff\u00e9rentes m\u00e9thodes d'\u00e9quitation sensitive : \u00e9quitation \u00e9thologique, naturelle, centr\u00e9e, physiologique...\",\"breadcrumb\":{\"@id\":\"https:\/\/equitherapie-bourgogne.fr\/index.php\/equitation\/equitation-sensitive\/#breadcrumb\"},\"inLanguage\":\"fr-FR\",\"potentialAction\":[{\"@type\":\"ReadAction\",\"target\":[\"https:\/\/equitherapie-bourgogne.fr\/index.php\/equitation\/equitation-sensitive\/\"]}]},{\"@type\":\"ImageObject\",\"inLanguage\":\"fr-FR\",\"@id\":\"https:\/\/equitherapie-bourgogne.fr\/index.php\/equitation\/equitation-sensitive\/#primaryimage\",\"url\":\"https:\/\/equitherapie-bourgogne.fr\/wp-content\/uploads\/2016\/11\/Equitation-sensitive-1170x338.jpg\",\"contentUrl\":\"https:\/\/equitherapie-bourgogne.fr\/wp-content\/uploads\/2016\/11\/Equitation-sensitive-1170x338.jpg\",\"width\":1170,\"height\":338},{\"@type\":\"BreadcrumbList\",\"@id\":\"https:\/\/equitherapie-bourgogne.fr\/index.php\/equitation\/equitation-sensitive\/#breadcrumb\",\"itemListElement\":[{\"@type\":\"ListItem\",\"position\":1,\"name\":\"Accueil\",\"item\":\"https:\/\/equitherapie-bourgogne.fr\/\"},{\"@type\":\"ListItem\",\"position\":2,\"name\":\"\u00e9quitation\",\"item\":\"https:\/\/equitherapie-bourgogne.fr\/index.php\/equitation\/\"},{\"@type\":\"ListItem\",\"position\":3,\"name\":\"\u00c9quitation sensitive\"}]},{\"@type\":\"WebSite\",\"@id\":\"https:\/\/equitherapie-bourgogne.fr\/#website\",\"url\":\"https:\/\/equitherapie-bourgogne.fr\/\",\"name\":\"A Cheval sur Soi\",\"description\":\"CENTRE \u00c9QUESTRE TRANSDISCIPLINAIRE\",\"potentialAction\":[{\"@type\":\"SearchAction\",\"target\":{\"@type\":\"EntryPoint\",\"urlTemplate\":\"https:\/\/equitherapie-bourgogne.fr\/?s={search_term_string}\"},\"query-input\":{\"@type\":\"PropertyValueSpecification\",\"valueRequired\":true,\"valueName\":\"search_term_string\"}}],\"inLanguage\":\"fr-FR\"}]}<\/script>\n<!-- \/ Yoast SEO plugin. -->","yoast_head_json":{"title":"\u00c9quitation sensitive, \u00e9quitation symbolique - A Cheval sur Soi","description":"Diff\u00e9rentes m\u00e9thodes d'\u00e9quitation sensitive : \u00e9quitation \u00e9thologique, naturelle, centr\u00e9e, physiologique...","robots":{"index":"index","follow":"follow","max-snippet":"max-snippet:-1","max-image-preview":"max-image-preview:large","max-video-preview":"max-video-preview:-1"},"canonical":"https:\/\/equitherapie-bourgogne.fr\/index.php\/equitation\/equitation-sensitive\/","og_locale":"fr_FR","og_type":"article","og_title":"\u00c9quitation sensitive, \u00e9quitation symbolique - A Cheval sur Soi","og_description":"Diff\u00e9rentes m\u00e9thodes d'\u00e9quitation sensitive : \u00e9quitation \u00e9thologique, naturelle, centr\u00e9e, physiologique...","og_url":"https:\/\/equitherapie-bourgogne.fr\/index.php\/equitation\/equitation-sensitive\/","og_site_name":"A Cheval sur Soi","article_modified_time":"2018-04-12T14:11:20+00:00","og_image":[{"width":1170,"height":338,"url":"https:\/\/equitherapie-bourgogne.fr\/wp-content\/uploads\/2016\/11\/Equitation-sensitive-1170x338.jpg","type":"image\/jpeg"}],"twitter_card":"summary_large_image","twitter_misc":{"Dur\u00e9e de lecture estim\u00e9e":"4 minutes"},"schema":{"@context":"https:\/\/schema.org","@graph":[{"@type":"WebPage","@id":"https:\/\/equitherapie-bourgogne.fr\/index.php\/equitation\/equitation-sensitive\/","url":"https:\/\/equitherapie-bourgogne.fr\/index.php\/equitation\/equitation-sensitive\/","name":"\u00c9quitation sensitive, \u00e9quitation symbolique - A Cheval sur Soi","isPartOf":{"@id":"https:\/\/equitherapie-bourgogne.fr\/#website"},"primaryImageOfPage":{"@id":"https:\/\/equitherapie-bourgogne.fr\/index.php\/equitation\/equitation-sensitive\/#primaryimage"},"image":{"@id":"https:\/\/equitherapie-bourgogne.fr\/index.php\/equitation\/equitation-sensitive\/#primaryimage"},"thumbnailUrl":"https:\/\/equitherapie-bourgogne.fr\/wp-content\/uploads\/2016\/11\/Equitation-sensitive-1170x338.jpg","datePublished":"2016-11-03T05:41:19+00:00","dateModified":"2018-04-12T14:11:20+00:00","description":"Diff\u00e9rentes m\u00e9thodes d'\u00e9quitation sensitive : \u00e9quitation \u00e9thologique, naturelle, centr\u00e9e, physiologique...","breadcrumb":{"@id":"https:\/\/equitherapie-bourgogne.fr\/index.php\/equitation\/equitation-sensitive\/#breadcrumb"},"inLanguage":"fr-FR","potentialAction":[{"@type":"ReadAction","target":["https:\/\/equitherapie-bourgogne.fr\/index.php\/equitation\/equitation-sensitive\/"]}]},{"@type":"ImageObject","inLanguage":"fr-FR","@id":"https:\/\/equitherapie-bourgogne.fr\/index.php\/equitation\/equitation-sensitive\/#primaryimage","url":"https:\/\/equitherapie-bourgogne.fr\/wp-content\/uploads\/2016\/11\/Equitation-sensitive-1170x338.jpg","contentUrl":"https:\/\/equitherapie-bourgogne.fr\/wp-content\/uploads\/2016\/11\/Equitation-sensitive-1170x338.jpg","width":1170,"height":338},{"@type":"BreadcrumbList","@id":"https:\/\/equitherapie-bourgogne.fr\/index.php\/equitation\/equitation-sensitive\/#breadcrumb","itemListElement":[{"@type":"ListItem","position":1,"name":"Accueil","item":"https:\/\/equitherapie-bourgogne.fr\/"},{"@type":"ListItem","position":2,"name":"\u00e9quitation","item":"https:\/\/equitherapie-bourgogne.fr\/index.php\/equitation\/"},{"@type":"ListItem","position":3,"name":"\u00c9quitation sensitive"}]},{"@type":"WebSite","@id":"https:\/\/equitherapie-bourgogne.fr\/#website","url":"https:\/\/equitherapie-bourgogne.fr\/","name":"A Cheval sur Soi","description":"CENTRE \u00c9QUESTRE TRANSDISCIPLINAIRE","potentialAction":[{"@type":"SearchAction","target":{"@type":"EntryPoint","urlTemplate":"https:\/\/equitherapie-bourgogne.fr\/?s={search_term_string}"},"query-input":{"@type":"PropertyValueSpecification","valueRequired":true,"valueName":"search_term_string"}}],"inLanguage":"fr-FR"}]}},"_links":{"self":[{"href":"https:\/\/equitherapie-bourgogne.fr\/index.php\/wp-json\/wp\/v2\/pages\/111","targetHints":{"allow":["GET"]}}],"collection":[{"href":"https:\/\/equitherapie-bourgogne.fr\/index.php\/wp-json\/wp\/v2\/pages"}],"about":[{"href":"https:\/\/equitherapie-bourgogne.fr\/index.php\/wp-json\/wp\/v2\/types\/page"}],"author":[{"embeddable":true,"href":"https:\/\/equitherapie-bourgogne.fr\/index.php\/wp-json\/wp\/v2\/users\/1"}],"replies":[{"embeddable":true,"href":"https:\/\/equitherapie-bourgogne.fr\/index.php\/wp-json\/wp\/v2\/comments?post=111"}],"version-history":[{"count":16,"href":"https:\/\/equitherapie-bourgogne.fr\/index.php\/wp-json\/wp\/v2\/pages\/111\/revisions"}],"predecessor-version":[{"id":775,"href":"https:\/\/equitherapie-bourgogne.fr\/index.php\/wp-json\/wp\/v2\/pages\/111\/revisions\/775"}],"up":[{"embeddable":true,"href":"https:\/\/equitherapie-bourgogne.fr\/index.php\/wp-json\/wp\/v2\/pages\/8"}],"wp:featuredmedia":[{"embeddable":true,"href":"https:\/\/equitherapie-bourgogne.fr\/index.php\/wp-json\/wp\/v2\/media\/447"}],"wp:attachment":[{"href":"https:\/\/equitherapie-bourgogne.fr\/index.php\/wp-json\/wp\/v2\/media?parent=111"}],"curies":[{"name":"wp","href":"https:\/\/api.w.org\/{rel}","templated":true}]}}