{"id":106,"date":"2016-11-03T06:37:58","date_gmt":"2016-11-03T05:37:58","guid":{"rendered":"http:\/\/equitherapie-bourgogne.fr\/?page_id=106"},"modified":"2017-05-23T10:54:25","modified_gmt":"2017-05-23T08:54:25","slug":"mediation-animale","status":"publish","type":"page","link":"https:\/\/equitherapie-bourgogne.fr\/index.php\/therapie-avec-le-cheval\/mediation-animale\/","title":{"rendered":"M\u00e9diation animale"},"content":{"rendered":"<div id=\"pl-106\"  class=\"panel-layout\" ><div id=\"pg-106-0\"  class=\"panel-grid panel-no-style\" ><div id=\"pgc-106-0-0\"  class=\"panel-grid-cell\" ><div id=\"panel-106-0-0-0\" class=\"so-panel widget widget_sow-editor panel-first-child panel-last-child\" data-index=\"0\" ><div\n\t\t\t\n\t\t\tclass=\"so-widget-sow-editor so-widget-sow-editor-base\"\n\t\t\t\n\t\t>\n<div class=\"siteorigin-widget-tinymce textwidget\">\n\t<h3>Notre travail s\u2019inscrit dans un champ disciplinaire global qui est celui de la m\u00e9diation animale.<\/h3>\n<p>M\u00e9tier \u00e0 part enti\u00e8re encore en d\u00e9but de\u00a0 codification, nous tenons \u00e0 \u00a0nous rattacher au travail de r\u00e9flexion du groupe de <a href=\"https:\/\/www.resilienfance.org\/\" target=\"_blank\">R\u00e9silienfance <\/a>qui \u00e0 travaill\u00e9 pendant plus d\u2019un an \u00e0 penser une premi\u00e8re d\u00e9finition de la <em>m\u00e9diation animale<\/em>. D\u00e9finition\u00a0 appel\u00e9e \u00e0 \u00e9voluer au vue de la complexit\u00e9 multifactorielle de ce champ et de la diversit\u00e9 des acteurs qui \u00e9voluent en son sein.<\/p>\n<blockquote>\n<p><em>\u00a0 \u00ab\u00a0La m\u00e9diation animale est une relation d\u2019aide \u00e0 vis\u00e9e pr\u00e9ventive ou th\u00e9rapeutique dans laquelle un professionnel qualifi\u00e9, concern\u00e9 \u00e9galement par les humains et les animaux, introduit un animal d\u2019accordage\u00b9\u00a0aupr\u00e8s d\u2019un b\u00e9n\u00e9ficiaire. Cette relation, au moins triangulaire\u00b2, vise la compr\u00e9hension et la recherche des interactions accord\u00e9es\u00b9\u00a0dans un cadre d\u00e9fini au sein d\u2019un projet. La m\u00e9diation animale appartient \u00e0 un nouveau champ disciplinaire sp\u00e9cifique, celui des interactions Homme-animal, au b\u00e9n\u00e9fice de chacun d\u2019eux, l\u2019un apportant ses ressources \u00e0 l\u2019autre (toute influence r\u00e9ciproque entre un humain et un animal au b\u00e9n\u00e9fice des deux).\u00a0\u00bb <br \/><strong>R\u00e9silienfance et al. 18 octobre 2014.<\/strong><\/em><\/p>\n<p>\u00a0<\/p>\n<p>\u00b9 Accordage\/interactions accord\u00e9es : ajustement des comportements, des \u00e9motions, des affects et des rythmes d\u2019actions. Attunement D. Stern 1982 \u2013 1985<\/p>\n<p>\u00b2\u00a0Il peut y avoir plusieurs personnes dans l\u2019interaction<\/p>\n<\/blockquote>\n<p>\u00a0<\/p>\n<\/div>\n<\/div><\/div><\/div><div id=\"pgc-106-0-1\"  class=\"panel-grid-cell\" ><div id=\"panel-106-0-1-0\" class=\"so-panel widget widget_sow-editor panel-first-child panel-last-child\" data-index=\"1\" ><div\n\t\t\t\n\t\t\tclass=\"so-widget-sow-editor so-widget-sow-editor-base\"\n\t\t\t\n\t\t>\n<div class=\"siteorigin-widget-tinymce textwidget\">\n\t<p><a href=\"http:\/\/equitherapie-bourgogne.fr\/wp-content\/uploads\/2016\/11\/M\u00e9diation-\u00e9quine.jpg\"><img loading=\"lazy\" decoding=\"async\" class=\"wp-image-345 alignleft\" src=\"http:\/\/equitherapie-bourgogne.fr\/wp-content\/uploads\/2016\/11\/M\u00e9diation-\u00e9quine-450x600.jpg\" alt=\"M\u00e9diation \u00e9quine\" width=\"362\" height=\"482\" data-id=\"345\" srcset=\"https:\/\/equitherapie-bourgogne.fr\/wp-content\/uploads\/2016\/11\/M\u00e9diation-\u00e9quine-450x600.jpg 450w, https:\/\/equitherapie-bourgogne.fr\/wp-content\/uploads\/2016\/11\/M\u00e9diation-\u00e9quine-768x1024.jpg 768w, https:\/\/equitherapie-bourgogne.fr\/wp-content\/uploads\/2016\/11\/M\u00e9diation-\u00e9quine-390x520.jpg 390w, https:\/\/equitherapie-bourgogne.fr\/wp-content\/uploads\/2016\/11\/M\u00e9diation-\u00e9quine-1170x1560.jpg 1170w\" sizes=\"auto, (max-width: 362px) 100vw, 362px\" \/><\/a><img loading=\"lazy\" decoding=\"async\" class=\"alignleft  wp-image-339\" src=\"http:\/\/equitherapie-bourgogne.fr\/wp-content\/uploads\/2016\/09\/M\u00e9diation-\u00e9quine-2-800x600.jpg\" alt=\"M\u00e9diation \u00e9quine (2)\" width=\"357\" height=\"268\" data-id=\"339\" srcset=\"https:\/\/equitherapie-bourgogne.fr\/wp-content\/uploads\/2016\/09\/M\u00e9diation-\u00e9quine-2-800x600.jpg 800w, https:\/\/equitherapie-bourgogne.fr\/wp-content\/uploads\/2016\/09\/M\u00e9diation-\u00e9quine-2-768x576.jpg 768w, https:\/\/equitherapie-bourgogne.fr\/wp-content\/uploads\/2016\/09\/M\u00e9diation-\u00e9quine-2-693x520.jpg 693w, https:\/\/equitherapie-bourgogne.fr\/wp-content\/uploads\/2016\/09\/M\u00e9diation-\u00e9quine-2-1170x878.jpg 1170w\" sizes=\"auto, (max-width: 357px) 100vw, 357px\" \/><\/p>\n<\/div>\n<\/div><\/div><\/div><\/div><\/div>","protected":false},"excerpt":{"rendered":"<p>Notre travail s\u2019inscrit dans un champ disciplinaire global qui est celui de la m\u00e9diation animale.M\u00e9tier \u00e0 part enti\u00e8re encore en d\u00e9but de\u00a0 codification, nous tenons \u00e0 \u00a0nous rattacher au travail de r\u00e9flexion du groupe de R\u00e9silienfance qui \u00e0 travaill\u00e9 pendant&#8230;<br \/><a class=\"read-more-button\" href=\"https:\/\/equitherapie-bourgogne.fr\/index.php\/therapie-avec-le-cheval\/mediation-animale\/\">Savoir plus<\/a><\/p>\n","protected":false},"author":1,"featured_media":461,"parent":17,"menu_order":10,"comment_status":"closed","ping_status":"closed","template":"template-full-width.php","meta":{"footnotes":""},"class_list":["post-106","page","type-page","status-publish","has-post-thumbnail","hentry"],"yoast_head":"<!-- This site is optimized with the Yoast SEO plugin v24.7 - https:\/\/yoast.com\/wordpress\/plugins\/seo\/ -->\n<title>M\u00e9diation animale - Un travail privil\u00e9gi\u00e9e dans le cadre des activit\u00e9s du centre \u00e9questre<\/title>\n<meta name=\"description\" content=\"La m\u00e9diation animale est une relation d\u2019aide dans laquelle le th\u00e9rapeute, concern\u00e9 \u00e9galement par les humains et les animaux, introduit un animal d\u2019accordage\" \/>\n<meta name=\"robots\" content=\"index, follow, max-snippet:-1, max-image-preview:large, max-video-preview:-1\" \/>\n<link rel=\"canonical\" href=\"https:\/\/equitherapie-bourgogne.fr\/index.php\/therapie-avec-le-cheval\/mediation-animale\/\" \/>\n<meta property=\"og:locale\" content=\"fr_FR\" \/>\n<meta property=\"og:type\" content=\"article\" \/>\n<meta property=\"og:title\" content=\"M\u00e9diation animale - Un travail privil\u00e9gi\u00e9e dans le cadre des activit\u00e9s du centre \u00e9questre\" \/>\n<meta property=\"og:description\" content=\"La m\u00e9diation animale est une relation d\u2019aide dans laquelle le th\u00e9rapeute, concern\u00e9 \u00e9galement par les humains et les animaux, introduit un animal d\u2019accordage\" \/>\n<meta property=\"og:url\" content=\"https:\/\/equitherapie-bourgogne.fr\/index.php\/therapie-avec-le-cheval\/mediation-animale\/\" \/>\n<meta property=\"og:site_name\" content=\"A Cheval sur Soi\" \/>\n<meta property=\"article:modified_time\" content=\"2017-05-23T08:54:25+00:00\" \/>\n<meta property=\"og:image\" content=\"https:\/\/equitherapie-bourgogne.fr\/wp-content\/uploads\/2016\/11\/Mediation-cheval.jpg\" \/>\n\t<meta property=\"og:image:width\" content=\"1170\" \/>\n\t<meta property=\"og:image:height\" content=\"338\" \/>\n\t<meta property=\"og:image:type\" content=\"image\/jpeg\" \/>\n<meta name=\"twitter:card\" content=\"summary_large_image\" \/>\n<meta name=\"twitter:label1\" content=\"Dur\u00e9e de lecture estim\u00e9e\" \/>\n\t<meta name=\"twitter:data1\" content=\"1 minute\" \/>\n<script type=\"application\/ld+json\" class=\"yoast-schema-graph\">{\"@context\":\"https:\/\/schema.org\",\"@graph\":[{\"@type\":\"WebPage\",\"@id\":\"https:\/\/equitherapie-bourgogne.fr\/index.php\/therapie-avec-le-cheval\/mediation-animale\/\",\"url\":\"https:\/\/equitherapie-bourgogne.fr\/index.php\/therapie-avec-le-cheval\/mediation-animale\/\",\"name\":\"M\u00e9diation animale - Un travail privil\u00e9gi\u00e9e dans le cadre des activit\u00e9s du centre \u00e9questre\",\"isPartOf\":{\"@id\":\"https:\/\/equitherapie-bourgogne.fr\/#website\"},\"primaryImageOfPage\":{\"@id\":\"https:\/\/equitherapie-bourgogne.fr\/index.php\/therapie-avec-le-cheval\/mediation-animale\/#primaryimage\"},\"image\":{\"@id\":\"https:\/\/equitherapie-bourgogne.fr\/index.php\/therapie-avec-le-cheval\/mediation-animale\/#primaryimage\"},\"thumbnailUrl\":\"https:\/\/equitherapie-bourgogne.fr\/wp-content\/uploads\/2016\/11\/Mediation-cheval.jpg\",\"datePublished\":\"2016-11-03T05:37:58+00:00\",\"dateModified\":\"2017-05-23T08:54:25+00:00\",\"description\":\"La m\u00e9diation animale est une relation d\u2019aide dans laquelle le th\u00e9rapeute, concern\u00e9 \u00e9galement par les humains et les animaux, introduit un animal d\u2019accordage\",\"breadcrumb\":{\"@id\":\"https:\/\/equitherapie-bourgogne.fr\/index.php\/therapie-avec-le-cheval\/mediation-animale\/#breadcrumb\"},\"inLanguage\":\"fr-FR\",\"potentialAction\":[{\"@type\":\"ReadAction\",\"target\":[\"https:\/\/equitherapie-bourgogne.fr\/index.php\/therapie-avec-le-cheval\/mediation-animale\/\"]}]},{\"@type\":\"ImageObject\",\"inLanguage\":\"fr-FR\",\"@id\":\"https:\/\/equitherapie-bourgogne.fr\/index.php\/therapie-avec-le-cheval\/mediation-animale\/#primaryimage\",\"url\":\"https:\/\/equitherapie-bourgogne.fr\/wp-content\/uploads\/2016\/11\/Mediation-cheval.jpg\",\"contentUrl\":\"https:\/\/equitherapie-bourgogne.fr\/wp-content\/uploads\/2016\/11\/Mediation-cheval.jpg\",\"width\":1170,\"height\":338,\"caption\":\"M\u00e9diation animale\"},{\"@type\":\"BreadcrumbList\",\"@id\":\"https:\/\/equitherapie-bourgogne.fr\/index.php\/therapie-avec-le-cheval\/mediation-animale\/#breadcrumb\",\"itemListElement\":[{\"@type\":\"ListItem\",\"position\":1,\"name\":\"Accueil\",\"item\":\"https:\/\/equitherapie-bourgogne.fr\/\"},{\"@type\":\"ListItem\",\"position\":2,\"name\":\"Equith\u00e9rapie\",\"item\":\"https:\/\/equitherapie-bourgogne.fr\/index.php\/therapie-avec-le-cheval\/\"},{\"@type\":\"ListItem\",\"position\":3,\"name\":\"M\u00e9diation animale\"}]},{\"@type\":\"WebSite\",\"@id\":\"https:\/\/equitherapie-bourgogne.fr\/#website\",\"url\":\"https:\/\/equitherapie-bourgogne.fr\/\",\"name\":\"A Cheval sur Soi\",\"description\":\"CENTRE \u00c9QUESTRE TRANSDISCIPLINAIRE\",\"potentialAction\":[{\"@type\":\"SearchAction\",\"target\":{\"@type\":\"EntryPoint\",\"urlTemplate\":\"https:\/\/equitherapie-bourgogne.fr\/?s={search_term_string}\"},\"query-input\":{\"@type\":\"PropertyValueSpecification\",\"valueRequired\":true,\"valueName\":\"search_term_string\"}}],\"inLanguage\":\"fr-FR\"}]}<\/script>\n<!-- \/ Yoast SEO plugin. -->","yoast_head_json":{"title":"M\u00e9diation animale - Un travail privil\u00e9gi\u00e9e dans le cadre des activit\u00e9s du centre \u00e9questre","description":"La m\u00e9diation animale est une relation d\u2019aide dans laquelle le th\u00e9rapeute, concern\u00e9 \u00e9galement par les humains et les animaux, introduit un animal d\u2019accordage","robots":{"index":"index","follow":"follow","max-snippet":"max-snippet:-1","max-image-preview":"max-image-preview:large","max-video-preview":"max-video-preview:-1"},"canonical":"https:\/\/equitherapie-bourgogne.fr\/index.php\/therapie-avec-le-cheval\/mediation-animale\/","og_locale":"fr_FR","og_type":"article","og_title":"M\u00e9diation animale - Un travail privil\u00e9gi\u00e9e dans le cadre des activit\u00e9s du centre \u00e9questre","og_description":"La m\u00e9diation animale est une relation d\u2019aide dans laquelle le th\u00e9rapeute, concern\u00e9 \u00e9galement par les humains et les animaux, introduit un animal d\u2019accordage","og_url":"https:\/\/equitherapie-bourgogne.fr\/index.php\/therapie-avec-le-cheval\/mediation-animale\/","og_site_name":"A Cheval sur Soi","article_modified_time":"2017-05-23T08:54:25+00:00","og_image":[{"width":1170,"height":338,"url":"https:\/\/equitherapie-bourgogne.fr\/wp-content\/uploads\/2016\/11\/Mediation-cheval.jpg","type":"image\/jpeg"}],"twitter_card":"summary_large_image","twitter_misc":{"Dur\u00e9e de lecture estim\u00e9e":"1 minute"},"schema":{"@context":"https:\/\/schema.org","@graph":[{"@type":"WebPage","@id":"https:\/\/equitherapie-bourgogne.fr\/index.php\/therapie-avec-le-cheval\/mediation-animale\/","url":"https:\/\/equitherapie-bourgogne.fr\/index.php\/therapie-avec-le-cheval\/mediation-animale\/","name":"M\u00e9diation animale - Un travail privil\u00e9gi\u00e9e dans le cadre des activit\u00e9s du centre \u00e9questre","isPartOf":{"@id":"https:\/\/equitherapie-bourgogne.fr\/#website"},"primaryImageOfPage":{"@id":"https:\/\/equitherapie-bourgogne.fr\/index.php\/therapie-avec-le-cheval\/mediation-animale\/#primaryimage"},"image":{"@id":"https:\/\/equitherapie-bourgogne.fr\/index.php\/therapie-avec-le-cheval\/mediation-animale\/#primaryimage"},"thumbnailUrl":"https:\/\/equitherapie-bourgogne.fr\/wp-content\/uploads\/2016\/11\/Mediation-cheval.jpg","datePublished":"2016-11-03T05:37:58+00:00","dateModified":"2017-05-23T08:54:25+00:00","description":"La m\u00e9diation animale est une relation d\u2019aide dans laquelle le th\u00e9rapeute, concern\u00e9 \u00e9galement par les humains et les animaux, introduit un animal d\u2019accordage","breadcrumb":{"@id":"https:\/\/equitherapie-bourgogne.fr\/index.php\/therapie-avec-le-cheval\/mediation-animale\/#breadcrumb"},"inLanguage":"fr-FR","potentialAction":[{"@type":"ReadAction","target":["https:\/\/equitherapie-bourgogne.fr\/index.php\/therapie-avec-le-cheval\/mediation-animale\/"]}]},{"@type":"ImageObject","inLanguage":"fr-FR","@id":"https:\/\/equitherapie-bourgogne.fr\/index.php\/therapie-avec-le-cheval\/mediation-animale\/#primaryimage","url":"https:\/\/equitherapie-bourgogne.fr\/wp-content\/uploads\/2016\/11\/Mediation-cheval.jpg","contentUrl":"https:\/\/equitherapie-bourgogne.fr\/wp-content\/uploads\/2016\/11\/Mediation-cheval.jpg","width":1170,"height":338,"caption":"M\u00e9diation animale"},{"@type":"BreadcrumbList","@id":"https:\/\/equitherapie-bourgogne.fr\/index.php\/therapie-avec-le-cheval\/mediation-animale\/#breadcrumb","itemListElement":[{"@type":"ListItem","position":1,"name":"Accueil","item":"https:\/\/equitherapie-bourgogne.fr\/"},{"@type":"ListItem","position":2,"name":"Equith\u00e9rapie","item":"https:\/\/equitherapie-bourgogne.fr\/index.php\/therapie-avec-le-cheval\/"},{"@type":"ListItem","position":3,"name":"M\u00e9diation animale"}]},{"@type":"WebSite","@id":"https:\/\/equitherapie-bourgogne.fr\/#website","url":"https:\/\/equitherapie-bourgogne.fr\/","name":"A Cheval sur Soi","description":"CENTRE \u00c9QUESTRE TRANSDISCIPLINAIRE","potentialAction":[{"@type":"SearchAction","target":{"@type":"EntryPoint","urlTemplate":"https:\/\/equitherapie-bourgogne.fr\/?s={search_term_string}"},"query-input":{"@type":"PropertyValueSpecification","valueRequired":true,"valueName":"search_term_string"}}],"inLanguage":"fr-FR"}]}},"_links":{"self":[{"href":"https:\/\/equitherapie-bourgogne.fr\/index.php\/wp-json\/wp\/v2\/pages\/106","targetHints":{"allow":["GET"]}}],"collection":[{"href":"https:\/\/equitherapie-bourgogne.fr\/index.php\/wp-json\/wp\/v2\/pages"}],"about":[{"href":"https:\/\/equitherapie-bourgogne.fr\/index.php\/wp-json\/wp\/v2\/types\/page"}],"author":[{"embeddable":true,"href":"https:\/\/equitherapie-bourgogne.fr\/index.php\/wp-json\/wp\/v2\/users\/1"}],"replies":[{"embeddable":true,"href":"https:\/\/equitherapie-bourgogne.fr\/index.php\/wp-json\/wp\/v2\/comments?post=106"}],"version-history":[{"count":9,"href":"https:\/\/equitherapie-bourgogne.fr\/index.php\/wp-json\/wp\/v2\/pages\/106\/revisions"}],"predecessor-version":[{"id":551,"href":"https:\/\/equitherapie-bourgogne.fr\/index.php\/wp-json\/wp\/v2\/pages\/106\/revisions\/551"}],"up":[{"embeddable":true,"href":"https:\/\/equitherapie-bourgogne.fr\/index.php\/wp-json\/wp\/v2\/pages\/17"}],"wp:featuredmedia":[{"embeddable":true,"href":"https:\/\/equitherapie-bourgogne.fr\/index.php\/wp-json\/wp\/v2\/media\/461"}],"wp:attachment":[{"href":"https:\/\/equitherapie-bourgogne.fr\/index.php\/wp-json\/wp\/v2\/media?parent=106"}],"curies":[{"name":"wp","href":"https:\/\/api.w.org\/{rel}","templated":true}]}}