{"id":102,"date":"2016-11-03T06:30:12","date_gmt":"2016-11-03T05:30:12","guid":{"rendered":"http:\/\/equitherapie-bourgogne.fr\/?page_id=102"},"modified":"2017-05-11T15:25:32","modified_gmt":"2017-05-11T13:25:32","slug":"theatre-equestre","status":"publish","type":"page","link":"https:\/\/equitherapie-bourgogne.fr\/index.php\/activites\/theatre-equestre\/","title":{"rendered":"Le Th\u00e9\u00e2tre Equestre"},"content":{"rendered":"<div id=\"pl-102\"  class=\"panel-layout\" ><div id=\"pg-102-0\"  class=\"panel-grid panel-no-style\" ><div id=\"pgc-102-0-0\"  class=\"panel-grid-cell\" ><div id=\"panel-102-0-0-0\" class=\"so-panel widget widget_sow-editor panel-first-child panel-last-child\" data-index=\"0\" ><div\n\t\t\t\n\t\t\tclass=\"so-widget-sow-editor so-widget-sow-editor-base\"\n\t\t\t\n\t\t>\n<div class=\"siteorigin-widget-tinymce textwidget\">\n\t<p style=\"padding-left: 60px;\"><strong><em>Le centre est \u00e9galement un lieu ouvert au travail autour de diff\u00e9rentes formes d'art, toujours alli\u00e9s aux chevaux. Ces outils peuvent \u00eatre m\u00eal\u00e9s \u00e0 notre travail quotidien et ouvrir d'autres portes aux personnes suivies.<\/em><\/strong><\/p>\n<h2 style=\"padding-left: 60px;\">Le songe d\u2019Isha<\/h2>\n<h5 style=\"padding-left: 60px;\">Th\u00e9\u00e2tre \u00e9questre<\/h5>\n<p style=\"padding-left: 60px;\">Un premier spectacle a d\u00e9j\u00e0 \u00e9t\u00e9 jou\u00e9 en Avril 2016 \u00ab Le songe d\u2019\u2019Isha\u00a0\u00bb, men\u00e9 en \u00e9criture et en mise en sc\u00e8ne par <strong>Savana MILCENT<\/strong>.<\/p>\n<p style=\"padding-left: 60px;\">Le projet est de d\u00e9velopper un nouveau style de th\u00e9\u00e2tre o\u00f9 les chevaux, par leur pr\u00e9sence libre et sans contrainte, viennent potentialiser le message de la pi\u00e8ce et toucher chaque personne au plus profond d\u2019elle-m\u00eame.<\/p>\n<p style=\"padding-left: 60px;\"><a href=\"http:\/\/equitherapie-bourgogne.fr\/wp-content\/uploads\/2016\/11\/Th\u00e9\u00e2tre-\u00e9questre-2-.jpg\"><img loading=\"lazy\" decoding=\"async\" class=\"alignnone wp-image-352\" src=\"http:\/\/equitherapie-bourgogne.fr\/wp-content\/uploads\/2016\/11\/Th\u00e9\u00e2tre-\u00e9questre-2--960x473.jpg\" alt=\"Th\u00e9\u00e2tre \u00e9questre (2)-\" width=\"221\" height=\"109\" data-id=\"352\" srcset=\"https:\/\/equitherapie-bourgogne.fr\/wp-content\/uploads\/2016\/11\/Th\u00e9\u00e2tre-\u00e9questre-2--960x473.jpg 960w, https:\/\/equitherapie-bourgogne.fr\/wp-content\/uploads\/2016\/11\/Th\u00e9\u00e2tre-\u00e9questre-2--768x379.jpg 768w, https:\/\/equitherapie-bourgogne.fr\/wp-content\/uploads\/2016\/11\/Th\u00e9\u00e2tre-\u00e9questre-2--1054x520.jpg 1054w, https:\/\/equitherapie-bourgogne.fr\/wp-content\/uploads\/2016\/11\/Th\u00e9\u00e2tre-\u00e9questre-2--1170x577.jpg 1170w\" sizes=\"auto, (max-width: 221px) 100vw, 221px\" \/><\/a><\/p>\n<\/div>\n<\/div><\/div><\/div><div id=\"pgc-102-0-1\"  class=\"panel-grid-cell\" ><div id=\"panel-102-0-1-0\" class=\"so-panel widget widget_sow-editor panel-first-child panel-last-child\" data-index=\"1\" ><div\n\t\t\t\n\t\t\tclass=\"so-widget-sow-editor so-widget-sow-editor-base\"\n\t\t\t\n\t\t>\n<div class=\"siteorigin-widget-tinymce textwidget\">\n\t<p><a href=\"http:\/\/equitherapie-bourgogne.fr\/wp-content\/uploads\/2016\/11\/Th\u00e9\u00e2tre-equestre.jpg\"><img loading=\"lazy\" decoding=\"async\" class=\"size-medium wp-image-222 alignleft\" src=\"http:\/\/equitherapie-bourgogne.fr\/wp-content\/uploads\/2016\/11\/Th\u00e9\u00e2tre-equestre-300x226.jpg\" alt=\"Th\u00e9\u00e2tre \u00e9questre\" width=\"300\" height=\"226\" data-id=\"222\" srcset=\"https:\/\/equitherapie-bourgogne.fr\/wp-content\/uploads\/2016\/11\/Th\u00e9\u00e2tre-equestre-300x226.jpg 300w, https:\/\/equitherapie-bourgogne.fr\/wp-content\/uploads\/2016\/11\/Th\u00e9\u00e2tre-equestre.jpg 433w\" sizes=\"auto, (max-width: 300px) 100vw, 300px\" \/><img loading=\"lazy\" decoding=\"async\" class=\"alignleft  wp-image-443\" src=\"http:\/\/equitherapie-bourgogne.fr\/wp-content\/uploads\/2016\/11\/13087418_1090567941003442_3608936347266084608_n-806x600.jpg\" alt=\"13087418_1090567941003442_3608936347266084608_n\" width=\"292\" height=\"218\" data-id=\"443\" srcset=\"https:\/\/equitherapie-bourgogne.fr\/wp-content\/uploads\/2016\/11\/13087418_1090567941003442_3608936347266084608_n-806x600.jpg 806w, https:\/\/equitherapie-bourgogne.fr\/wp-content\/uploads\/2016\/11\/13087418_1090567941003442_3608936347266084608_n-768x572.jpg 768w, https:\/\/equitherapie-bourgogne.fr\/wp-content\/uploads\/2016\/11\/13087418_1090567941003442_3608936347266084608_n-698x520.jpg 698w, https:\/\/equitherapie-bourgogne.fr\/wp-content\/uploads\/2016\/11\/13087418_1090567941003442_3608936347266084608_n.jpg 960w\" sizes=\"auto, (max-width: 292px) 100vw, 292px\" \/><\/a><a href=\"http:\/\/equitherapie-bourgogne.fr\/wp-content\/uploads\/2016\/11\/Th\u00e9\u00e2tre-\u00e9questre.jpg\"><img loading=\"lazy\" decoding=\"async\" class=\"wp-image-351 alignleft\" src=\"http:\/\/equitherapie-bourgogne.fr\/wp-content\/uploads\/2016\/11\/Th\u00e9\u00e2tre-\u00e9questre.jpg\" alt=\"Th\u00e9\u00e2tre \u00e9questre\" width=\"295\" height=\"221\" data-id=\"351\" \/><\/a><\/p>\n<\/div>\n<\/div><\/div><\/div><\/div><\/div>","protected":false},"excerpt":{"rendered":"<p>Le centre est \u00e9galement un lieu ouvert au travail autour de diff\u00e9rentes formes d&rsquo;art, toujours alli\u00e9s aux chevaux. Ces outils peuvent \u00eatre m\u00eal\u00e9s \u00e0 notre travail quotidien et ouvrir d&rsquo;autres portes aux personnes suivies.Le songe d\u2019IshaTh\u00e9\u00e2tre \u00e9questreUn premier spectacle a&#8230;<br \/><a class=\"read-more-button\" href=\"https:\/\/equitherapie-bourgogne.fr\/index.php\/activites\/theatre-equestre\/\">Savoir plus<\/a><\/p>\n","protected":false},"author":1,"featured_media":442,"parent":10,"menu_order":20,"comment_status":"closed","ping_status":"closed","template":"template-full-width.php","meta":{"footnotes":""},"class_list":["post-102","page","type-page","status-publish","has-post-thumbnail","hentry"],"yoast_head":"<!-- This site is optimized with the Yoast SEO plugin v24.7 - https:\/\/yoast.com\/wordpress\/plugins\/seo\/ -->\n<title>Th\u00e9\u00e2tre \u00e9questre \u00e0 &quot;A Cheval sur soi&quot;, centre \u00e9questre dans le Morvan (Bourgogne)<\/title>\n<meta name=\"description\" content=\"Le th\u00e9\u00e2tre \u00e9questre A ouvre sur d&#039;autres formes d&#039;art associ\u00e9s aux chevaux. Ce sont de belles formes d&#039;\u00e9quitation et d&#039;art au Centre equestre de Bourgogne.\" \/>\n<meta name=\"robots\" content=\"index, follow, max-snippet:-1, max-image-preview:large, max-video-preview:-1\" \/>\n<link rel=\"canonical\" href=\"https:\/\/equitherapie-bourgogne.fr\/index.php\/activites\/theatre-equestre\/\" \/>\n<meta property=\"og:locale\" content=\"fr_FR\" \/>\n<meta property=\"og:type\" content=\"article\" \/>\n<meta property=\"og:title\" content=\"Th\u00e9\u00e2tre \u00e9questre \u00e0 &quot;A Cheval sur soi&quot;, centre \u00e9questre dans le Morvan (Bourgogne)\" \/>\n<meta property=\"og:description\" content=\"Le th\u00e9\u00e2tre \u00e9questre A ouvre sur d&#039;autres formes d&#039;art associ\u00e9s aux chevaux. Ce sont de belles formes d&#039;\u00e9quitation et d&#039;art au Centre equestre de Bourgogne.\" \/>\n<meta property=\"og:url\" content=\"https:\/\/equitherapie-bourgogne.fr\/index.php\/activites\/theatre-equestre\/\" \/>\n<meta property=\"og:site_name\" content=\"A Cheval sur Soi\" \/>\n<meta property=\"article:modified_time\" content=\"2017-05-11T13:25:32+00:00\" \/>\n<meta property=\"og:image\" content=\"https:\/\/equitherapie-bourgogne.fr\/wp-content\/uploads\/2016\/11\/isha09-1170x338.jpg\" \/>\n\t<meta property=\"og:image:width\" content=\"1170\" \/>\n\t<meta property=\"og:image:height\" content=\"338\" \/>\n\t<meta property=\"og:image:type\" content=\"image\/jpeg\" \/>\n<meta name=\"twitter:card\" content=\"summary_large_image\" \/>\n<meta name=\"twitter:label1\" content=\"Dur\u00e9e de lecture estim\u00e9e\" \/>\n\t<meta name=\"twitter:data1\" content=\"1 minute\" \/>\n<script type=\"application\/ld+json\" class=\"yoast-schema-graph\">{\"@context\":\"https:\/\/schema.org\",\"@graph\":[{\"@type\":\"WebPage\",\"@id\":\"https:\/\/equitherapie-bourgogne.fr\/index.php\/activites\/theatre-equestre\/\",\"url\":\"https:\/\/equitherapie-bourgogne.fr\/index.php\/activites\/theatre-equestre\/\",\"name\":\"Th\u00e9\u00e2tre \u00e9questre \u00e0 \\\"A Cheval sur soi\\\", centre \u00e9questre dans le Morvan (Bourgogne)\",\"isPartOf\":{\"@id\":\"https:\/\/equitherapie-bourgogne.fr\/#website\"},\"primaryImageOfPage\":{\"@id\":\"https:\/\/equitherapie-bourgogne.fr\/index.php\/activites\/theatre-equestre\/#primaryimage\"},\"image\":{\"@id\":\"https:\/\/equitherapie-bourgogne.fr\/index.php\/activites\/theatre-equestre\/#primaryimage\"},\"thumbnailUrl\":\"https:\/\/equitherapie-bourgogne.fr\/wp-content\/uploads\/2016\/11\/isha09-1170x338.jpg\",\"datePublished\":\"2016-11-03T05:30:12+00:00\",\"dateModified\":\"2017-05-11T13:25:32+00:00\",\"description\":\"Le th\u00e9\u00e2tre \u00e9questre A ouvre sur d'autres formes d'art associ\u00e9s aux chevaux. Ce sont de belles formes d'\u00e9quitation et d'art au Centre equestre de Bourgogne.\",\"breadcrumb\":{\"@id\":\"https:\/\/equitherapie-bourgogne.fr\/index.php\/activites\/theatre-equestre\/#breadcrumb\"},\"inLanguage\":\"fr-FR\",\"potentialAction\":[{\"@type\":\"ReadAction\",\"target\":[\"https:\/\/equitherapie-bourgogne.fr\/index.php\/activites\/theatre-equestre\/\"]}]},{\"@type\":\"ImageObject\",\"inLanguage\":\"fr-FR\",\"@id\":\"https:\/\/equitherapie-bourgogne.fr\/index.php\/activites\/theatre-equestre\/#primaryimage\",\"url\":\"https:\/\/equitherapie-bourgogne.fr\/wp-content\/uploads\/2016\/11\/isha09-1170x338.jpg\",\"contentUrl\":\"https:\/\/equitherapie-bourgogne.fr\/wp-content\/uploads\/2016\/11\/isha09-1170x338.jpg\",\"width\":1170,\"height\":338},{\"@type\":\"BreadcrumbList\",\"@id\":\"https:\/\/equitherapie-bourgogne.fr\/index.php\/activites\/theatre-equestre\/#breadcrumb\",\"itemListElement\":[{\"@type\":\"ListItem\",\"position\":1,\"name\":\"Accueil\",\"item\":\"https:\/\/equitherapie-bourgogne.fr\/\"},{\"@type\":\"ListItem\",\"position\":2,\"name\":\"Autres activit\u00e9s autour du cheval\",\"item\":\"https:\/\/equitherapie-bourgogne.fr\/index.php\/activites\/\"},{\"@type\":\"ListItem\",\"position\":3,\"name\":\"Le Th\u00e9\u00e2tre Equestre\"}]},{\"@type\":\"WebSite\",\"@id\":\"https:\/\/equitherapie-bourgogne.fr\/#website\",\"url\":\"https:\/\/equitherapie-bourgogne.fr\/\",\"name\":\"A Cheval sur Soi\",\"description\":\"CENTRE \u00c9QUESTRE TRANSDISCIPLINAIRE\",\"potentialAction\":[{\"@type\":\"SearchAction\",\"target\":{\"@type\":\"EntryPoint\",\"urlTemplate\":\"https:\/\/equitherapie-bourgogne.fr\/?s={search_term_string}\"},\"query-input\":{\"@type\":\"PropertyValueSpecification\",\"valueRequired\":true,\"valueName\":\"search_term_string\"}}],\"inLanguage\":\"fr-FR\"}]}<\/script>\n<!-- \/ Yoast SEO plugin. -->","yoast_head_json":{"title":"Th\u00e9\u00e2tre \u00e9questre \u00e0 \"A Cheval sur soi\", centre \u00e9questre dans le Morvan (Bourgogne)","description":"Le th\u00e9\u00e2tre \u00e9questre A ouvre sur d'autres formes d'art associ\u00e9s aux chevaux. Ce sont de belles formes d'\u00e9quitation et d'art au Centre equestre de Bourgogne.","robots":{"index":"index","follow":"follow","max-snippet":"max-snippet:-1","max-image-preview":"max-image-preview:large","max-video-preview":"max-video-preview:-1"},"canonical":"https:\/\/equitherapie-bourgogne.fr\/index.php\/activites\/theatre-equestre\/","og_locale":"fr_FR","og_type":"article","og_title":"Th\u00e9\u00e2tre \u00e9questre \u00e0 \"A Cheval sur soi\", centre \u00e9questre dans le Morvan (Bourgogne)","og_description":"Le th\u00e9\u00e2tre \u00e9questre A ouvre sur d'autres formes d'art associ\u00e9s aux chevaux. Ce sont de belles formes d'\u00e9quitation et d'art au Centre equestre de Bourgogne.","og_url":"https:\/\/equitherapie-bourgogne.fr\/index.php\/activites\/theatre-equestre\/","og_site_name":"A Cheval sur Soi","article_modified_time":"2017-05-11T13:25:32+00:00","og_image":[{"width":1170,"height":338,"url":"https:\/\/equitherapie-bourgogne.fr\/wp-content\/uploads\/2016\/11\/isha09-1170x338.jpg","type":"image\/jpeg"}],"twitter_card":"summary_large_image","twitter_misc":{"Dur\u00e9e de lecture estim\u00e9e":"1 minute"},"schema":{"@context":"https:\/\/schema.org","@graph":[{"@type":"WebPage","@id":"https:\/\/equitherapie-bourgogne.fr\/index.php\/activites\/theatre-equestre\/","url":"https:\/\/equitherapie-bourgogne.fr\/index.php\/activites\/theatre-equestre\/","name":"Th\u00e9\u00e2tre \u00e9questre \u00e0 \"A Cheval sur soi\", centre \u00e9questre dans le Morvan (Bourgogne)","isPartOf":{"@id":"https:\/\/equitherapie-bourgogne.fr\/#website"},"primaryImageOfPage":{"@id":"https:\/\/equitherapie-bourgogne.fr\/index.php\/activites\/theatre-equestre\/#primaryimage"},"image":{"@id":"https:\/\/equitherapie-bourgogne.fr\/index.php\/activites\/theatre-equestre\/#primaryimage"},"thumbnailUrl":"https:\/\/equitherapie-bourgogne.fr\/wp-content\/uploads\/2016\/11\/isha09-1170x338.jpg","datePublished":"2016-11-03T05:30:12+00:00","dateModified":"2017-05-11T13:25:32+00:00","description":"Le th\u00e9\u00e2tre \u00e9questre A ouvre sur d'autres formes d'art associ\u00e9s aux chevaux. Ce sont de belles formes d'\u00e9quitation et d'art au Centre equestre de Bourgogne.","breadcrumb":{"@id":"https:\/\/equitherapie-bourgogne.fr\/index.php\/activites\/theatre-equestre\/#breadcrumb"},"inLanguage":"fr-FR","potentialAction":[{"@type":"ReadAction","target":["https:\/\/equitherapie-bourgogne.fr\/index.php\/activites\/theatre-equestre\/"]}]},{"@type":"ImageObject","inLanguage":"fr-FR","@id":"https:\/\/equitherapie-bourgogne.fr\/index.php\/activites\/theatre-equestre\/#primaryimage","url":"https:\/\/equitherapie-bourgogne.fr\/wp-content\/uploads\/2016\/11\/isha09-1170x338.jpg","contentUrl":"https:\/\/equitherapie-bourgogne.fr\/wp-content\/uploads\/2016\/11\/isha09-1170x338.jpg","width":1170,"height":338},{"@type":"BreadcrumbList","@id":"https:\/\/equitherapie-bourgogne.fr\/index.php\/activites\/theatre-equestre\/#breadcrumb","itemListElement":[{"@type":"ListItem","position":1,"name":"Accueil","item":"https:\/\/equitherapie-bourgogne.fr\/"},{"@type":"ListItem","position":2,"name":"Autres activit\u00e9s autour du cheval","item":"https:\/\/equitherapie-bourgogne.fr\/index.php\/activites\/"},{"@type":"ListItem","position":3,"name":"Le Th\u00e9\u00e2tre Equestre"}]},{"@type":"WebSite","@id":"https:\/\/equitherapie-bourgogne.fr\/#website","url":"https:\/\/equitherapie-bourgogne.fr\/","name":"A Cheval sur Soi","description":"CENTRE \u00c9QUESTRE TRANSDISCIPLINAIRE","potentialAction":[{"@type":"SearchAction","target":{"@type":"EntryPoint","urlTemplate":"https:\/\/equitherapie-bourgogne.fr\/?s={search_term_string}"},"query-input":{"@type":"PropertyValueSpecification","valueRequired":true,"valueName":"search_term_string"}}],"inLanguage":"fr-FR"}]}},"_links":{"self":[{"href":"https:\/\/equitherapie-bourgogne.fr\/index.php\/wp-json\/wp\/v2\/pages\/102","targetHints":{"allow":["GET"]}}],"collection":[{"href":"https:\/\/equitherapie-bourgogne.fr\/index.php\/wp-json\/wp\/v2\/pages"}],"about":[{"href":"https:\/\/equitherapie-bourgogne.fr\/index.php\/wp-json\/wp\/v2\/types\/page"}],"author":[{"embeddable":true,"href":"https:\/\/equitherapie-bourgogne.fr\/index.php\/wp-json\/wp\/v2\/users\/1"}],"replies":[{"embeddable":true,"href":"https:\/\/equitherapie-bourgogne.fr\/index.php\/wp-json\/wp\/v2\/comments?post=102"}],"version-history":[{"count":9,"href":"https:\/\/equitherapie-bourgogne.fr\/index.php\/wp-json\/wp\/v2\/pages\/102\/revisions"}],"predecessor-version":[{"id":444,"href":"https:\/\/equitherapie-bourgogne.fr\/index.php\/wp-json\/wp\/v2\/pages\/102\/revisions\/444"}],"up":[{"embeddable":true,"href":"https:\/\/equitherapie-bourgogne.fr\/index.php\/wp-json\/wp\/v2\/pages\/10"}],"wp:featuredmedia":[{"embeddable":true,"href":"https:\/\/equitherapie-bourgogne.fr\/index.php\/wp-json\/wp\/v2\/media\/442"}],"wp:attachment":[{"href":"https:\/\/equitherapie-bourgogne.fr\/index.php\/wp-json\/wp\/v2\/media?parent=102"}],"curies":[{"name":"wp","href":"https:\/\/api.w.org\/{rel}","templated":true}]}}