{"id":10,"date":"2016-09-30T15:08:10","date_gmt":"2016-09-30T13:08:10","guid":{"rendered":"http:\/\/equitherapie-bourgogne.fr\/?page_id=10"},"modified":"2018-04-12T15:37:38","modified_gmt":"2018-04-12T13:37:38","slug":"activites","status":"publish","type":"page","link":"https:\/\/equitherapie-bourgogne.fr\/index.php\/activites\/","title":{"rendered":"Autres activit\u00e9s autour du cheval"},"content":{"rendered":"<div id=\"pl-10\"  class=\"panel-layout\" ><div id=\"pg-10-0\"  class=\"panel-grid panel-no-style\" ><div id=\"pgc-10-0-0\"  class=\"panel-grid-cell\" ><div id=\"panel-10-0-0-0\" class=\"so-panel widget widget_sow-editor panel-first-child panel-last-child\" data-index=\"0\" ><div\n\t\t\t\n\t\t\tclass=\"so-widget-sow-editor so-widget-sow-editor-base\"\n\t\t\t\n\t\t>\n<div class=\"siteorigin-widget-tinymce textwidget\">\n\t<h3>Activit\u00e9s artistiques autour du cheval<\/h3>\n<p><span style=\"text-decoration: underline;\">Intervenants artistiques<br \/><\/span><\/p>\n<p>Le centre \u00ab A cheval sur soi \u00bb est \u00e9galement un lieu ouvert au travail autour de diff\u00e9rentes formes d'art, notamment le chant et le th\u00e9\u00e2tre, toujours alli\u00e9s aux chevaux. Ainsi, ces outils peuvent \u00eatre m\u00eal\u00e9s \u00e0 notre travail quotidien et ouvrir d'autres portes aux personnes suivies.<\/p>\n<\/div>\n<\/div><\/div><\/div><\/div><div id=\"pg-10-1\"  class=\"panel-grid panel-no-style\" ><div id=\"pgc-10-1-0\"  class=\"panel-grid-cell\" ><div id=\"panel-10-1-0-0\" class=\"so-panel widget widget_sow-editor panel-first-child panel-last-child\" data-index=\"1\" ><div class=\"panel-widget-style panel-widget-style-for-10-1-0-0\" ><div\n\t\t\t\n\t\t\tclass=\"so-widget-sow-editor so-widget-sow-editor-base\"\n\t\t\t\n\t\t>\n<div class=\"siteorigin-widget-tinymce textwidget\">\n\t<h6 style=\"text-align: center;\"><a href=\"http:\/\/equitherapie-bourgogne.fr\/index.php\/tiralarc-theatre-chant\/tir-a-larc-a-cheval\/\"><img loading=\"lazy\" decoding=\"async\" class=\"aligncenter wp-image-317 size-thumbnail\" src=\"http:\/\/equitherapie-bourgogne.fr\/wp-content\/uploads\/2017\/05\/Tir-\u00e0-larc-6-150x150.jpg\" alt=\"Tir \u00e0 l'arc (6)\" width=\"150\" height=\"150\" data-id=\"317\" \/>Le Tir \u00e0 l'Arc \u00e0 cheval<\/a><\/h6>\n<\/div>\n<\/div><\/div><\/div><\/div><div id=\"pgc-10-1-1\"  class=\"panel-grid-cell\" ><div id=\"panel-10-1-1-0\" class=\"so-panel widget widget_sow-editor panel-first-child panel-last-child\" data-index=\"2\" ><div class=\"panel-widget-style panel-widget-style-for-10-1-1-0\" ><div\n\t\t\t\n\t\t\tclass=\"so-widget-sow-editor so-widget-sow-editor-base\"\n\t\t\t\n\t\t>\n<div class=\"siteorigin-widget-tinymce textwidget\">\n\t<h6 style=\"text-align: center;\"><a href=\"http:\/\/equitherapie-bourgogne.fr\/index.php\/tiralarc-theatre-chant\/le-theatre-equestre\/\"><img loading=\"lazy\" decoding=\"async\" class=\"aligncenter wp-image-352 size-thumbnail\" src=\"http:\/\/equitherapie-bourgogne.fr\/wp-content\/uploads\/2016\/11\/Th\u00e9\u00e2tre-\u00e9questre-2--150x150.jpg\" alt=\"Activit\u00e9s de th\u00e9\u00e2tre \u00e9questre\" width=\"150\" height=\"150\" data-id=\"352\" \/><\/a><\/h6>\n<h6 style=\"text-align: center;\"><a href=\"http:\/\/equitherapie-bourgogne.fr\/index.php\/tiralarc-theatre-chant\/le-theatre-equestre\/\">Le Th\u00e9\u00e2tre Equestre<\/a><\/h6>\n<\/div>\n<\/div><\/div><\/div><\/div><div id=\"pgc-10-1-2\"  class=\"panel-grid-cell\" ><div id=\"panel-10-1-2-0\" class=\"so-panel widget widget_sow-editor panel-first-child panel-last-child\" data-index=\"3\" ><div class=\"panel-widget-style panel-widget-style-for-10-1-2-0\" ><div\n\t\t\t\n\t\t\tclass=\"so-widget-sow-editor so-widget-sow-editor-base\"\n\t\t\t\n\t\t>\n<div class=\"siteorigin-widget-tinymce textwidget\">\n\t<h6 style=\"text-align: center;\"><a href=\"http:\/\/equitherapie-bourgogne.fr\/index.php\/activites\/chant\/\"><img loading=\"lazy\" decoding=\"async\" class=\"aligncenter wp-image-184 size-thumbnail\" src=\"http:\/\/equitherapie-bourgogne.fr\/wp-content\/uploads\/2016\/11\/Chant-equitation-2-150x150.jpg\" alt=\"Cheval et chant\" width=\"150\" height=\"150\" data-id=\"184\" \/><\/a><a href=\"http:\/\/equitherapie-bourgogne.fr\/index.php\/activites\/chant\/\">Cheval et chant<\/a><\/h6>\n<\/div>\n<\/div><\/div><\/div><\/div><\/div><\/div>","protected":false},"excerpt":{"rendered":"<p>Activit\u00e9s artistiques autour du chevalIntervenants artistiquesLe centre \u00ab A cheval sur soi \u00bb est \u00e9galement un lieu ouvert au travail autour de diff\u00e9rentes formes d&rsquo;art, notamment le chant et le th\u00e9\u00e2tre, toujours alli\u00e9s aux chevaux. Ainsi, ces outils peuvent \u00eatre&#8230;<br \/><a class=\"read-more-button\" href=\"https:\/\/equitherapie-bourgogne.fr\/index.php\/activites\/\">Savoir plus<\/a><\/p>\n","protected":false},"author":1,"featured_media":0,"parent":0,"menu_order":40,"comment_status":"closed","ping_status":"closed","template":"template-full-width.php","meta":{"footnotes":""},"class_list":["post-10","page","type-page","status-publish","hentry"],"yoast_head":"<!-- This site is optimized with the Yoast SEO plugin v24.7 - https:\/\/yoast.com\/wordpress\/plugins\/seo\/ -->\n<title>Autres activit\u00e9s autour du cheval - A Cheval sur Soi<\/title>\n<meta name=\"description\" content=\"A cheval sur Soi propose des activit\u00e9s artistiques compl\u00e9mentaires \u00e0 l&#039;\u00e9quitation : tir \u00e0 l&#039;arc \u00e0 cheval, th\u00e9\u00e2tre \u00e9questre, chant\" \/>\n<meta name=\"robots\" content=\"index, follow, max-snippet:-1, max-image-preview:large, max-video-preview:-1\" \/>\n<link rel=\"canonical\" href=\"https:\/\/equitherapie-bourgogne.fr\/index.php\/activites\/\" \/>\n<meta property=\"og:locale\" content=\"fr_FR\" \/>\n<meta property=\"og:type\" content=\"article\" \/>\n<meta property=\"og:title\" content=\"Autres activit\u00e9s autour du cheval - A Cheval sur Soi\" \/>\n<meta property=\"og:description\" content=\"A cheval sur Soi propose des activit\u00e9s artistiques compl\u00e9mentaires \u00e0 l&#039;\u00e9quitation : tir \u00e0 l&#039;arc \u00e0 cheval, th\u00e9\u00e2tre \u00e9questre, chant\" \/>\n<meta property=\"og:url\" content=\"https:\/\/equitherapie-bourgogne.fr\/index.php\/activites\/\" \/>\n<meta property=\"og:site_name\" content=\"A Cheval sur Soi\" \/>\n<meta property=\"article:modified_time\" content=\"2018-04-12T13:37:38+00:00\" \/>\n<meta property=\"og:image\" content=\"http:\/\/equitherapie-bourgogne.fr\/wp-content\/uploads\/2016\/11\/Chant-equitation-2-150x150.jpg\" \/>\n<meta name=\"twitter:card\" content=\"summary_large_image\" \/>\n<script type=\"application\/ld+json\" class=\"yoast-schema-graph\">{\"@context\":\"https:\/\/schema.org\",\"@graph\":[{\"@type\":\"WebPage\",\"@id\":\"https:\/\/equitherapie-bourgogne.fr\/index.php\/activites\/\",\"url\":\"https:\/\/equitherapie-bourgogne.fr\/index.php\/activites\/\",\"name\":\"Autres activit\u00e9s autour du cheval - A Cheval sur Soi\",\"isPartOf\":{\"@id\":\"https:\/\/equitherapie-bourgogne.fr\/#website\"},\"primaryImageOfPage\":{\"@id\":\"https:\/\/equitherapie-bourgogne.fr\/index.php\/activites\/#primaryimage\"},\"image\":{\"@id\":\"https:\/\/equitherapie-bourgogne.fr\/index.php\/activites\/#primaryimage\"},\"thumbnailUrl\":\"http:\/\/equitherapie-bourgogne.fr\/wp-content\/uploads\/2016\/11\/Chant-equitation-2-150x150.jpg\",\"datePublished\":\"2016-09-30T13:08:10+00:00\",\"dateModified\":\"2018-04-12T13:37:38+00:00\",\"description\":\"A cheval sur Soi propose des activit\u00e9s artistiques compl\u00e9mentaires \u00e0 l'\u00e9quitation : tir \u00e0 l'arc \u00e0 cheval, th\u00e9\u00e2tre \u00e9questre, chant\",\"breadcrumb\":{\"@id\":\"https:\/\/equitherapie-bourgogne.fr\/index.php\/activites\/#breadcrumb\"},\"inLanguage\":\"fr-FR\",\"potentialAction\":[{\"@type\":\"ReadAction\",\"target\":[\"https:\/\/equitherapie-bourgogne.fr\/index.php\/activites\/\"]}]},{\"@type\":\"ImageObject\",\"inLanguage\":\"fr-FR\",\"@id\":\"https:\/\/equitherapie-bourgogne.fr\/index.php\/activites\/#primaryimage\",\"url\":\"http:\/\/equitherapie-bourgogne.fr\/wp-content\/uploads\/2016\/11\/Chant-equitation-2-150x150.jpg\",\"contentUrl\":\"http:\/\/equitherapie-bourgogne.fr\/wp-content\/uploads\/2016\/11\/Chant-equitation-2-150x150.jpg\"},{\"@type\":\"BreadcrumbList\",\"@id\":\"https:\/\/equitherapie-bourgogne.fr\/index.php\/activites\/#breadcrumb\",\"itemListElement\":[{\"@type\":\"ListItem\",\"position\":1,\"name\":\"Accueil\",\"item\":\"https:\/\/equitherapie-bourgogne.fr\/\"},{\"@type\":\"ListItem\",\"position\":2,\"name\":\"Autres activit\u00e9s autour du cheval\"}]},{\"@type\":\"WebSite\",\"@id\":\"https:\/\/equitherapie-bourgogne.fr\/#website\",\"url\":\"https:\/\/equitherapie-bourgogne.fr\/\",\"name\":\"A Cheval sur Soi\",\"description\":\"CENTRE \u00c9QUESTRE TRANSDISCIPLINAIRE\",\"potentialAction\":[{\"@type\":\"SearchAction\",\"target\":{\"@type\":\"EntryPoint\",\"urlTemplate\":\"https:\/\/equitherapie-bourgogne.fr\/?s={search_term_string}\"},\"query-input\":{\"@type\":\"PropertyValueSpecification\",\"valueRequired\":true,\"valueName\":\"search_term_string\"}}],\"inLanguage\":\"fr-FR\"}]}<\/script>\n<!-- \/ Yoast SEO plugin. -->","yoast_head_json":{"title":"Autres activit\u00e9s autour du cheval - A Cheval sur Soi","description":"A cheval sur Soi propose des activit\u00e9s artistiques compl\u00e9mentaires \u00e0 l'\u00e9quitation : tir \u00e0 l'arc \u00e0 cheval, th\u00e9\u00e2tre \u00e9questre, chant","robots":{"index":"index","follow":"follow","max-snippet":"max-snippet:-1","max-image-preview":"max-image-preview:large","max-video-preview":"max-video-preview:-1"},"canonical":"https:\/\/equitherapie-bourgogne.fr\/index.php\/activites\/","og_locale":"fr_FR","og_type":"article","og_title":"Autres activit\u00e9s autour du cheval - A Cheval sur Soi","og_description":"A cheval sur Soi propose des activit\u00e9s artistiques compl\u00e9mentaires \u00e0 l'\u00e9quitation : tir \u00e0 l'arc \u00e0 cheval, th\u00e9\u00e2tre \u00e9questre, chant","og_url":"https:\/\/equitherapie-bourgogne.fr\/index.php\/activites\/","og_site_name":"A Cheval sur Soi","article_modified_time":"2018-04-12T13:37:38+00:00","og_image":[{"url":"http:\/\/equitherapie-bourgogne.fr\/wp-content\/uploads\/2016\/11\/Chant-equitation-2-150x150.jpg","type":"","width":"","height":""}],"twitter_card":"summary_large_image","schema":{"@context":"https:\/\/schema.org","@graph":[{"@type":"WebPage","@id":"https:\/\/equitherapie-bourgogne.fr\/index.php\/activites\/","url":"https:\/\/equitherapie-bourgogne.fr\/index.php\/activites\/","name":"Autres activit\u00e9s autour du cheval - A Cheval sur Soi","isPartOf":{"@id":"https:\/\/equitherapie-bourgogne.fr\/#website"},"primaryImageOfPage":{"@id":"https:\/\/equitherapie-bourgogne.fr\/index.php\/activites\/#primaryimage"},"image":{"@id":"https:\/\/equitherapie-bourgogne.fr\/index.php\/activites\/#primaryimage"},"thumbnailUrl":"http:\/\/equitherapie-bourgogne.fr\/wp-content\/uploads\/2016\/11\/Chant-equitation-2-150x150.jpg","datePublished":"2016-09-30T13:08:10+00:00","dateModified":"2018-04-12T13:37:38+00:00","description":"A cheval sur Soi propose des activit\u00e9s artistiques compl\u00e9mentaires \u00e0 l'\u00e9quitation : tir \u00e0 l'arc \u00e0 cheval, th\u00e9\u00e2tre \u00e9questre, chant","breadcrumb":{"@id":"https:\/\/equitherapie-bourgogne.fr\/index.php\/activites\/#breadcrumb"},"inLanguage":"fr-FR","potentialAction":[{"@type":"ReadAction","target":["https:\/\/equitherapie-bourgogne.fr\/index.php\/activites\/"]}]},{"@type":"ImageObject","inLanguage":"fr-FR","@id":"https:\/\/equitherapie-bourgogne.fr\/index.php\/activites\/#primaryimage","url":"http:\/\/equitherapie-bourgogne.fr\/wp-content\/uploads\/2016\/11\/Chant-equitation-2-150x150.jpg","contentUrl":"http:\/\/equitherapie-bourgogne.fr\/wp-content\/uploads\/2016\/11\/Chant-equitation-2-150x150.jpg"},{"@type":"BreadcrumbList","@id":"https:\/\/equitherapie-bourgogne.fr\/index.php\/activites\/#breadcrumb","itemListElement":[{"@type":"ListItem","position":1,"name":"Accueil","item":"https:\/\/equitherapie-bourgogne.fr\/"},{"@type":"ListItem","position":2,"name":"Autres activit\u00e9s autour du cheval"}]},{"@type":"WebSite","@id":"https:\/\/equitherapie-bourgogne.fr\/#website","url":"https:\/\/equitherapie-bourgogne.fr\/","name":"A Cheval sur Soi","description":"CENTRE \u00c9QUESTRE TRANSDISCIPLINAIRE","potentialAction":[{"@type":"SearchAction","target":{"@type":"EntryPoint","urlTemplate":"https:\/\/equitherapie-bourgogne.fr\/?s={search_term_string}"},"query-input":{"@type":"PropertyValueSpecification","valueRequired":true,"valueName":"search_term_string"}}],"inLanguage":"fr-FR"}]}},"_links":{"self":[{"href":"https:\/\/equitherapie-bourgogne.fr\/index.php\/wp-json\/wp\/v2\/pages\/10","targetHints":{"allow":["GET"]}}],"collection":[{"href":"https:\/\/equitherapie-bourgogne.fr\/index.php\/wp-json\/wp\/v2\/pages"}],"about":[{"href":"https:\/\/equitherapie-bourgogne.fr\/index.php\/wp-json\/wp\/v2\/types\/page"}],"author":[{"embeddable":true,"href":"https:\/\/equitherapie-bourgogne.fr\/index.php\/wp-json\/wp\/v2\/users\/1"}],"replies":[{"embeddable":true,"href":"https:\/\/equitherapie-bourgogne.fr\/index.php\/wp-json\/wp\/v2\/comments?post=10"}],"version-history":[{"count":12,"href":"https:\/\/equitherapie-bourgogne.fr\/index.php\/wp-json\/wp\/v2\/pages\/10\/revisions"}],"predecessor-version":[{"id":762,"href":"https:\/\/equitherapie-bourgogne.fr\/index.php\/wp-json\/wp\/v2\/pages\/10\/revisions\/762"}],"wp:attachment":[{"href":"https:\/\/equitherapie-bourgogne.fr\/index.php\/wp-json\/wp\/v2\/media?parent=10"}],"curies":[{"name":"wp","href":"https:\/\/api.w.org\/{rel}","templated":true}]}}